
{"id":1376,"date":"2023-09-17T16:28:41","date_gmt":"2023-09-17T14:28:41","guid":{"rendered":"https:\/\/audioacademyeu.eu\/pl\/?post_type=product&#038;p=1376"},"modified":"2025-06-17T20:12:21","modified_gmt":"2025-06-17T18:12:21","slug":"pack-niemiecki-maxi","status":"publish","type":"product","link":"https:\/\/audioacademyeu.eu\/pl\/item\/pack-niemiecki-maxi\/","title":{"rendered":"Pack &#8211; Niemiecki maxi"},"content":{"rendered":"<ul>\n<li>Kurs Niemiecki dla pocz\u0105tkuj\u0105cych A1-A2 przeznaczony jest dla os\u00f3b ca\u0142kowicie i fa\u0142szywie pocz\u0105tkuj\u0105cych, wi\u0119c je\u015bli uczysz si\u0119 niemieckiego od jakiego\u015b czasu i chcesz podszlifowa\u0107 podstawy, to jest to kurs dla Ciebie.<\/li>\n<li>Kurs Niemiecki dla \u015brednio zaawansowanych B1 &#8211; cz\u0119\u015b\u0107 01 przeznaczony jest dla os\u00f3b \u015brednio zaawansowanych i zaawansowanych, wi\u0119c aby w pe\u0142ni wykorzysta\u0107 jego mo\u017cliwo\u015bci powiniene\u015b mie\u0107 za sob\u0105 rok lub dwa lata nauki j\u0119zyka niemieckiego i opanowane podstawy.<\/li>\n<li>Kurs Niemiecki dla \u015brednio zaawansowanych B1 &#8211; cz\u0119\u015b\u0107 02 przeznaczony jest dla os\u00f3b \u015brednio zaawansowanych i zaawansowanych, wi\u0119c aby w pe\u0142ni wykorzysta\u0107 jego mo\u017cliwo\u015bci powiniene\u015b mie\u0107 za sob\u0105 rok lub dwa lata nauki j\u0119zyka niemieckiego i opanowane podstawy.<\/li>\n<li>Kurs Niemiecki dla zaawansowanych B2 przeznaczony jest dla os\u00f3b zaawansowanych, wi\u0119c aby w pe\u0142ni wykorzysta\u0107 jego mo\u017cliwo\u015bci powiniene\u015b mie\u0107 za sob\u0105 dwa lub trzy lata nauki j\u0119zyka niemieckiego i opanowane podstawy.<\/li>\n<\/ul>\n","protected":false},"excerpt":{"rendered":"<p>Pack &#8211; Niemiecki maxi &#8211; s\u0142\u00f3wka dla pocz\u0105tkuj\u0105cych A1, A2, Niemiecki dla \u015brednio zaawansowanych B1 &#8211; cz\u0119\u015b\u0107 01, 02, Niemiecki dla zaawansowanych B2<\/p>\n","protected":false},"featured_media":1763,"comment_status":"open","ping_status":"closed","template":"","meta":{"_acf_changed":true,"inline_featured_image":false,"_sitemap_exclude":false,"_sitemap_priority":"","_sitemap_frequency":""},"product_brand":[],"product_cat":[109,65],"product_tag":[],"class_list":{"0":"post-1376","1":"product","2":"type-product","3":"status-publish","4":"has-post-thumbnail","6":"product_cat-niemiecki-korzystny-pakiet","7":"product_cat-korzystny-pakiet","9":"first","10":"instock","11":"downloadable","12":"virtual","13":"purchasable","14":"product-type-simple"},"acf":[],"_links":{"self":[{"href":"https:\/\/audioacademyeu.eu\/pl\/wp-json\/wp\/v2\/product\/1376","targetHints":{"allow":["GET"]}}],"collection":[{"href":"https:\/\/audioacademyeu.eu\/pl\/wp-json\/wp\/v2\/product"}],"about":[{"href":"https:\/\/audioacademyeu.eu\/pl\/wp-json\/wp\/v2\/types\/product"}],"replies":[{"embeddable":true,"href":"https:\/\/audioacademyeu.eu\/pl\/wp-json\/wp\/v2\/comments?post=1376"}],"wp:featuredmedia":[{"embeddable":true,"href":"https:\/\/audioacademyeu.eu\/pl\/wp-json\/wp\/v2\/media\/1763"}],"wp:attachment":[{"href":"https:\/\/audioacademyeu.eu\/pl\/wp-json\/wp\/v2\/media?parent=1376"}],"wp:term":[{"taxonomy":"product_brand","embeddable":true,"href":"https:\/\/audioacademyeu.eu\/pl\/wp-json\/wp\/v2\/product_brand?post=1376"},{"taxonomy":"product_cat","embeddable":true,"href":"https:\/\/audioacademyeu.eu\/pl\/wp-json\/wp\/v2\/product_cat?post=1376"},{"taxonomy":"product_tag","embeddable":true,"href":"https:\/\/audioacademyeu.eu\/pl\/wp-json\/wp\/v2\/product_tag?post=1376"}],"curies":[{"name":"wp","href":"https:\/\/api.w.org\/{rel}","templated":true}]}}