
{"id":1375,"date":"2023-09-17T16:23:16","date_gmt":"2023-09-17T14:23:16","guid":{"rendered":"https:\/\/audioacademyeu.eu\/pl\/?post_type=product&#038;p=1375"},"modified":"2025-06-17T20:12:45","modified_gmt":"2025-06-17T18:12:45","slug":"pack-gramatyka-niemiecka","status":"publish","type":"product","link":"https:\/\/audioacademyeu.eu\/pl\/item\/pack-gramatyka-niemiecka\/","title":{"rendered":"Pack &#8211; Gramatyka niemiecka"},"content":{"rendered":"<p>Masz przed sob\u0105 kurs audio Gramatyka niemiecka A1, A2. W kursie tym, kt\u00f3ry jest przeznaczony dla pocz\u0105tkuj\u0105cych i lekko zaawansowanych, zaznajomisz si\u0119 z tematami przekrojowymi, dzi\u0119ki kt\u00f3rym pr\u0119dko powiniene\u015b porozumiewa\u0107 si\u0119 nawet z niewielkim zasobem s\u0142ownictwa oraz stworzysz podstawy do dalszego rozwoju zdolno\u015bci komunikacyjnych w j\u0119zyku niemieckim.<\/p>\n<p>Masz przed sob\u0105 kurs audio Gramatyka niemiecka B1. W kursie tym, kt\u00f3ry jest przeznaczony dla lekko i \u015brednio zaawansowanych, powt\u00f3rzysz i poszerzysz wiedz\u0119 z zakresu stosowania czasu, trudniejszych przyimk\u00f3w, zaimk\u00f3w, trybu przypuszczaj\u0105cego, bezokolicznika i innych temat\u00f3w.<\/p>\n<p>Masz przed sob\u0105 kurs audio Gramatyka niemiecka B2\/C1. W kursie tym, kt\u00f3ry jest przeznaczony dla \u015brednio zaawansowanych i zaawansowanych, powt\u00f3rzysz i poszerzysz wiedz\u0119 z zakresu stosowania czasu, zda\u0144 i w szczeg\u00f3lno\u015bci zwroty czasownikowe i przyimkowe, kt\u00f3re powiniene\u015b mie\u0107 opanowane na poziomie B1.<\/p>\n","protected":false},"excerpt":{"rendered":"<p>Pack &#8211; Gramatyka niemiecka &#8211; Gramatyka niemiecka A1,A2, Gramatyka niemiecka B1, Gramatyka niemiecka B2\/C1<\/p>\n","protected":false},"featured_media":1365,"comment_status":"open","ping_status":"closed","template":"","meta":{"_acf_changed":true,"inline_featured_image":false,"_sitemap_exclude":false,"_sitemap_priority":"","_sitemap_frequency":""},"product_brand":[],"product_cat":[109,65],"product_tag":[],"class_list":{"0":"post-1375","1":"product","2":"type-product","3":"status-publish","4":"has-post-thumbnail","6":"product_cat-niemiecki-korzystny-pakiet","7":"product_cat-korzystny-pakiet","9":"first","10":"instock","11":"downloadable","12":"virtual","13":"purchasable","14":"product-type-simple"},"acf":[],"_links":{"self":[{"href":"https:\/\/audioacademyeu.eu\/pl\/wp-json\/wp\/v2\/product\/1375","targetHints":{"allow":["GET"]}}],"collection":[{"href":"https:\/\/audioacademyeu.eu\/pl\/wp-json\/wp\/v2\/product"}],"about":[{"href":"https:\/\/audioacademyeu.eu\/pl\/wp-json\/wp\/v2\/types\/product"}],"replies":[{"embeddable":true,"href":"https:\/\/audioacademyeu.eu\/pl\/wp-json\/wp\/v2\/comments?post=1375"}],"wp:featuredmedia":[{"embeddable":true,"href":"https:\/\/audioacademyeu.eu\/pl\/wp-json\/wp\/v2\/media\/1365"}],"wp:attachment":[{"href":"https:\/\/audioacademyeu.eu\/pl\/wp-json\/wp\/v2\/media?parent=1375"}],"wp:term":[{"taxonomy":"product_brand","embeddable":true,"href":"https:\/\/audioacademyeu.eu\/pl\/wp-json\/wp\/v2\/product_brand?post=1375"},{"taxonomy":"product_cat","embeddable":true,"href":"https:\/\/audioacademyeu.eu\/pl\/wp-json\/wp\/v2\/product_cat?post=1375"},{"taxonomy":"product_tag","embeddable":true,"href":"https:\/\/audioacademyeu.eu\/pl\/wp-json\/wp\/v2\/product_tag?post=1375"}],"curies":[{"name":"wp","href":"https:\/\/api.w.org\/{rel}","templated":true}]}}