
{"id":1372,"date":"2023-09-17T16:15:27","date_gmt":"2023-09-17T14:15:27","guid":{"rendered":"https:\/\/audioacademyeu.eu\/pl\/?post_type=product&#038;p=1372"},"modified":"2025-06-17T20:13:07","modified_gmt":"2025-06-17T18:13:07","slug":"pack-niemiecki-dla-srednio-zaawansowanych","status":"publish","type":"product","link":"https:\/\/audioacademyeu.eu\/pl\/item\/pack-niemiecki-dla-srednio-zaawansowanych\/","title":{"rendered":"Pack &#8211; Niemiecki dla \u015brednio zaawansowanych"},"content":{"rendered":"<p>Kurs audio Niemiecki \u2013 s\u0142\u00f3wka dla \u015brednio zaawansowanych B1 zawiera w sumie 3200 s\u0142\u00f3wek i \u0107wicze\u0144 sprawdzaj\u0105cych na poziomie B1. Zawarto\u015b\u0107 kursu jest dostosowana do osoby, kt\u00f3ra opanowa\u0142a niemiecki na poziomie A2 \u2013 zak\u0142adamy, \u017ce absolwowa\u0142e\u015b 1-2 lata niemieckiego i potrafisz si\u0119 porozumie\u0107 na poziomie podstawowym.<\/p>\n<p>Masz przed sob\u0105 kurs audio Gramatyka niemiecka B1. W kursie tym, kt\u00f3ry jest przeznaczony dla lekko i \u015brednio zaawansowanych, powt\u00f3rzysz i poszerzysz wiedz\u0119 z zakresu stosowania czasu, trudniejszych przyimk\u00f3w, zaimk\u00f3w, trybu przypuszczaj\u0105cego, bezokolicznika i innych temat\u00f3w.<\/p>\n<p>Niniejszy kurs przeznaczony jest dla lekko lub \u015brednio zaawansowanych (poziom A2 &#8211; B1)<\/p>\n","protected":false},"excerpt":{"rendered":"<p>Pack &#8211; Niemiecki dla \u015brednio zaawansowanych &#8211; Niemiecki \u2013 s\u0142\u00f3wka dla \u015brednio zaawansowanych B1, Gramatyka niemiecka B1, Niemiecki techniczny<\/p>\n","protected":false},"featured_media":1418,"comment_status":"open","ping_status":"closed","template":"","meta":{"_acf_changed":true,"inline_featured_image":false,"_sitemap_exclude":false,"_sitemap_priority":"","_sitemap_frequency":""},"product_brand":[],"product_cat":[109,65],"product_tag":[],"class_list":{"0":"post-1372","1":"product","2":"type-product","3":"status-publish","4":"has-post-thumbnail","6":"product_cat-niemiecki-korzystny-pakiet","7":"product_cat-korzystny-pakiet","9":"first","10":"outofstock","11":"downloadable","12":"virtual","13":"purchasable","14":"product-type-simple"},"acf":[],"_links":{"self":[{"href":"https:\/\/audioacademyeu.eu\/pl\/wp-json\/wp\/v2\/product\/1372","targetHints":{"allow":["GET"]}}],"collection":[{"href":"https:\/\/audioacademyeu.eu\/pl\/wp-json\/wp\/v2\/product"}],"about":[{"href":"https:\/\/audioacademyeu.eu\/pl\/wp-json\/wp\/v2\/types\/product"}],"replies":[{"embeddable":true,"href":"https:\/\/audioacademyeu.eu\/pl\/wp-json\/wp\/v2\/comments?post=1372"}],"wp:featuredmedia":[{"embeddable":true,"href":"https:\/\/audioacademyeu.eu\/pl\/wp-json\/wp\/v2\/media\/1418"}],"wp:attachment":[{"href":"https:\/\/audioacademyeu.eu\/pl\/wp-json\/wp\/v2\/media?parent=1372"}],"wp:term":[{"taxonomy":"product_brand","embeddable":true,"href":"https:\/\/audioacademyeu.eu\/pl\/wp-json\/wp\/v2\/product_brand?post=1372"},{"taxonomy":"product_cat","embeddable":true,"href":"https:\/\/audioacademyeu.eu\/pl\/wp-json\/wp\/v2\/product_cat?post=1372"},{"taxonomy":"product_tag","embeddable":true,"href":"https:\/\/audioacademyeu.eu\/pl\/wp-json\/wp\/v2\/product_tag?post=1372"}],"curies":[{"name":"wp","href":"https:\/\/api.w.org\/{rel}","templated":true}]}}