
{"id":1355,"date":"2023-09-15T12:31:36","date_gmt":"2023-09-15T10:31:36","guid":{"rendered":"https:\/\/audioacademyeu.eu\/pl\/?post_type=product&#038;p=1355"},"modified":"2025-06-17T20:16:34","modified_gmt":"2025-06-17T18:16:34","slug":"pack-angielski-dla-poczatkujacych","status":"publish","type":"product","link":"https:\/\/audioacademyeu.eu\/pl\/item\/pack-angielski-dla-poczatkujacych\/","title":{"rendered":"Pack &#8211; Angielski dla pocz\u0105tkuj\u0105cych"},"content":{"rendered":"<ul>\n<li>Masz przed sob\u0105 kurs audio S\u0142\u00f3wka angielskie A1, A2. Kurs jest przeznaczony dla ca\u0142kowicie i tzw. fa\u0142szywych pocz\u0105tkuj\u0105cych, wi\u0119c je\u017celi uczy\u0142e\u015b si\u0119 kiedy\u015b angielskiego i chcia\u0142by\u015b powt\u00f3rzy\u0107 podstawy, kurs jest przeznaczony w\u0142a\u015bnie dla Ciebie.<\/li>\n<li>Masz przed sob\u0105 kurs Gramatyka angielska na poziomie A1, A2 dla pocz\u0105tkuj\u0105cych i lekko zaawansowanych. Zawarto\u015b\u0107 kursu jest dostosowana do osoby, kt\u00f3ra nigdy nie uczy\u0142a si\u0119 angielskiego lub takiej, kt\u00f3ra opanowa\u0142a minimum.<\/li>\n<li>Kurs Angielski na urlopie przeznaczony jest dla os\u00f3b pocz\u0105tkuj\u0105cych i do \u015brednio zaawansowanych i skupia si\u0119 na s\u0142ownictwie, kt\u00f3re mo\u017cesz wykorzysta\u0107 podczas urlopu.<\/li>\n<\/ul>\n","protected":false},"excerpt":{"rendered":"<p>Pack &#8211; Angielski dla pocz\u0105tkuj\u0105cych &#8211; S\u0142\u00f3wka angielskie A1, A2, Gramatyka angielska na poziomie A1, A2 , Angielski na urlopie<\/p>\n","protected":false},"featured_media":1359,"comment_status":"open","ping_status":"closed","template":"","meta":{"_acf_changed":true,"inline_featured_image":false,"_sitemap_exclude":false,"_sitemap_priority":"","_sitemap_frequency":""},"product_brand":[],"product_cat":[106,65],"product_tag":[],"class_list":{"0":"post-1355","1":"product","2":"type-product","3":"status-publish","4":"has-post-thumbnail","6":"product_cat-angielski-korzystny-pakiet","7":"product_cat-korzystny-pakiet","9":"first","10":"outofstock","11":"downloadable","12":"virtual","13":"purchasable","14":"product-type-simple"},"acf":[],"_links":{"self":[{"href":"https:\/\/audioacademyeu.eu\/pl\/wp-json\/wp\/v2\/product\/1355","targetHints":{"allow":["GET"]}}],"collection":[{"href":"https:\/\/audioacademyeu.eu\/pl\/wp-json\/wp\/v2\/product"}],"about":[{"href":"https:\/\/audioacademyeu.eu\/pl\/wp-json\/wp\/v2\/types\/product"}],"replies":[{"embeddable":true,"href":"https:\/\/audioacademyeu.eu\/pl\/wp-json\/wp\/v2\/comments?post=1355"}],"wp:featuredmedia":[{"embeddable":true,"href":"https:\/\/audioacademyeu.eu\/pl\/wp-json\/wp\/v2\/media\/1359"}],"wp:attachment":[{"href":"https:\/\/audioacademyeu.eu\/pl\/wp-json\/wp\/v2\/media?parent=1355"}],"wp:term":[{"taxonomy":"product_brand","embeddable":true,"href":"https:\/\/audioacademyeu.eu\/pl\/wp-json\/wp\/v2\/product_brand?post=1355"},{"taxonomy":"product_cat","embeddable":true,"href":"https:\/\/audioacademyeu.eu\/pl\/wp-json\/wp\/v2\/product_cat?post=1355"},{"taxonomy":"product_tag","embeddable":true,"href":"https:\/\/audioacademyeu.eu\/pl\/wp-json\/wp\/v2\/product_tag?post=1355"}],"curies":[{"name":"wp","href":"https:\/\/api.w.org\/{rel}","templated":true}]}}