
{"id":1352,"date":"2023-09-15T11:54:06","date_gmt":"2023-09-15T09:54:06","guid":{"rendered":"https:\/\/audioacademyeu.eu\/pl\/?post_type=product&#038;p=1352"},"modified":"2025-06-17T20:17:47","modified_gmt":"2025-06-17T18:17:47","slug":"pack-hiszpanski-maxi","status":"publish","type":"product","link":"https:\/\/audioacademyeu.eu\/pl\/item\/pack-hiszpanski-maxi\/","title":{"rendered":"Pack &#8211; Hiszpa\u0144ski maxi"},"content":{"rendered":"<ul>\n<li>Kurs Hiszpa\u0144ski dla pocz\u0105tkuj\u0105cych A1-A2 przeznaczony jest dla os\u00f3b ca\u0142kowicie i fa\u0142szywie pocz\u0105tkuj\u0105cych, wi\u0119c je\u015bli uczysz si\u0119 hiszpa\u0144skiego od jakiego\u015b czasu i chcesz podszlifowa\u0107 podstawy, to jest to kurs dla Ciebie.<\/li>\n<li>Kurs Hiszpa\u0144ski \u00a0dla \u015brednio zaawansowanych B1 &#8211; cz\u0119\u015b\u0107 01 przeznaczony jest dla os\u00f3b \u015brednio zaawansowanych i zaawansowanych, wi\u0119c aby w pe\u0142ni wykorzysta\u0107 jego mo\u017cliwo\u015bci powiniene\u015b mie\u0107 za sob\u0105 rok lub dwa lata nauki j\u0119zyka hiszpa\u0144skiego i opanowane podstawy.<\/li>\n<li>Kurs Hiszpa\u0144ski dla \u015brednio zaawansowanych B1 &#8211; cz\u0119\u015b\u0107 02 przeznaczony jest dla os\u00f3b \u015brednio zaawansowanych i zaawansowanych, wi\u0119c aby w pe\u0142ni wykorzysta\u0107 jego mo\u017cliwo\u015bci powiniene\u015b mie\u0107 za sob\u0105 rok lub dwa lata nauki j\u0119zyka hiszpa\u0144skiego i opanowane podstawy.<\/li>\n<li>Kurs S\u0142ownictwo hiszpa\u0144skie &#8211; dla zaawansowanych B2 przeznaczony jest dla os\u00f3b zaawansowanych, wi\u0119c aby w pe\u0142ni wykorzysta\u0107 jego mo\u017cliwo\u015bci powiniene\u015b mie\u0107 za sob\u0105 dwa lub trzy lata nauki j\u0119zyka hiszpa\u0144skiego i opanowane podstawy.<\/li>\n<li>Kurs S\u0142ownictwo hiszpa\u0144skie B2\/C1 przeznaczony jest zaawansowanym u\u017cytkownikom. Za jego pomoc\u0105 poszerzysz sobie zaawansowany zas\u00f3b s\u0142\u00f3w i umocnisz lub poszerzysz sobie znajomo\u015b\u0107 bardziej z\u0142o\u017conych temat\u00f3w gramatycznych.<\/li>\n<\/ul>\n","protected":false},"excerpt":{"rendered":"<p>Pack &#8211; Hiszpa\u0144ski maxi &#8211; S\u0142ownictwo hiszpa\u0144skie A1, A2, B1 01, 02, B2, B2\/C1<\/p>\n","protected":false},"featured_media":1755,"comment_status":"open","ping_status":"closed","template":"","meta":{"_acf_changed":true,"inline_featured_image":false,"_sitemap_exclude":false,"_sitemap_priority":"","_sitemap_frequency":""},"product_brand":[],"product_cat":[102,65],"product_tag":[],"class_list":{"0":"post-1352","1":"product","2":"type-product","3":"status-publish","4":"has-post-thumbnail","6":"product_cat-hiszpanski-korzystny-pakiet","7":"product_cat-korzystny-pakiet","9":"first","10":"instock","11":"downloadable","12":"virtual","13":"purchasable","14":"product-type-simple"},"acf":[],"_links":{"self":[{"href":"https:\/\/audioacademyeu.eu\/pl\/wp-json\/wp\/v2\/product\/1352","targetHints":{"allow":["GET"]}}],"collection":[{"href":"https:\/\/audioacademyeu.eu\/pl\/wp-json\/wp\/v2\/product"}],"about":[{"href":"https:\/\/audioacademyeu.eu\/pl\/wp-json\/wp\/v2\/types\/product"}],"replies":[{"embeddable":true,"href":"https:\/\/audioacademyeu.eu\/pl\/wp-json\/wp\/v2\/comments?post=1352"}],"wp:featuredmedia":[{"embeddable":true,"href":"https:\/\/audioacademyeu.eu\/pl\/wp-json\/wp\/v2\/media\/1755"}],"wp:attachment":[{"href":"https:\/\/audioacademyeu.eu\/pl\/wp-json\/wp\/v2\/media?parent=1352"}],"wp:term":[{"taxonomy":"product_brand","embeddable":true,"href":"https:\/\/audioacademyeu.eu\/pl\/wp-json\/wp\/v2\/product_brand?post=1352"},{"taxonomy":"product_cat","embeddable":true,"href":"https:\/\/audioacademyeu.eu\/pl\/wp-json\/wp\/v2\/product_cat?post=1352"},{"taxonomy":"product_tag","embeddable":true,"href":"https:\/\/audioacademyeu.eu\/pl\/wp-json\/wp\/v2\/product_tag?post=1352"}],"curies":[{"name":"wp","href":"https:\/\/api.w.org\/{rel}","templated":true}]}}