
{"id":1351,"date":"2023-09-15T11:34:10","date_gmt":"2023-09-15T09:34:10","guid":{"rendered":"https:\/\/audioacademyeu.eu\/pl\/?post_type=product&#038;p=1351"},"modified":"2025-06-17T20:18:26","modified_gmt":"2025-06-17T18:18:26","slug":"pack-hiszpanski-dla-srednio-zaawansowanych","status":"publish","type":"product","link":"https:\/\/audioacademyeu.eu\/pl\/item\/pack-hiszpanski-dla-srednio-zaawansowanych\/","title":{"rendered":"Pack &#8211; Hiszpa\u0144ski dla \u015brednio zaawansowanych"},"content":{"rendered":"<ul>\n<li>Kurs Hiszpa\u0144ski \u00a0dla \u015brednio zaawansowanych B1 &#8211; cz\u0119\u015b\u0107 01 przeznaczony jest dla os\u00f3b \u015brednio zaawansowanych i zaawansowanych, wi\u0119c aby w pe\u0142ni wykorzysta\u0107 jego mo\u017cliwo\u015bci powiniene\u015b mie\u0107 za sob\u0105 rok lub dwa lata nauki j\u0119zyka hiszpa\u0144skiego i opanowane podstawy.<\/li>\n<li>Kurs Hiszpa\u0144ski dla \u015brednio zaawansowanych B1 &#8211; cz\u0119\u015b\u0107 02 przeznaczony jest dla os\u00f3b \u015brednio zaawansowanych i zaawansowanych, wi\u0119c aby w pe\u0142ni wykorzysta\u0107 jego mo\u017cliwo\u015bci powiniene\u015b mie\u0107 za sob\u0105 rok lub dwa lata nauki j\u0119zyka hiszpa\u0144skiego i opanowane podstawy.<\/li>\n<li>Kurs Hiszpa\u0144ski techniczny A1-B1 przeznaczony jest dla os\u00f3b pocz\u0105tkuj\u0105cych i \u015brednio zaawansowanych i skupia si\u0119 na s\u0142ownictwie, kt\u00f3re mo\u017cesz wykorzysta\u0107 w dziedzinie technicznej.<\/li>\n<\/ul>\n","protected":false},"excerpt":{"rendered":"<p>Pack &#8211; Hiszpa\u0144ski dla \u015brednio zaawansowanych &#8211; Hiszpa\u0144ski \u00a0dla \u015brednio zaawansowanych B1 &#8211; cz\u0119\u015b\u0107 01, 02, Hiszpa\u0144ski techniczny A1-B1<\/p>\n","protected":false},"featured_media":1757,"comment_status":"open","ping_status":"closed","template":"","meta":{"_acf_changed":true,"inline_featured_image":false,"_sitemap_exclude":false,"_sitemap_priority":"","_sitemap_frequency":""},"product_brand":[],"product_cat":[102,65],"product_tag":[],"class_list":{"0":"post-1351","1":"product","2":"type-product","3":"status-publish","4":"has-post-thumbnail","6":"product_cat-hiszpanski-korzystny-pakiet","7":"product_cat-korzystny-pakiet","9":"first","10":"instock","11":"downloadable","12":"virtual","13":"purchasable","14":"product-type-simple"},"acf":[],"_links":{"self":[{"href":"https:\/\/audioacademyeu.eu\/pl\/wp-json\/wp\/v2\/product\/1351","targetHints":{"allow":["GET"]}}],"collection":[{"href":"https:\/\/audioacademyeu.eu\/pl\/wp-json\/wp\/v2\/product"}],"about":[{"href":"https:\/\/audioacademyeu.eu\/pl\/wp-json\/wp\/v2\/types\/product"}],"replies":[{"embeddable":true,"href":"https:\/\/audioacademyeu.eu\/pl\/wp-json\/wp\/v2\/comments?post=1351"}],"wp:featuredmedia":[{"embeddable":true,"href":"https:\/\/audioacademyeu.eu\/pl\/wp-json\/wp\/v2\/media\/1757"}],"wp:attachment":[{"href":"https:\/\/audioacademyeu.eu\/pl\/wp-json\/wp\/v2\/media?parent=1351"}],"wp:term":[{"taxonomy":"product_brand","embeddable":true,"href":"https:\/\/audioacademyeu.eu\/pl\/wp-json\/wp\/v2\/product_brand?post=1351"},{"taxonomy":"product_cat","embeddable":true,"href":"https:\/\/audioacademyeu.eu\/pl\/wp-json\/wp\/v2\/product_cat?post=1351"},{"taxonomy":"product_tag","embeddable":true,"href":"https:\/\/audioacademyeu.eu\/pl\/wp-json\/wp\/v2\/product_tag?post=1351"}],"curies":[{"name":"wp","href":"https:\/\/api.w.org\/{rel}","templated":true}]}}