
{"id":1346,"date":"2023-09-15T11:27:49","date_gmt":"2023-09-15T09:27:49","guid":{"rendered":"https:\/\/audioacademyeu.eu\/pl\/?post_type=product&#038;p=1346"},"modified":"2025-06-17T20:18:49","modified_gmt":"2025-06-17T18:18:49","slug":"pack-hiszpanski-dla-poczatkujacych","status":"publish","type":"product","link":"https:\/\/audioacademyeu.eu\/pl\/item\/pack-hiszpanski-dla-poczatkujacych\/","title":{"rendered":"Pack &#8211; Hiszpa\u0144ski dla pocz\u0105tkuj\u0105cych"},"content":{"rendered":"<ul>\n<li>Kurs Hiszpa\u0144ski dla pocz\u0105tkuj\u0105cych A1-A2 przeznaczony jest dla os\u00f3b ca\u0142kowicie i fa\u0142szywie pocz\u0105tkuj\u0105cych, wi\u0119c je\u015bli uczysz si\u0119 hiszpa\u0144skiego od jakiego\u015b czasu i chcesz podszlifowa\u0107 podstawy, to jest to kurs dla Ciebie.<\/li>\n<li>Kurs Hiszpa\u0144ski w pracy\u00a0 A1 &#8211; B1 przeznaczony jest dla os\u00f3b pocz\u0105tkuj\u0105cych i \u015brednio zaawansowanych oraz skupia si\u0119 na s\u0142ownictwie, kt\u00f3re mo\u017cesz wykorzysta\u0107 w pracy i w kontaktach biznesowych z partnerami zagranicznymi.<\/li>\n<li>Kurs Hiszpa\u0144ski na urlopie A1-B1przeznaczony jest dla os\u00f3b pocz\u0105tkuj\u0105cych i \u015brednio zaawansowanych i skupia si\u0119 na s\u0142ownictwie i zwrotach, kt\u00f3re mo\u017cesz wykorzysta\u0107 w podr\u00f3\u017cy, a zw\u0142aszcza na wakacjach.<\/li>\n<\/ul>\n","protected":false},"excerpt":{"rendered":"<p>Pack &#8211; Hiszpa\u0144ski dla pocz\u0105tkuj\u0105cych &#8211; Hiszpa\u0144ski dla pocz\u0105tkuj\u0105cych A1-A2, Hiszpa\u0144ski na urlopie A1-B1, Hiszpa\u0144ski w pracy\/w biznese\u00a0 A1 &#8211; B1<\/p>\n","protected":false},"featured_media":1756,"comment_status":"open","ping_status":"closed","template":"","meta":{"_acf_changed":true,"inline_featured_image":false,"_sitemap_exclude":false,"_sitemap_priority":"","_sitemap_frequency":""},"product_brand":[],"product_cat":[102,65],"product_tag":[],"class_list":{"0":"post-1346","1":"product","2":"type-product","3":"status-publish","4":"has-post-thumbnail","6":"product_cat-hiszpanski-korzystny-pakiet","7":"product_cat-korzystny-pakiet","9":"first","10":"instock","11":"downloadable","12":"virtual","13":"purchasable","14":"product-type-simple"},"acf":[],"_links":{"self":[{"href":"https:\/\/audioacademyeu.eu\/pl\/wp-json\/wp\/v2\/product\/1346","targetHints":{"allow":["GET"]}}],"collection":[{"href":"https:\/\/audioacademyeu.eu\/pl\/wp-json\/wp\/v2\/product"}],"about":[{"href":"https:\/\/audioacademyeu.eu\/pl\/wp-json\/wp\/v2\/types\/product"}],"replies":[{"embeddable":true,"href":"https:\/\/audioacademyeu.eu\/pl\/wp-json\/wp\/v2\/comments?post=1346"}],"wp:featuredmedia":[{"embeddable":true,"href":"https:\/\/audioacademyeu.eu\/pl\/wp-json\/wp\/v2\/media\/1756"}],"wp:attachment":[{"href":"https:\/\/audioacademyeu.eu\/pl\/wp-json\/wp\/v2\/media?parent=1346"}],"wp:term":[{"taxonomy":"product_brand","embeddable":true,"href":"https:\/\/audioacademyeu.eu\/pl\/wp-json\/wp\/v2\/product_brand?post=1346"},{"taxonomy":"product_cat","embeddable":true,"href":"https:\/\/audioacademyeu.eu\/pl\/wp-json\/wp\/v2\/product_cat?post=1346"},{"taxonomy":"product_tag","embeddable":true,"href":"https:\/\/audioacademyeu.eu\/pl\/wp-json\/wp\/v2\/product_tag?post=1346"}],"curies":[{"name":"wp","href":"https:\/\/api.w.org\/{rel}","templated":true}]}}