
{"id":1331,"date":"2023-09-14T18:58:30","date_gmt":"2023-09-14T16:58:30","guid":{"rendered":"https:\/\/audioacademyeu.eu\/pl\/?post_type=product&#038;p=1331"},"modified":"2024-11-02T13:51:36","modified_gmt":"2024-11-02T12:51:36","slug":"jezyk-ukrainski-komunikacja-podstawowa-a1a2-2","status":"publish","type":"product","link":"https:\/\/audioacademyeu.eu\/pl\/item\/jezyk-ukrainski-komunikacja-podstawowa-a1a2-2\/","title":{"rendered":"J\u0119zyk ukrai\u0144ski &#8211; komunikacja podstawowa A1,A2"},"content":{"rendered":"<p>Kurs j\u0119zyk ukrai\u0144ski &#8211; komunikacja podstawowa A1,A2 przeznaczony jest dla os\u00f3b pocz\u0105tkuj\u0105cych i \u015brednio zaawansowanych oraz skupia si\u0119 na s\u0142ownictwie, kt\u00f3re mo\u017cesz wykorzysta\u0107\u00a0 w kontakcie codziennym i komunikacji z Ukrai\u0144cami.<\/p>\n<p>Kurs oparty jest na nauce kontekstowej, co oznacza, \u017ce poznasz nie tylko s\u0142\u00f3wka, ale tak\u017ce zdania, w kt\u00f3rych mo\u017cesz ich u\u017cy\u0107. W tym kursie znajdziesz \u0142\u0105cznie 1100 s\u0142\u00f3wek i zda\u0144 \u0107wiczeniowych.<\/p>\n<p>Poszczeg\u00f3lne lekcje podzielone s\u0105 wed\u0142ug temat\u00f3w: Podstawy, czynno\u015bci, mieszkanie, podr\u00f3\u017ce, liczby, jedzenie, komunikacja, mini-dialogi, zakupy, rodzina i w\u0142a\u015bciwo\u015bci.\u00a0 Zawieraj\u0105 one s\u0142ownictwo i przyk\u0142adowe zdania, kt\u00f3re pomog\u0105 Ci lepiej porozumiewa\u0107 w kontakcie i komunikacji z Ukrai\u0144cami.<\/p>\n<p>Jaki jest najlepszy spos\u00f3b pracy z kursem? Wybierz lekcj\u0119, od kt\u00f3rej chcesz zacz\u0105\u0107. Ka\u017cda lekcja zawiera sze\u015b\u0107 utwor\u00f3w. Najpierw, w ka\u017cdej lekcji, zapoznaj si\u0119 z samym s\u0142ownictwem (\u015bcie\u017cki 1 i 2). Nast\u0119pnie masz s\u0142owo ze s\u0142ownictwa, po kt\u00f3rym nast\u0119puje przyk\u0142adowe zdanie, ponownie w obu opcjach t\u0142umaczenia (\u015bcie\u017cka 3 i 4).\u00a0 Nast\u0119pnie przechodzisz do pe\u0142nych zda\u0144 (\u015bcie\u017cki 5 i 6). Gdy opanujesz t\u0142umaczenie zda\u0144 z j\u0119zyka ukrai\u0144skiego na polski (lekcja 6) w luce czasowej przed t\u0142umaczeniem na polski, wygra\u0142e\u015b. Same s\u0142owa pomog\u0105 ci w zrozumieniu znaczenia, ale u\u017cywanie opanowanych pe\u0142nych zda\u0144 pomo\u017ce Ci porozumie\u0107 si\u0119 znacznie lepiej.<\/p>\n<p>W przypadku ka\u017cdego bloku, po opanowaniu s\u0142uchania z j\u0119zyka ukrai\u0144skiego na polski (lekcje 1, 3, 5 \u2013 \u0107wiczenia pos\u0142uchaj) przechodzisz do t\u0142umaczenia z j\u0119zyka polskiego na ukrai\u0144ski (lekcje 2, 4, 6 \u2013 \u0107wiczenia przet\u0142umacz).<\/p>\n<p>Nie musisz pracowa\u0107 ze wszystkimi utworami na jednej lekcji, mo\u017cesz skupi\u0107 si\u0119 na takim s\u0142uchaniu, kt\u00f3re najbardziej Ci odpowiada. Polecam jednak przes\u0142uchanie wszystkich utwor\u00f3w z danej lekcji przynajmniej raz.<\/p>\n<p>Kurz ten ma do dyspozycii skrypty, kt\u00f3re mo\u017cesz pobra\u0107 za darmo i kt\u00f3re znacznie usprawnia Twoja twoj\u0105 prac\u0119 z kursem. W skryptach znajdziesz przewodnik po nauce z przydatnymi wskaz\u00f3wkami, jak uczyni\u0107 nauk\u0119 bardziej efektywn\u0105, plan lekcji, aby zapisa\u0107 swoje post\u0119py, list\u0119 utwor\u00f3w do s\u0142uchania (na wypadek, gdyby\u015b czego\u015b nie rozumia\u0142) oraz dwustronne fiszki (flashcards), dzi\u0119ki kt\u00f3rym mo\u017cesz uczy\u0107 si\u0119 i przegl\u0105da\u0107 je nawet wtedy, gdy nie mo\u017cesz s\u0142ucha\u0107 mp3. Dla tych, kt\u00f3rzy lubi\u0105 si\u0119 sprawdza\u0107, w ka\u017cdej lekcji znajduje si\u0119 test t\u0142umaczeniowy z kluczem zawieraj\u0105cym poprawne odpowiedzi.<\/p>\n<ul>\n<li>Lekcja 1 &#8211; Podstawy<\/li>\n<li>Lekcja 2 &#8211; Czynno\u015bci<\/li>\n<li>Lekcja 3 &#8211; Mieszkanie<\/li>\n<li>Lekcja 4 &#8211; Podr\u00f3\u017ce<\/li>\n<li>Lekcja 5 &#8211; Liczby<\/li>\n<li>Lekcja 6 &#8211; Jedzenie<\/li>\n<li>Lekcja 7 &#8211; Komunikacja<\/li>\n<li>Lekcja 8 &#8211; Mini-dialogi<\/li>\n<li>Lekcja 9 &#8211; Zakupy<\/li>\n<li>Lekcja 10 &#8211; Rodzina<\/li>\n<li>Lekcja 11 &#8211; W\u0142asciwo\u015bci<\/li>\n<\/ul>\n<p>&nbsp;<\/p>\n","protected":false},"excerpt":{"rendered":"<p>Kurs j\u0119zyk ukrai\u0144ski &#8211; komunikacja podstawowa A1,A2 przeznaczony jest dla os\u00f3b pocz\u0105tkuj\u0105cych i \u015brednio zaawansowanych oraz skupia si\u0119 na s\u0142ownictwie, kt\u00f3re mo\u017cesz wykorzysta\u0107\u00a0 w kontakcie codziennym i komunikacji z Ukrai\u0144cami.<\/p>\n","protected":false},"featured_media":1335,"comment_status":"open","ping_status":"closed","template":"","meta":{"_acf_changed":false,"inline_featured_image":false,"_sitemap_exclude":false,"_sitemap_priority":"","_sitemap_frequency":""},"product_brand":[],"product_cat":[75,73],"product_tag":[],"class_list":{"0":"post-1331","1":"product","2":"type-product","3":"status-publish","4":"has-post-thumbnail","6":"product_cat-specjalistyczny-ukrainski","7":"product_cat-ukrainski","9":"first","10":"instock","11":"downloadable","12":"virtual","13":"purchasable","14":"product-type-simple"},"acf":[],"_links":{"self":[{"href":"https:\/\/audioacademyeu.eu\/pl\/wp-json\/wp\/v2\/product\/1331","targetHints":{"allow":["GET"]}}],"collection":[{"href":"https:\/\/audioacademyeu.eu\/pl\/wp-json\/wp\/v2\/product"}],"about":[{"href":"https:\/\/audioacademyeu.eu\/pl\/wp-json\/wp\/v2\/types\/product"}],"replies":[{"embeddable":true,"href":"https:\/\/audioacademyeu.eu\/pl\/wp-json\/wp\/v2\/comments?post=1331"}],"wp:featuredmedia":[{"embeddable":true,"href":"https:\/\/audioacademyeu.eu\/pl\/wp-json\/wp\/v2\/media\/1335"}],"wp:attachment":[{"href":"https:\/\/audioacademyeu.eu\/pl\/wp-json\/wp\/v2\/media?parent=1331"}],"wp:term":[{"taxonomy":"product_brand","embeddable":true,"href":"https:\/\/audioacademyeu.eu\/pl\/wp-json\/wp\/v2\/product_brand?post=1331"},{"taxonomy":"product_cat","embeddable":true,"href":"https:\/\/audioacademyeu.eu\/pl\/wp-json\/wp\/v2\/product_cat?post=1331"},{"taxonomy":"product_tag","embeddable":true,"href":"https:\/\/audioacademyeu.eu\/pl\/wp-json\/wp\/v2\/product_tag?post=1331"}],"curies":[{"name":"wp","href":"https:\/\/api.w.org\/{rel}","templated":true}]}}