
{"id":1324,"date":"2023-09-08T22:40:08","date_gmt":"2023-09-08T20:40:08","guid":{"rendered":"https:\/\/audioacademyeu.eu\/pl\/?post_type=product&#038;p=1324"},"modified":"2025-06-17T20:20:48","modified_gmt":"2025-06-17T18:20:48","slug":"pakiet-specjalistyczny-wloski","status":"publish","type":"product","link":"https:\/\/audioacademyeu.eu\/pl\/item\/pakiet-specjalistyczny-wloski\/","title":{"rendered":"Pakiet &#8211; Specjalistyczny w\u0142oski"},"content":{"rendered":"<p>Kurs W\u0142oski w pracy A1 &#8211; B1 przeznaczony jest dla os\u00f3b pocz\u0105tkuj\u0105cych i \u015brednio zaawansowanych oraz skupia si\u0119 na s\u0142ownictwie, kt\u00f3re mo\u017cesz wykorzysta\u0107 w pracy i w kontaktach biznesowych z partnerami zagranicznymi.<\/p>\n<p>Kurs W\u0142oski techniczny A1-B1 przeznaczony jest dla os\u00f3b pocz\u0105tkuj\u0105cych i \u015brednio zaawansowanych i skupia si\u0119 na s\u0142ownictwie, kt\u00f3re mo\u017cesz wykorzysta\u0107 w dziedzinie technicznej.<\/p>\n<p>Kurs W\u0142oski na urlopie A1-B1 przeznaczony jest dla os\u00f3b pocz\u0105tkuj\u0105cych i \u015brednio zaawansowanych i skupia si\u0119 na s\u0142ownictwie i zwrotach, kt\u00f3re mo\u017cesz wykorzysta\u0107 w podr\u00f3\u017cy, a zw\u0142aszcza na wakacjach.<\/p>\n","protected":false},"excerpt":{"rendered":"<p>Pakiet &#8211; Specjalistyczny w\u0142oski &#8211; W\u0142oski w pracy A1 &#8211; B1, W\u0142oski techniczny A1-B1, W\u0142oski na urlopie A1-B1<\/p>\n","protected":false},"featured_media":1422,"comment_status":"open","ping_status":"closed","template":"","meta":{"_acf_changed":true,"inline_featured_image":false,"_sitemap_exclude":false,"_sitemap_priority":"","_sitemap_frequency":""},"product_brand":[],"product_cat":[98,65],"product_tag":[],"class_list":{"0":"post-1324","1":"product","2":"type-product","3":"status-publish","4":"has-post-thumbnail","6":"product_cat-wloski-korzystny-pakiet","7":"product_cat-korzystny-pakiet","9":"first","10":"instock","11":"downloadable","12":"virtual","13":"purchasable","14":"product-type-simple"},"acf":[],"_links":{"self":[{"href":"https:\/\/audioacademyeu.eu\/pl\/wp-json\/wp\/v2\/product\/1324","targetHints":{"allow":["GET"]}}],"collection":[{"href":"https:\/\/audioacademyeu.eu\/pl\/wp-json\/wp\/v2\/product"}],"about":[{"href":"https:\/\/audioacademyeu.eu\/pl\/wp-json\/wp\/v2\/types\/product"}],"replies":[{"embeddable":true,"href":"https:\/\/audioacademyeu.eu\/pl\/wp-json\/wp\/v2\/comments?post=1324"}],"wp:featuredmedia":[{"embeddable":true,"href":"https:\/\/audioacademyeu.eu\/pl\/wp-json\/wp\/v2\/media\/1422"}],"wp:attachment":[{"href":"https:\/\/audioacademyeu.eu\/pl\/wp-json\/wp\/v2\/media?parent=1324"}],"wp:term":[{"taxonomy":"product_brand","embeddable":true,"href":"https:\/\/audioacademyeu.eu\/pl\/wp-json\/wp\/v2\/product_brand?post=1324"},{"taxonomy":"product_cat","embeddable":true,"href":"https:\/\/audioacademyeu.eu\/pl\/wp-json\/wp\/v2\/product_cat?post=1324"},{"taxonomy":"product_tag","embeddable":true,"href":"https:\/\/audioacademyeu.eu\/pl\/wp-json\/wp\/v2\/product_tag?post=1324"}],"curies":[{"name":"wp","href":"https:\/\/api.w.org\/{rel}","templated":true}]}}