
{"id":1198,"date":"2022-11-05T21:33:49","date_gmt":"2022-11-05T20:33:49","guid":{"rendered":"https:\/\/audioacademyeu.eu\/pl\/?post_type=product&#038;p=1198"},"modified":"2023-01-03T06:50:18","modified_gmt":"2023-01-03T05:50:18","slug":"slownictwo-angielskie-c1-c2","status":"publish","type":"product","link":"https:\/\/audioacademyeu.eu\/pl\/item\/slownictwo-angielskie-c1-c2\/","title":{"rendered":"S\u0142ownictwo angielskie C1\/C2"},"content":{"rendered":"<p>Kurs S\u0142ownictwo angielskie C1\/C2 przeznaczony jest zaawansowanym u\u017cytkownikom. Za jego pomoc\u0105 poszerzysz sobie zaawansowany zas\u00f3b s\u0142\u00f3w i umocnisz lub poszerzysz sobie znajomo\u015b\u0107 bardziej z\u0142o\u017conych temat\u00f3w gramatycznych.<\/p>\n<p>Kurs opiera si\u0119 na nauczaniu kontekstowym, to znaczy, \u017ce nie b\u0119dziesz si\u0119 uczy\u0142 samych s\u0142\u00f3wek, ale\u00a0tak\u017ce zda\u0144, w kt\u00f3rych dane s\u0142\u00f3wka mog\u0105 by\u0107 u\u017cyte. W niniejszym kursie znajdziesz razem 1\u00a0200 s\u0142\u00f3wek i zda\u0144 do prze\u0107wiczenia.<\/p>\n<p>Poszczeg\u00f3lne lekcje podzielone s\u0105 wed\u0142ug temat\u00f3w, przy czym ka\u017cdy z temat\u00f3w zawiera inn\u0105 ilo\u015b\u0107 s\u0142\u00f3wek i zda\u0144. Poziom C1\/C2 jest najbardziej zaawansowanym poziomem, jaki istnieje, dlatego wi\u0119c spotkasz si\u0119 w nich zw\u0142aszcza ze s\u0142\u00f3wkami bardziej zaawansowanymi, kt\u00f3re podzielone s\u0105 na bloki: czynno\u015bci (czasowniki i ich synonimy), przys\u0142owia i idiomy oraz rzeczowniki a na sam koniec w\u0142a\u015bciwo\u015bci.<\/p>\n<p>Jak najlepiej korzysta\u0107 z\u00a0kursu? Wybierz sobie lekcj\u0119, od kt\u00f3rej chcesz rozpocz\u0105\u0107. Ka\u017cda lekcja posiada 6 \u015bcie\u017cek d\u017awi\u0119kowych z nagraniami. W ka\u017cdej lekcji zapoznasz si\u0119 najpierw ze s\u0142\u00f3wkami (\u015bcie\u017cki d\u017awi\u0119kowe 1 i 2). Nast\u0119pnie masz do dyspozycji przyk\u0142adowe zdanie, ponownie w obu wersjach t\u0142umaczenia (\u015bcie\u017cki d\u017awi\u0119kowe 3 i 4).\u00a0 Potem przechodzisz do ca\u0142ych zda\u0144 (\u015bcie\u017cki d\u017awi\u0119kowe 5 i 6). Gdy b\u0119dziesz w stanie przet\u0142umaczy\u0107 zdania z j\u0119zyka polskiego na angielski (lekcja 6) w kr\u00f3tkiej przerwie przed angielskim t\u0142umaczeniem, osi\u0105gn\u0105\u0142e\u015b wyznaczony cel. Poszczeg\u00f3lne s\u0142\u00f3wka pomog\u0105 Ci zrozumie\u0107 znaczenie, ale u\u017cywaj\u0105c ca\u0142ych zda\u0144 b\u0119dziesz w stanie znacznie lepiej si\u0119 porozumie\u0107.<\/p>\n<p>W ka\u017cdej cz\u0119\u015bci panuje zasada, \u017ce w momencie opanowania s\u0142uchania z j\u0119zyka angielskiego do\u00a0polskiego (lekcja 1, 3, 5 \u2013 \u0107wiczenia wys\u0142uchaj) kontynuujesz \u0107wiczenia z t\u0142umaczenia z j\u0119zyka polskiego na angielski \u00a0(lekcja 2, 4, 6 \u2013 \u0107wiczenia przet\u0142umacz).<\/p>\n<p>W ramach jednej lekcji nie musisz korzysta\u0107 ze wszystkich nagra\u0144, mo\u017cesz po\u015bwi\u0119ci\u0107 uwag\u0119 na\u00a0s\u0142uchaniu tego, co najbardziej Ci odpowiada. Zalecam jednak wys\u0142uchanie wszystkich \u015bcie\u017cek audio z\u00a0lekcji przynajmniej raz.<\/p>\n<p>Pobrane skrypty umo\u017cliwiaj\u0105 znacznie szersze wykorzystanie ca\u0142ego kursu. W skryptach znajdziesz przewodnik do nauki wraz z przydatnymi wskaz\u00f3wkami, jak uczyni\u0107 nauk\u0119 bardziej skuteczn\u0105, plan nauki do rejestrowania post\u0119p\u00f3w, list\u0119 odtwarzania (je\u015bli czego\u015b nie zrozumiesz) oraz dwustronne fiszki do nauki, dzi\u0119ki kt\u00f3rym mo\u017cesz si\u0119 uczy\u0107 i powtarza\u0107 nawet wtedy, kiedy po prostu nie mo\u017cesz s\u0142ucha\u0107 nagra\u0144. Dla tych, kt\u00f3rzy lubi\u0105 si\u0119 sprawdza\u0107, w ka\u017cdej lekcji zosta\u0142 przygotowany przyk\u0142adowy test z t\u0142umaczenia z kluczem zawieraj\u0105cym poprawne odpowiedzi.<\/p>\n<ul>\n<li>Lekcja pierwsza &#8211; Czynno\u015b\u0107i 01<\/li>\n<li>Lekcja druga &#8211; Czynno\u015b\u0107i 02<\/li>\n<li>Lekcja trzecia &#8211; Czynno\u015b\u0107i 03<\/li>\n<li>Lekcja czwarta &#8211; Czynno\u015b\u0107i 04<\/li>\n<li>Lekcja pi\u0105ta &#8211; Czynno\u015b\u0107i 05<\/li>\n<li>Lekcja sz\u00f3sta &#8211; Czynno\u015b\u0107i 06<\/li>\n<li>Lekcja si\u00f3dma &#8211; Czynno\u015b\u0107i 07<\/li>\n<li>Lekcja \u00f3sma &#8211; Przys\u0142owie 01<\/li>\n<li>Lekcja dziewi\u0105ta &#8211; Przys\u0142owie 02<\/li>\n<li>Lekcja dziesi\u0105ta &#8211; Rzeczowniki 01<\/li>\n<li>Lekcja jedenasta &#8211; Rzeczowniki 02<\/li>\n<li>Lekcja dwunasta &#8211; Rzeczowniki 03<\/li>\n<li>Lekcja trzynasta &#8211; Rzeczowniki 04<\/li>\n<li>Lekcja czternasta &#8211; W\u0142a\u015bciwo\u015bci 01<\/li>\n<li>Lekcja pi\u0119tnasta &#8211; W\u0142a\u015bciwo\u015bci 02<\/li>\n<li>Lekcja szesnasta &#8211; W\u0142a\u015bciwo\u015bci 03<\/li>\n<li>Lekcja siedemnasta &#8211; W\u0142a\u015bciwo\u015bci 04<\/li>\n<\/ul>\n","protected":false},"excerpt":{"rendered":"<p>Kurs S\u0142ownictwo angielskie C1\/C2 przeznaczony jest zaawansowanym u\u017cytkownikom. Za jego pomoc\u0105 poszerzysz sobie zaawansowany zas\u00f3b s\u0142\u00f3w i umocnisz lub poszerzysz sobie znajomo\u015b\u0107 bardziej z\u0142o\u017conych temat\u00f3w gramatycznych. Kurs opiera si\u0119 na nauczaniu kontekstowym, to znaczy, \u017ce nie b\u0119dziesz si\u0119 uczy\u0142 samych s\u0142\u00f3wek, ale\u00a0tak\u017ce zda\u0144, w kt\u00f3rych dane s\u0142\u00f3wka mog\u0105 by\u0107 u\u017cyte. W niniejszym kursie znajdziesz razem [&hellip;]<\/p>\n","protected":false},"featured_media":1199,"comment_status":"open","ping_status":"closed","template":"","meta":{"_acf_changed":false,"inline_featured_image":false,"_sitemap_exclude":false,"_sitemap_priority":"","_sitemap_frequency":""},"product_brand":[],"product_cat":[63,29],"product_tag":[],"class_list":{"0":"post-1198","1":"product","2":"type-product","3":"status-publish","4":"has-post-thumbnail","6":"product_cat-ogolny-angielski","7":"product_cat-angielski","9":"first","10":"instock","11":"downloadable","12":"virtual","13":"purchasable","14":"product-type-simple"},"acf":[],"_links":{"self":[{"href":"https:\/\/audioacademyeu.eu\/pl\/wp-json\/wp\/v2\/product\/1198","targetHints":{"allow":["GET"]}}],"collection":[{"href":"https:\/\/audioacademyeu.eu\/pl\/wp-json\/wp\/v2\/product"}],"about":[{"href":"https:\/\/audioacademyeu.eu\/pl\/wp-json\/wp\/v2\/types\/product"}],"replies":[{"embeddable":true,"href":"https:\/\/audioacademyeu.eu\/pl\/wp-json\/wp\/v2\/comments?post=1198"}],"wp:featuredmedia":[{"embeddable":true,"href":"https:\/\/audioacademyeu.eu\/pl\/wp-json\/wp\/v2\/media\/1199"}],"wp:attachment":[{"href":"https:\/\/audioacademyeu.eu\/pl\/wp-json\/wp\/v2\/media?parent=1198"}],"wp:term":[{"taxonomy":"product_brand","embeddable":true,"href":"https:\/\/audioacademyeu.eu\/pl\/wp-json\/wp\/v2\/product_brand?post=1198"},{"taxonomy":"product_cat","embeddable":true,"href":"https:\/\/audioacademyeu.eu\/pl\/wp-json\/wp\/v2\/product_cat?post=1198"},{"taxonomy":"product_tag","embeddable":true,"href":"https:\/\/audioacademyeu.eu\/pl\/wp-json\/wp\/v2\/product_tag?post=1198"}],"curies":[{"name":"wp","href":"https:\/\/api.w.org\/{rel}","templated":true}]}}