
{"id":1194,"date":"2022-11-05T21:23:41","date_gmt":"2022-11-05T20:23:41","guid":{"rendered":"https:\/\/audioacademyeu.eu\/pl\/?post_type=product&#038;p=1194"},"modified":"2024-07-31T21:36:42","modified_gmt":"2024-07-31T19:36:42","slug":"angielski-na-urlopie","status":"publish","type":"product","link":"https:\/\/audioacademyeu.eu\/pl\/item\/angielski-na-urlopie\/","title":{"rendered":"Angielski na urlopie"},"content":{"rendered":"<p>Kurs Angielski na urlopie A1-B1 przeznaczony jest dla os\u00f3b pocz\u0105tkuj\u0105cych i \u015brednio zaawansowanych i skupia si\u0119 na s\u0142ownictwie i zwrotach, kt\u00f3re mo\u017cesz wykorzysta\u0107 w podr\u00f3\u017cy, a zw\u0142aszcza na wakacjach.<\/p>\n<p>Kurs oparty jest na nauce kontekstowej, co oznacza, \u017ce poznasz nie tylko s\u0142\u00f3wka, ale tak\u017ce zdania, w kt\u00f3rych mo\u017cesz ich u\u017cy\u0107. W tym kursie znajdziesz \u0142\u0105cznie 600 s\u0142\u00f3wek i zda\u0144 \u0107wiczeniowych.<\/p>\n<p>Poszczeg\u00f3lne lekcje podzielone s\u0105 wed\u0142ug nast\u0119puj\u0105cych temat\u00f3w: <strong>podr\u00f3\u017c samochodem, podr\u00f3\u017c samolotem, miejsca docelowe, w hotelu, w restauracji, na zakupach i podczas komunikacji.<\/strong><\/p>\n<p>S\u0142uchaj\u0105c tego kursu, po\u0142\u0105czysz przyjemne z po\u017cytecznym &#8211; od\u015bwie\u017cysz s\u0142ownictwo zwi\u0105zane z podr\u00f3\u017cami oraz jednocze\u015bnie zweryfikujesz sw\u00f3j angielski na poziomie A1 &#8211; B1.<\/p>\n<p>Jaki jest najlepszy spos\u00f3b pracy z kursem? Wybierz lekcj\u0119, od kt\u00f3rej chcesz zacz\u0105\u0107. Ka\u017cda lekcja zawiera sze\u015b\u0107 \u015bcie\u017cek d\u017awi\u0119kowych. Najpierw, w ka\u017cdej lekcji, zapoznaj si\u0119 z samym s\u0142ownictwem (\u015bcie\u017cki 1 i 2). Aby lepiej zapami\u0119ta\u0107 dane s\u0142owo, wys\u0142uchasz go dwukrotnie. Nast\u0119pnie masz s\u0142owo ze s\u0142ownictwa, po kt\u00f3rym nast\u0119puje przyk\u0142adowe zdanie, ponownie w obu opcjach t\u0142umaczenia (\u015bcie\u017cka 3 i 4). Nast\u0119pnie przechodzisz do pe\u0142nych zda\u0144 (\u015bcie\u017cki 5 i 6). W \u015bcie\u017cce 5 us\u0142yszysz zdanie w j\u0119zyku angielskim ponownie dwukrotnie. Uda Ci si\u0119 osi\u0105gn\u0105\u0107 cel kursu, gdy opanujesz t\u0142umaczenie zda\u0144 z j\u0119zyka polskiego na angielski (lekcja 6) w luce czasowej przed t\u0142umaczeniem na angielski. Same s\u0142owa pomog\u0105 Ci tylko w zrozumieniu znaczenia, ale u\u017cywanie opanowanych pe\u0142nych zda\u0144 pomo\u017ce Ci porozumie\u0107 si\u0119 znacznie lepiej.<\/p>\n<p>Kurz ten ma do dyspozycii skrypty, kt\u00f3re mo\u017cesz pobra\u0107 za darmo i kt\u00f3re znacznie usprawnia Twoja twoj\u0105 prac\u0119 z kursem. W skryptach znajdziesz przewodnik po nauce z przydatnymi wskaz\u00f3wkami, jak uczyni\u0107 nauk\u0119 bardziej efektywn\u0105, plan nauki, aby zapisa\u0107 swoje post\u0119py, list\u0119 \u015bcie\u017cek do s\u0142uchania (na wypadek, gdyby\u015b czego\u015b nie rozumia\u0142) oraz dwustronne fiszki (flashcards), dzi\u0119ki kt\u00f3rym mo\u017cesz uczy\u0107 si\u0119 i przegl\u0105da\u0107 je nawet wtedy, gdy nie mo\u017cesz s\u0142ucha\u0107 mp3. Dla tych, kt\u00f3rzy lubi\u0105 si\u0119 sprawdza\u0107, w ka\u017cdej lekcji znajduje si\u0119 test t\u0142umaczeniowy z kluczem zawieraj\u0105cym poprawne odpowiedzi.<\/p>\n<p>&nbsp;<\/p>\n","protected":false},"excerpt":{"rendered":"<p>Kurs Angielski na urlopie A1-B1 przeznaczony jest dla os\u00f3b pocz\u0105tkuj\u0105cych i \u015brednio zaawansowanych i skupia si\u0119 na s\u0142ownictwie i zwrotach, kt\u00f3re mo\u017cesz wykorzysta\u0107 w podr\u00f3\u017cy, a zw\u0142aszcza na wakacjach.<\/p>\n","protected":false},"featured_media":1733,"comment_status":"open","ping_status":"closed","template":"","meta":{"_acf_changed":false,"inline_featured_image":false,"_sitemap_exclude":false,"_sitemap_priority":"","_sitemap_frequency":""},"product_brand":[],"product_cat":[62,29],"product_tag":[],"class_list":{"0":"post-1194","1":"product","2":"type-product","3":"status-publish","4":"has-post-thumbnail","6":"product_cat-specjalistyczny-angielski","7":"product_cat-angielski","9":"first","10":"instock","11":"downloadable","12":"virtual","13":"purchasable","14":"product-type-simple"},"acf":[],"_links":{"self":[{"href":"https:\/\/audioacademyeu.eu\/pl\/wp-json\/wp\/v2\/product\/1194","targetHints":{"allow":["GET"]}}],"collection":[{"href":"https:\/\/audioacademyeu.eu\/pl\/wp-json\/wp\/v2\/product"}],"about":[{"href":"https:\/\/audioacademyeu.eu\/pl\/wp-json\/wp\/v2\/types\/product"}],"replies":[{"embeddable":true,"href":"https:\/\/audioacademyeu.eu\/pl\/wp-json\/wp\/v2\/comments?post=1194"}],"wp:featuredmedia":[{"embeddable":true,"href":"https:\/\/audioacademyeu.eu\/pl\/wp-json\/wp\/v2\/media\/1733"}],"wp:attachment":[{"href":"https:\/\/audioacademyeu.eu\/pl\/wp-json\/wp\/v2\/media?parent=1194"}],"wp:term":[{"taxonomy":"product_brand","embeddable":true,"href":"https:\/\/audioacademyeu.eu\/pl\/wp-json\/wp\/v2\/product_brand?post=1194"},{"taxonomy":"product_cat","embeddable":true,"href":"https:\/\/audioacademyeu.eu\/pl\/wp-json\/wp\/v2\/product_cat?post=1194"},{"taxonomy":"product_tag","embeddable":true,"href":"https:\/\/audioacademyeu.eu\/pl\/wp-json\/wp\/v2\/product_tag?post=1194"}],"curies":[{"name":"wp","href":"https:\/\/api.w.org\/{rel}","templated":true}]}}