
{"id":1170,"date":"2022-11-04T19:23:48","date_gmt":"2022-11-04T18:23:48","guid":{"rendered":"https:\/\/audioacademyeu.eu\/pl\/?post_type=product&#038;p=1170"},"modified":"2024-07-31T21:32:08","modified_gmt":"2024-07-31T19:32:08","slug":"angielski-slownictwo-b2-c1","status":"publish","type":"product","link":"https:\/\/audioacademyeu.eu\/pl\/item\/angielski-slownictwo-b2-c1\/","title":{"rendered":"Angielski dla zaawansowanych B2"},"content":{"rendered":"<p>Kurs Angielski dla zaawansowanych B2 przeznaczony jest dla os\u00f3b zaawansowanych, wi\u0119c aby w pe\u0142ni wykorzysta\u0107 jego mo\u017cliwo\u015bci powiniene\u015b mie\u0107 za sob\u0105 dwa lub trzy lata nauki j\u0119zyka angielskiego i opanowane podstawy.<\/p>\n<p>Kurs oparty jest na nauce kontekstowej, co oznacza, \u017ce poznasz nie tylko s\u0142\u00f3wka, ale tak\u017ce zdania, w\u00a0kt\u00f3rych mo\u017cesz ich u\u017cy\u0107.. W sumie znajdziesz 1400 s\u0142\u00f3wek i zda\u0144 \u0107wiczeniowych.<\/p>\n<p>Jaki jest najlepszy spos\u00f3b pracy z kursem? Wybierz lekcj\u0119, od kt\u00f3rej chcesz zacz\u0105\u0107. Ka\u017cda lekcja zawiera sze\u015b\u0107 \u015bcie\u017cek d\u017awi\u0119kowych. Najpierw, w ka\u017cdej lekcji, zapoznaj si\u0119 z samym s\u0142ownictwem (\u015bcie\u017cki 1 i 2). Aby lepiej zapami\u0119ta\u0107 dane s\u0142owo, wys\u0142uchasz go dwukrotnie. Nast\u0119pnie masz s\u0142owo ze s\u0142ownictwa, po kt\u00f3rym nast\u0119puje przyk\u0142adowe zdanie, ponownie w obu opcjach t\u0142umaczenia (\u015bcie\u017cka 3 i 4). Nast\u0119pnie przechodzisz do pe\u0142nych zda\u0144 (\u015bcie\u017cki 5 i 6). W \u015bcie\u017cce 5 us\u0142yszysz zdanie w j\u0119zyku angielskim ponownie dwukrotnie. Uda Ci si\u0119 osi\u0105gn\u0105\u0107 cel kursu, gdy opanujesz t\u0142umaczenie zda\u0144 z j\u0119zyka polskiego na angielski (lekcja 6) w luce czasowej przed t\u0142umaczeniem na angielski. Same s\u0142owa pomog\u0105 Ci tylko w zrozumieniu znaczenia, ale u\u017cywanie opanowanych pe\u0142nych zda\u0144 pomo\u017ce Ci porozumie\u0107 si\u0119 znacznie lepiej.<\/p>\n<p>Kurz ten ma do dyspozycii skrypty, kt\u00f3re mo\u017cesz pobra\u0107 za darmo i kt\u00f3re znacznie usprawnia Twoja twoj\u0105 prac\u0119 z kursem. W skryptach znajdziesz przewodnik po nauce z przydatnymi wskaz\u00f3wkami, jak uczyni\u0107 nauk\u0119 bardziej efektywn\u0105, plan nauki, aby zapisa\u0107 swoje post\u0119py, list\u0119 \u015bcie\u017cek do s\u0142uchania (na wypadek, gdyby\u015b czego\u015b nie rozumia\u0142) oraz dwustronne fiszki (flashcards), dzi\u0119ki kt\u00f3rym mo\u017cesz uczy\u0107 si\u0119 i przegl\u0105da\u0107 je nawet wtedy, gdy nie mo\u017cesz s\u0142ucha\u0107 mp3. Dla tych, kt\u00f3rzy lubi\u0105 si\u0119 sprawdza\u0107, w ka\u017cdej lekcji znajduje si\u0119 test t\u0142umaczeniowy z kluczem zawieraj\u0105cym poprawne odpowiedzi.<\/p>\n<ul>\n<li>Lekcja 01 &#8211; Czynno\u015b\u0107i 01<\/li>\n<li>Lekcja 02 &#8211; Czynno\u015b\u0107i 02<\/li>\n<li>Lekcja 03 &#8211; Podr\u00f3\u017ce<\/li>\n<li>Lekcja 04 &#8211; Komunikacja<\/li>\n<li>Lekcja 05 &#8211; Praca<\/li>\n<li>Lekcja 06 &#8211; Spo\u0142ecze\u0144stwo<\/li>\n<li>Lekcja 07 &#8211; Cia\u0142o<\/li>\n<li>Lekcja 08 &#8211; W\u0142a\u015bciwo\u015bci<\/li>\n<li>Lekcja 09 &#8211; Czas wolny<\/li>\n<li>Lekcja 10 &#8211; Czasowniki nieregularne_01<\/li>\n<li>Lekcja 11 &#8211; Czasowniki nieregularne_02<\/li>\n<\/ul>\n<p>&nbsp;<\/p>\n","protected":false},"excerpt":{"rendered":"<p>Kurs Angielski dla zaawansowanych B2 przeznaczony jest dla os\u00f3b zaawansowanych, wi\u0119c aby w pe\u0142ni wykorzysta\u0107 jego mo\u017cliwo\u015bci powiniene\u015b mie\u0107 za sob\u0105 dwa lub trzy lata nauki j\u0119zyka angielskiego i opanowane podstawy.<\/p>\n","protected":false},"featured_media":1728,"comment_status":"open","ping_status":"closed","template":"","meta":{"_acf_changed":false,"inline_featured_image":false,"_sitemap_exclude":false,"_sitemap_priority":"","_sitemap_frequency":""},"product_brand":[],"product_cat":[63,29],"product_tag":[],"class_list":{"0":"post-1170","1":"product","2":"type-product","3":"status-publish","4":"has-post-thumbnail","6":"product_cat-ogolny-angielski","7":"product_cat-angielski","9":"first","10":"instock","11":"downloadable","12":"virtual","13":"purchasable","14":"product-type-simple"},"acf":[],"_links":{"self":[{"href":"https:\/\/audioacademyeu.eu\/pl\/wp-json\/wp\/v2\/product\/1170","targetHints":{"allow":["GET"]}}],"collection":[{"href":"https:\/\/audioacademyeu.eu\/pl\/wp-json\/wp\/v2\/product"}],"about":[{"href":"https:\/\/audioacademyeu.eu\/pl\/wp-json\/wp\/v2\/types\/product"}],"replies":[{"embeddable":true,"href":"https:\/\/audioacademyeu.eu\/pl\/wp-json\/wp\/v2\/comments?post=1170"}],"wp:featuredmedia":[{"embeddable":true,"href":"https:\/\/audioacademyeu.eu\/pl\/wp-json\/wp\/v2\/media\/1728"}],"wp:attachment":[{"href":"https:\/\/audioacademyeu.eu\/pl\/wp-json\/wp\/v2\/media?parent=1170"}],"wp:term":[{"taxonomy":"product_brand","embeddable":true,"href":"https:\/\/audioacademyeu.eu\/pl\/wp-json\/wp\/v2\/product_brand?post=1170"},{"taxonomy":"product_cat","embeddable":true,"href":"https:\/\/audioacademyeu.eu\/pl\/wp-json\/wp\/v2\/product_cat?post=1170"},{"taxonomy":"product_tag","embeddable":true,"href":"https:\/\/audioacademyeu.eu\/pl\/wp-json\/wp\/v2\/product_tag?post=1170"}],"curies":[{"name":"wp","href":"https:\/\/api.w.org\/{rel}","templated":true}]}}