
{"id":1162,"date":"2022-10-29T22:05:44","date_gmt":"2022-10-29T20:05:44","guid":{"rendered":"https:\/\/audioacademyeu.eu\/pl\/?post_type=product&#038;p=1162"},"modified":"2025-06-17T20:21:19","modified_gmt":"2025-06-17T18:21:19","slug":"rosyjski-pakiet-dla-sredniozaawansowanych","status":"publish","type":"product","link":"https:\/\/audioacademyeu.eu\/pl\/item\/rosyjski-pakiet-dla-sredniozaawansowanych\/","title":{"rendered":"Rosyjski  &#8211; pakiet dla \u015bredniozaawansowanych"},"content":{"rendered":"<p>Kurs Rosyjski w podr\u00f3\u017cy A1-B1 przeznaczony jest dla os\u00f3b pocz\u0105tkuj\u0105cych i \u015brednio zaawansowanych i skupia si\u0119 na s\u0142ownictwie i zwrotach, kt\u00f3re mo\u017cesz wykorzysta\u0107 w podr\u00f3\u017cy, a zw\u0142aszcza na wakacjach.<\/p>\n<p>Kurs S\u0142ownictwo rosyjskie B1 &#8211; 01 przeznaczony jest dla os\u00f3b \u015brednio zaawansowanych i zaawansowanych, wi\u0119c aby w pe\u0142ni wykorzysta\u0107 jego mo\u017cliwo\u015bci powiniene\u015b mie\u0107 za sob\u0105 rok lub dwa lata nauki j\u0119zyka rosyjskiego i opanowane podstawy.<\/p>\n<p>Kurs S\u0142ownictwo rosyjskie B1 &#8211; 02 przeznaczony jest dla os\u00f3b \u015brednio zaawansowanych i zaawansowanych, wi\u0119c aby w pe\u0142ni wykorzysta\u0107 jego mo\u017cliwo\u015bci powiniene\u015b mie\u0107 za sob\u0105 rok lub dwa lata nauki j\u0119zyka rosyjskiego i opanowane podstawy.<\/p>\n","protected":false},"excerpt":{"rendered":"<p>Rosyjski &#8211; pakiet dla \u015bredniozaawansowanych &#8211; Kurs Rosyjski w podr\u00f3\u017cy A1-B1, Kurs S\u0142ownictwo rosyjskie B1 &#8211; 01, Kurs S\u0142ownictwo rosyjskie B1 &#8211; 02<\/p>\n","protected":false},"featured_media":1163,"comment_status":"open","ping_status":"closed","template":"","meta":{"_acf_changed":true,"inline_featured_image":false,"_sitemap_exclude":false,"_sitemap_priority":"","_sitemap_frequency":""},"product_brand":[],"product_cat":[115,65],"product_tag":[],"class_list":{"0":"post-1162","1":"product","2":"type-product","3":"status-publish","4":"has-post-thumbnail","6":"product_cat-rosyjski-korzystny-pakiet","7":"product_cat-korzystny-pakiet","9":"first","10":"instock","11":"downloadable","12":"virtual","13":"purchasable","14":"product-type-simple"},"acf":[],"_links":{"self":[{"href":"https:\/\/audioacademyeu.eu\/pl\/wp-json\/wp\/v2\/product\/1162","targetHints":{"allow":["GET"]}}],"collection":[{"href":"https:\/\/audioacademyeu.eu\/pl\/wp-json\/wp\/v2\/product"}],"about":[{"href":"https:\/\/audioacademyeu.eu\/pl\/wp-json\/wp\/v2\/types\/product"}],"replies":[{"embeddable":true,"href":"https:\/\/audioacademyeu.eu\/pl\/wp-json\/wp\/v2\/comments?post=1162"}],"wp:featuredmedia":[{"embeddable":true,"href":"https:\/\/audioacademyeu.eu\/pl\/wp-json\/wp\/v2\/media\/1163"}],"wp:attachment":[{"href":"https:\/\/audioacademyeu.eu\/pl\/wp-json\/wp\/v2\/media?parent=1162"}],"wp:term":[{"taxonomy":"product_brand","embeddable":true,"href":"https:\/\/audioacademyeu.eu\/pl\/wp-json\/wp\/v2\/product_brand?post=1162"},{"taxonomy":"product_cat","embeddable":true,"href":"https:\/\/audioacademyeu.eu\/pl\/wp-json\/wp\/v2\/product_cat?post=1162"},{"taxonomy":"product_tag","embeddable":true,"href":"https:\/\/audioacademyeu.eu\/pl\/wp-json\/wp\/v2\/product_tag?post=1162"}],"curies":[{"name":"wp","href":"https:\/\/api.w.org\/{rel}","templated":true}]}}