
{"id":1129,"date":"2022-10-29T20:23:23","date_gmt":"2022-10-29T18:23:23","guid":{"rendered":"https:\/\/audioacademyeu.eu\/pl\/?post_type=product&#038;p=1129"},"modified":"2023-10-25T22:15:23","modified_gmt":"2023-10-25T20:15:23","slug":"slownictwo-rosyjskie-a1-a2","status":"publish","type":"product","link":"https:\/\/audioacademyeu.eu\/pl\/item\/slownictwo-rosyjskie-a1-a2\/","title":{"rendered":"S\u0142ownictwo rosyjskie A1-A2"},"content":{"rendered":"<p>Kurs S\u0142ownictwo rosyjskie A1-A2 przeznaczony jest dla os\u00f3b ca\u0142kowicie i fa\u0142szywie pocz\u0105tkuj\u0105cych, wi\u0119c je\u015bli uczysz si\u0119 rosyjskiego od jakiego\u015b czasu i chcesz podszlifowa\u0107 podstawy, to jest to kurs dla Ciebie.<\/p>\n<p>Kurs oparty jest na nauce kontekstowej, co oznacza, \u017ce poznasz nie tylko s\u0142\u00f3wka, ale tak\u017ce zdania, w\u00a0kt\u00f3rych mo\u017cesz ich u\u017cy\u0107. W tym kursie znajdziesz \u0142\u0105cznie 2500 s\u0142\u00f3wek i zda\u0144 \u0107wiczeniowych.<\/p>\n<p>Poszczeg\u00f3lne lekcje podzielone s\u0105 tematycznie, ka\u017cda zawiera inn\u0105 liczb\u0119 s\u0142\u00f3w i zda\u0144. Poziom A1, A2 to poziom pocz\u0105tkuj\u0105cy, wi\u0119c wi\u0119kszo\u015b\u0107 miejsca po\u015bwi\u0119cona jest tematom takim jak podstawy, podr\u00f3\u017ce, wypoczynek, rodzina, kt\u00f3rych s\u0142ownictwo i utrwalone zwroty pomog\u0105 Ci w uzyskaniu podstawowej wiedzy na temat podr\u00f3\u017cy i og\u00f3lnej komunikacji z osobami rosyjskoj\u0119zycznymi..<\/p>\n<p>Jaki jest najlepszy spos\u00f3b pracy z kursem? Wybierz lekcj\u0119, od kt\u00f3rej chcesz zacz\u0105\u0107. Ka\u017cda lekcja zawiera sze\u015b\u0107 utwor\u00f3w. Najpierw, w ka\u017cdej lekcji, zapoznaj si\u0119 z samym s\u0142ownictwem (\u015bcie\u017cki 1 i 2). Nast\u0119pnie masz s\u0142owo ze s\u0142ownictwa, po kt\u00f3rym nast\u0119puje przyk\u0142adowe zdanie, ponownie w obu opcjach t\u0142umaczenia (\u015bcie\u017cka 3 i 4). Nast\u0119pnie przechodzisz do pe\u0142nych zda\u0144 (\u015bcie\u017cki 5 i 6). Gdy opanujesz t\u0142umaczenie zda\u0144 z j\u0119zyka polskiego na rosyjski (lekcja 6) w luce czasowej przed t\u0142umaczeniem na rosyjski, wygra\u0142e\u015b. Same s\u0142owa pomog\u0105 Ci w zrozumieniu znaczenia, ale u\u017cywanie opanowanych pe\u0142nych zda\u0144 pomo\u017ce Ci porozumie\u0107 si\u0119 znacznie lepiej.<\/p>\n<p>Kurz ten ma do dyspozycii skrypty, kt\u00f3re mo\u017cesz pobra\u0107 za darmo i kt\u00f3re znacznie usprawnia Twoja twoj\u0105 prac\u0119 z kursem. W skryptach znajdziesz przewodnik po nauce z przydatnymi wskaz\u00f3wkami, jak uczyni\u0107 nauk\u0119 bardziej efektywn\u0105, plan lekcji, aby zapisa\u0107 swoje post\u0119py, list\u0119 utwor\u00f3w do s\u0142uchania (na wypadek, gdyby\u015b czego\u015b nie rozumia\u0142) oraz dwustronne fiszki (flashcards), dzi\u0119ki kt\u00f3rym mo\u017cesz uczy\u0107 si\u0119 i przegl\u0105da\u0107 je nawet wtedy, gdy nie mo\u017cesz s\u0142ucha\u0107 mp3. Dla tych, kt\u00f3rzy lubi\u0105 si\u0119 sprawdza\u0107, w ka\u017cdej lekcji znajduje si\u0119 test t\u0142umaczeniowy z kluczem zawieraj\u0105cym poprawne odpowiedzi.<\/p>\n<ul>\n<li>Lekcja 01 &#8211; Mieszkanie<\/li>\n<li>Lekcja 02 &#8211; Podr\u00f3\u017ce<\/li>\n<li>Lekcja 03 &#8211; Czas<\/li>\n<li>Lekcja 04 &#8211; Liczby<\/li>\n<li>Lekcja 05 &#8211; Hotel_Restauracja<\/li>\n<li>Lekcja 06 &#8211; Jedzenie<\/li>\n<li>Lekcja 07 &#8211; Komunikacja_01<\/li>\n<li>Lekcja 08 &#8211; Komunikacja_02<\/li>\n<li>Lekcja 09 &#8211; Miasto<\/li>\n<li>Lekcja 10 &#8211; Zakupy<\/li>\n<li>Lekcja 11 &#8211; Pozdrowienia<\/li>\n<li>Lekcja 12 &#8211; Praca_01<\/li>\n<li>Lekcja 13 &#8211; Praca_02<\/li>\n<li>Lekcja 14 &#8211; Przyroda<\/li>\n<li>Lekcja 15 &#8211; Rodzina<\/li>\n<li>Lekcja 16 &#8211; Spo\u0142ecze\u0144stwo<\/li>\n<li>Lekcja 17 &#8211; W\u0142a\u015bciwo\u015bci<\/li>\n<li>Lekcja 18 &#8211; Czas wolny<\/li>\n<li>Lekcja 19 &#8211; Podstawy<\/li>\n<\/ul>\n","protected":false},"excerpt":{"rendered":"<p>Kurs S\u0142ownictwo rosyjskie A1-A2 przeznaczony jest dla os\u00f3b ca\u0142kowicie i fa\u0142szywie pocz\u0105tkuj\u0105cych, wi\u0119c je\u015bli uczysz si\u0119 rosyjskiego od jakiego\u015b czasu i chcesz podszlifowa\u0107 podstawy, to jest to kurs dla Ciebie.<\/p>\n","protected":false},"featured_media":1446,"comment_status":"open","ping_status":"closed","template":"","meta":{"_acf_changed":false,"inline_featured_image":false,"_sitemap_exclude":false,"_sitemap_priority":"","_sitemap_frequency":""},"product_brand":[],"product_cat":[53,51],"product_tag":[],"class_list":{"0":"post-1129","1":"product","2":"type-product","3":"status-publish","4":"has-post-thumbnail","6":"product_cat-ogolny-rosyjski","7":"product_cat-rosyjski","9":"first","10":"instock","11":"downloadable","12":"virtual","13":"purchasable","14":"product-type-simple"},"acf":[],"_links":{"self":[{"href":"https:\/\/audioacademyeu.eu\/pl\/wp-json\/wp\/v2\/product\/1129","targetHints":{"allow":["GET"]}}],"collection":[{"href":"https:\/\/audioacademyeu.eu\/pl\/wp-json\/wp\/v2\/product"}],"about":[{"href":"https:\/\/audioacademyeu.eu\/pl\/wp-json\/wp\/v2\/types\/product"}],"replies":[{"embeddable":true,"href":"https:\/\/audioacademyeu.eu\/pl\/wp-json\/wp\/v2\/comments?post=1129"}],"wp:featuredmedia":[{"embeddable":true,"href":"https:\/\/audioacademyeu.eu\/pl\/wp-json\/wp\/v2\/media\/1446"}],"wp:attachment":[{"href":"https:\/\/audioacademyeu.eu\/pl\/wp-json\/wp\/v2\/media?parent=1129"}],"wp:term":[{"taxonomy":"product_brand","embeddable":true,"href":"https:\/\/audioacademyeu.eu\/pl\/wp-json\/wp\/v2\/product_brand?post=1129"},{"taxonomy":"product_cat","embeddable":true,"href":"https:\/\/audioacademyeu.eu\/pl\/wp-json\/wp\/v2\/product_cat?post=1129"},{"taxonomy":"product_tag","embeddable":true,"href":"https:\/\/audioacademyeu.eu\/pl\/wp-json\/wp\/v2\/product_tag?post=1129"}],"curies":[{"name":"wp","href":"https:\/\/api.w.org\/{rel}","templated":true}]}}