
{"id":1023,"date":"2019-08-28T20:30:54","date_gmt":"2019-08-28T18:30:54","guid":{"rendered":"https:\/\/audioacademyeu.pl\/?post_type=product&#038;p=1023"},"modified":"2022-10-29T20:55:17","modified_gmt":"2022-10-29T18:55:17","slug":"gramatyka-niemiecka-b1","status":"publish","type":"product","link":"https:\/\/audioacademyeu.eu\/pl\/item\/gramatyka-niemiecka-b1\/","title":{"rendered":"Gramatyka niemiecka B1"},"content":{"rendered":"<p>Masz przed sob\u0105 kurs audio Gramatyka niemiecka B1. W kursie tym, kt\u00f3ry jest przeznaczony dla lekko i \u015brednio zaawansowanych, powt\u00f3rzysz i poszerzysz wiedz\u0119 z zakresu stosowania czasu, trudniejszych przyimk\u00f3w, zaimk\u00f3w, trybu przypuszczaj\u0105cego, bezokolicznika i innych temat\u00f3w.<\/p>\n<p>Kurs powsta\u0142 w oparciu o nauczanie kontekstowe, co oznacza, \u017ce nie b\u0119dziesz uczy\u0142 si\u0119 tylko s\u0142\u00f3wek, ale r\u00f3wnie\u017c i zda\u0144, w kt\u00f3rych mo\u017cna zastosowa\u0107 dane s\u0142ownictwo. W kursie tym znajdziesz ponad 3000 s\u0142\u00f3wek i \u0107wicze\u0144 sprawdzaj\u0105cych.<\/p>\n<p>Jak najlepiej korzysta\u0107 z kursu? Wybierz sobie lekcj\u0119, od kt\u00f3rej chcesz rozpocz\u0105\u0107. W ka\u017cdej lekcji zapoznasz si\u0119 najpierw ze s\u0142\u00f3wkami (lekcja 1. i 2.). Nast\u0119pnie masz do dyspozycji kr\u00f3tkie wyt\u0142umaczenie gramatyki danej lekcji. Tak naprawd\u0119 chodzi o te najbardziej podstawowe zasady, dok\u0142adniejsze wyja\u015bnienia wraz z wyj\u0105tkami znajdziesz w jakimkolwiek podr\u0119czniku do nauki j\u0119zyka. Nast\u0119pnie przejd\u017a do zda\u0144. W ka\u017cdej cz\u0119\u015bci panuje zasada, \u017ce w momencie opanowania s\u0142uchania t\u0142umacze\u0144 z niemieckiego na polski (lekcja 3.) kontynuujesz t\u0142umaczenia z polskiego na niemiecki (lekcja 4.). Je\u017celi opanujesz t\u0142umaczenia zda\u0144 z niemieckiego na polski (lekcja 5.) w trakcie przerwy przed polskim t\u0142umaczeniem, osi\u0105gn\u0105\u0142e\u015b wymarzony cel. Dodatkowo masz do dyspozycji nagrania zda\u0144 tylko po niemiecku (lekcja 6.), kt\u00f3re powiniene\u015b ju\u017c rozumie\u0107.<\/p>\n<ul>\n<li>Lekcja 01 &#8211; Czasownik SEIN \u2013 By\u0107<\/li>\n<li>Lekcja 02 &#8211; Odmiana czasownik\u00f3w regularnych<\/li>\n<li>Lekcja 03 &#8211; Rodzajnik okre\u015blony oraz nieokre\u015blony, przeczenie KEIN<\/li>\n<li>Lekcja 04 &#8211; Odmiana rzeczownik\u00f3w<\/li>\n<li>Lekcja 05 &#8211; Zaimki<\/li>\n<li>Lekcja 06 &#8211; Czasowniki z wymian\u0105 g\u0142oskow\u0105<\/li>\n<li>Lekcja 07 &#8211; Tryb rozkazuj\u0105cy<\/li>\n<li>Lekcja 08 &#8211; Odmiana zaimk\u00f3w osobowych<\/li>\n<li>Lekcja 09 &#8211; Czasowniki modalne<\/li>\n<li>Lekcja 10 &#8211; Czasowniki rozdzielnie z\u0142o\u017cone<\/li>\n<li>Lekcja 11 &#8211; Przyimki z Celownikiem<\/li>\n<li>Lekcja 12 &#8211; Przyimki z Biernikiem<\/li>\n<li>Lekcja 13 &#8211; Przyimki z Celownikiem i Biernikiemy<\/li>\n<li>Lekcja 14 &#8211; Typowe zwroty \u0142\u0105cz\u0105ce przyimek i rzeczownik<\/li>\n<li>Lekcja 15 &#8211; Czasowniki zwrotne<\/li>\n<li>Lekcja 16 &#8211; Odmiana przymiotnik\u00f3w<\/li>\n<li>Lekcja 17 &#8211; Stopniowanie przymiotnik\u00f3w<\/li>\n<li>Lekcja 18 &#8211; Czasowniki z przyimkami<\/li>\n<li>Lekcja 19 &#8211; Czas przysz\u0142y \u2013 czasownik WERDEN<\/li>\n<li>Lekcja 20 &#8211; Wst\u0119p do czasu przesz\u0142ego \u2013 czas przesz\u0142y czasownika BY\u0106<\/li>\n<li>Lekcja 21 &#8211; Czas przesz\u0142y- perfekt<\/li>\n<li>Lekcja 22 &#8211; Czas przesz\u0142y Imperfekt- Pr\u00e4teritum<\/li>\n<li>Lekcja 23 &#8211; Formy przesz\u0142e czasownik\u00f3w modalnych<\/li>\n<li>Lekcja 24 &#8211; Konstrukcja bezokolicznikowa z HABEN ZU i SEIN ZU<\/li>\n<li>Lekcja 25 &#8211; Bezokolicznik z zu i bez zu<\/li>\n<li>Lekcja 26 &#8211; Strona bierna<\/li>\n<li>Lekcja 27 &#8211; Tryb przypuszczaj\u0105cy<\/li>\n<li>Lekcja 28 &#8211; Wyra\u017cenia MAN i ES GIBT<\/li>\n<\/ul>\n<p>W skrypcie znajdziesz plan nauki, spis playlisty (je\u015bli czego\u015b nie zrozumiesz), fiszki obustronne, dzi\u0119ki kt\u00f3rym mo\u017cna si\u0119 uczy\u0107 i powtarza\u0107 nawet wtedy, kiedy nie mo\u017cna s\u0142ucha\u0107 nagra\u0144. A dla tych, kt\u00f3rzy ch\u0119tnie si\u0119 sprawdzaj\u0105, przygotowany jest test z ka\u017cdej lekcji z kluczem odpowiedzi.<\/p>\n","protected":false},"excerpt":{"rendered":"<p>Masz przed sob\u0105 kurs audio Gramatyka niemiecka B1. W kursie tym, kt\u00f3ry jest przeznaczony dla lekko i \u015brednio zaawansowanych, powt\u00f3rzysz i poszerzysz wiedz\u0119 z zakresu stosowania czasu, trudniejszych przyimk\u00f3w, zaimk\u00f3w, trybu przypuszczaj\u0105cego, bezokolicznika i innych temat\u00f3w.<\/p>\n","protected":false},"featured_media":1047,"comment_status":"open","ping_status":"closed","template":"","meta":{"_acf_changed":false,"inline_featured_image":false,"_sitemap_exclude":false,"_sitemap_priority":"","_sitemap_frequency":""},"product_brand":[],"product_cat":[60,23],"product_tag":[],"class_list":{"0":"post-1023","1":"product","2":"type-product","3":"status-publish","4":"has-post-thumbnail","6":"product_cat-ogolny-niemiecki","7":"product_cat-niemiecki","9":"first","10":"instock","11":"downloadable","12":"virtual","13":"purchasable","14":"product-type-simple"},"acf":[],"_links":{"self":[{"href":"https:\/\/audioacademyeu.eu\/pl\/wp-json\/wp\/v2\/product\/1023","targetHints":{"allow":["GET"]}}],"collection":[{"href":"https:\/\/audioacademyeu.eu\/pl\/wp-json\/wp\/v2\/product"}],"about":[{"href":"https:\/\/audioacademyeu.eu\/pl\/wp-json\/wp\/v2\/types\/product"}],"replies":[{"embeddable":true,"href":"https:\/\/audioacademyeu.eu\/pl\/wp-json\/wp\/v2\/comments?post=1023"}],"wp:featuredmedia":[{"embeddable":true,"href":"https:\/\/audioacademyeu.eu\/pl\/wp-json\/wp\/v2\/media\/1047"}],"wp:attachment":[{"href":"https:\/\/audioacademyeu.eu\/pl\/wp-json\/wp\/v2\/media?parent=1023"}],"wp:term":[{"taxonomy":"product_brand","embeddable":true,"href":"https:\/\/audioacademyeu.eu\/pl\/wp-json\/wp\/v2\/product_brand?post=1023"},{"taxonomy":"product_cat","embeddable":true,"href":"https:\/\/audioacademyeu.eu\/pl\/wp-json\/wp\/v2\/product_cat?post=1023"},{"taxonomy":"product_tag","embeddable":true,"href":"https:\/\/audioacademyeu.eu\/pl\/wp-json\/wp\/v2\/product_tag?post=1023"}],"curies":[{"name":"wp","href":"https:\/\/api.w.org\/{rel}","templated":true}]}}