
{"id":52,"date":"2022-09-08T12:58:22","date_gmt":"2022-09-08T10:58:22","guid":{"rendered":"https:\/\/audioacademyeu.eu\/pl\/?page_id=52"},"modified":"2026-02-10T16:34:04","modified_gmt":"2026-02-10T15:34:04","slug":"contact","status":"publish","type":"page","link":"https:\/\/audioacademyeu.eu\/pl\/contact\/","title":{"rendered":"Kontakt"},"content":{"rendered":"\n<figure class=\"wp-block-image alignright size-full is-resized\"><img fetchpriority=\"high\" decoding=\"async\" src=\"http:\/\/audioacademyeu.eu\/pl\/wp-content\/uploads\/sites\/5\/2022\/09\/tomas_dvoracek-270x361-1.jpg\" alt=\"Tom\u00e1\u0161 Dvo\u0159\u00e1\u010dek\" class=\"wp-image-29\" width=\"383\" height=\"512\" srcset=\"https:\/\/audioacademyeu.eu\/pl\/wp-content\/uploads\/sites\/5\/2022\/09\/tomas_dvoracek-270x361-1.jpg 270w, https:\/\/audioacademyeu.eu\/pl\/wp-content\/uploads\/sites\/5\/2022\/09\/tomas_dvoracek-270x361-1-224x300.jpg 224w, https:\/\/audioacademyeu.eu\/pl\/wp-content\/uploads\/sites\/5\/2022\/09\/tomas_dvoracek-270x361-1-150x201.jpg 150w\" sizes=\"(max-width: 383px) 100vw, 383px\" \/><\/figure>\n\n\n\n<p>Witam, mam na imi\u0119 Tomas, mam 42 lata i mieszkam w pobli\u017cu Ostrawy. Ca\u0142e \u017cycie zawodowo i profesjonalnie zajmuj\u0119 si\u0119 nauczaniem j\u0119zyk\u00f3w obcych. Znam j\u0119zyk angielski, niemiecki, francuski, hiszpa\u0144ski i w\u0142oski. Poza moim pierwszym j\u0119zykiem obcym &#8211; angielskim &#8211; wszystkich innych j\u0119zyk\u00f3w nauczy\u0142am si\u0119 poprzez s\u0142uchanie, a nast\u0119pnie prac\u0119 z dwustronnymi kartami, czyli wed\u0142ug systemu, kt\u00f3ry znajdziesz na tej stronie.<\/p>\n\n\n\n<p>By\u0142oby mi niezmiernie mi\u0142o, gdyby\u015b napisa\u0142 do mnie nie tylko, je\u015bli masz pytanie dotycz\u0105ce kt\u00f3rego\u015b z kurs\u00f3w, ale tak\u017ce je\u015bli interesuje Ci\u0119 cokolwiek zwi\u0105zanego z nauk\u0105 j\u0119zyk\u00f3w obcych. Ch\u0119tnie nie tylko podziel\u0119 si\u0119 swoimi do\u015bwiadczeniami, ale r\u00f3wnie\u017c bardzo ch\u0119tnie przyjm\u0119 Wasze wskaz\u00f3wki i propozycje ulepsze\u0144. Z niecierpliwo\u015bci\u0105 czekam na wiadomo\u015b\u0107 od Ciebie.<\/p>\n\n\n\n<p>Mi\u0142ego dnia, Tomas<\/p>\n\n\n\n<p>In\u017c. Tom\u00e1\u0161 Dvo\u0159\u00e1\u010dek<br>Mal\u00e1 strana 86,<br>74285 V\u0159esina<\/p>\n\n\n\n<p>email: eshop@audioacademyeu.eu<br>tel.: +420 603 591 994<br>I\u010cO: 61951404<\/p>\n\n\n\n<p>Przet\u0142umaczono z www.DeepL.com\/Translator (wersja darmowa)<\/p>\n","protected":false},"excerpt":{"rendered":"<p>Witam, mam na imi\u0119 Tomas, mam 42 lata i mieszkam w pobli\u017cu Ostrawy. Ca\u0142e \u017cycie zawodowo i profesjonalnie zajmuj\u0119 si\u0119 nauczaniem j\u0119zyk\u00f3w obcych. Znam j\u0119zyk angielski, niemiecki, francuski, hiszpa\u0144ski i w\u0142oski. Poza moim pierwszym j\u0119zykiem obcym &#8211; angielskim &#8211; wszystkich innych j\u0119zyk\u00f3w nauczy\u0142am si\u0119 poprzez s\u0142uchanie, a nast\u0119pnie prac\u0119 z dwustronnymi kartami, czyli wed\u0142ug systemu, [&hellip;]<\/p>\n","protected":false},"author":1,"featured_media":22,"parent":0,"menu_order":0,"comment_status":"closed","ping_status":"closed","template":"","meta":{"_acf_changed":false,"inline_featured_image":false,"_sitemap_exclude":false,"_sitemap_priority":"","_sitemap_frequency":"","footnotes":""},"class_list":["post-52","page","type-page","status-publish","has-post-thumbnail","hentry"],"acf":[],"_links":{"self":[{"href":"https:\/\/audioacademyeu.eu\/pl\/wp-json\/wp\/v2\/pages\/52","targetHints":{"allow":["GET"]}}],"collection":[{"href":"https:\/\/audioacademyeu.eu\/pl\/wp-json\/wp\/v2\/pages"}],"about":[{"href":"https:\/\/audioacademyeu.eu\/pl\/wp-json\/wp\/v2\/types\/page"}],"author":[{"embeddable":true,"href":"https:\/\/audioacademyeu.eu\/pl\/wp-json\/wp\/v2\/users\/1"}],"replies":[{"embeddable":true,"href":"https:\/\/audioacademyeu.eu\/pl\/wp-json\/wp\/v2\/comments?post=52"}],"version-history":[{"count":4,"href":"https:\/\/audioacademyeu.eu\/pl\/wp-json\/wp\/v2\/pages\/52\/revisions"}],"predecessor-version":[{"id":76,"href":"https:\/\/audioacademyeu.eu\/pl\/wp-json\/wp\/v2\/pages\/52\/revisions\/76"}],"wp:featuredmedia":[{"embeddable":true,"href":"https:\/\/audioacademyeu.eu\/pl\/wp-json\/wp\/v2\/media\/22"}],"wp:attachment":[{"href":"https:\/\/audioacademyeu.eu\/pl\/wp-json\/wp\/v2\/media?parent=52"}],"curies":[{"name":"wp","href":"https:\/\/api.w.org\/{rel}","templated":true}]}}