
{"id":50,"date":"2022-09-08T12:57:39","date_gmt":"2022-09-08T10:57:39","guid":{"rendered":"https:\/\/audioacademyeu.eu\/pl\/?page_id=50"},"modified":"2026-02-10T16:33:48","modified_gmt":"2026-02-10T15:33:48","slug":"how-to-study","status":"publish","type":"page","link":"https:\/\/audioacademyeu.eu\/pl\/how-to-study\/","title":{"rendered":"Jak si\u0119 uczy\u0107"},"content":{"rendered":"\n<p>Po zakupie kursu za\u0142o\u017cysz konto na stronie audioacademy.eu, gdzie pojawi\u0105 Ci si\u0119 \u015bcie\u017cki d\u017awi\u0119kowe w formacie mp3. Pobierz je na telefon kom\u00f3rkowy lub inne urz\u0105dzenie, na kt\u00f3rym mo\u017cesz je ods\u0142ucha\u0107, skrypty do kursu pobierz na stronie www.audioacademyeu.eu w sekcji Skrypty do pobrania.<\/p>\n\n\n\n<p>Wybierz lekcj\u0119, kt\u00f3r\u0105 chcesz opanowa\u0107 &#8211; mo\u017ce za par\u0119 dni przyjedzie do Ciebie kto\u015b w odwiedziny i zechcesz powiedzie\u0107 kilka zwrot\u00f3w w ramach uprzejmo\u015bci. Zacznij wi\u0119c od pozdrowie\u0144, a nie od podr\u00f3\u017cy.<\/p>\n\n\n\n<p>Potnij dwustronne fiszki i podziel je na s\u0142owa oraz zdania &#8211; s\u0142owa umie\u015b\u0107 na jednym stosie, a zdania na drugim<\/p>\n\n\n\n<p>Pos\u0142uchaj kilkakrotnie utworu 1 i utworu 2, a nast\u0119pnie przejd\u017a przez fiszki ze s\u0142ownictwem, a\u017c do opanowania s\u0142\u00f3w. Je\u015bli jeste\u015b zupe\u0142nie pocz\u0105tkuj\u0105cy, pos\u0142uchaj utwor\u00f3w 1 i 2 z tekstem skrypt i zapisz wymow\u0119 na fiszkach. S\u0142uchaj raz lub dwa razy dziennie i \u0107wicz fiszki dwa razy dziennie.<\/p>\n\n\n\n<p>Zacznij ponownie od wersji obcoj\u0119zycznej na polsk\u0105, a gdy zrozumiesz wszystkie s\u0142owa i zdania, przejd\u017a do wersji polsko-obcoj\u0119zycznej.<\/p>\n\n\n\n<p>Wi\u0119kszo\u015b\u0107 czasu po\u015bwi\u0119casz na same zdania. Prze\u0107wicz r\u00f3wnie\u017c zdania na kartach. Czy potrafisz zrozumie\u0107 zdanie w j\u0119zyku obcym, zanim us\u0142yszysz polskie t\u0142umaczenie? Czy potrafisz przet\u0142umaczy\u0107 zdanie z j\u0119zyka obcego na polski, zanim us\u0142yszysz t\u0142umaczenie? Je\u015bli na te pytania odpowiedzia\u0142e\u015b twierdz\u0105co, to gratuluj\u0119 i jeste\u015b na dobrej drodze do kolejnej lekcji.<\/p>\n\n\n\n<p>Zapisz sobie w planie lekcji zako\u0144czenie ka\u017cdego \u0107wiczenia i lekcji. Kedy opanowa\u0142e\u015b dan\u0105 lekcj\u0119? Gdy bez zbytniego zastanowienia przet\u0142umaczysz zdania w \u015bcie\u017cce 6 z j\u0119zyka polskiego na j\u0119zyk obcy<\/p>\n\n\n\n<p>Nie zapominajmy, \u017ce powtarzanie jest matk\u0105 m\u0105dro\u015bci. Dlatego np. raz w miesi\u0105cu powt\u00f3rz lekcje, kt\u00f3rych ju\u017c si\u0119 nauczy\u0142e\u015b, na kartkach lub poprzez ponowne s\u0142uchanie. Najlepiej jednak, je\u015bli u\u017cyjesz s\u0142\u00f3w i zda\u0144 w bezpo\u015bredniej komunikacji, pisemnej, a najlepiej ustnej. Wtedy zapami\u0119tasz je najlepiej!<\/p>\n","protected":false},"excerpt":{"rendered":"<p>Po zakupie kursu za\u0142o\u017cysz konto na stronie audioacademy.eu, gdzie pojawi\u0105 Ci si\u0119 \u015bcie\u017cki d\u017awi\u0119kowe w formacie mp3. Pobierz je na telefon kom\u00f3rkowy lub inne urz\u0105dzenie, na kt\u00f3rym mo\u017cesz je ods\u0142ucha\u0107, skrypty do kursu pobierz na stronie www.audioacademyeu.eu w sekcji Skrypty do pobrania. Wybierz lekcj\u0119, kt\u00f3r\u0105 chcesz opanowa\u0107 &#8211; mo\u017ce za par\u0119 dni przyjedzie do Ciebie [&hellip;]<\/p>\n","protected":false},"author":1,"featured_media":22,"parent":0,"menu_order":0,"comment_status":"closed","ping_status":"closed","template":"","meta":{"_acf_changed":false,"inline_featured_image":false,"_sitemap_exclude":false,"_sitemap_priority":"","_sitemap_frequency":"","footnotes":""},"class_list":["post-50","page","type-page","status-publish","has-post-thumbnail","hentry"],"acf":[],"_links":{"self":[{"href":"https:\/\/audioacademyeu.eu\/pl\/wp-json\/wp\/v2\/pages\/50","targetHints":{"allow":["GET"]}}],"collection":[{"href":"https:\/\/audioacademyeu.eu\/pl\/wp-json\/wp\/v2\/pages"}],"about":[{"href":"https:\/\/audioacademyeu.eu\/pl\/wp-json\/wp\/v2\/types\/page"}],"author":[{"embeddable":true,"href":"https:\/\/audioacademyeu.eu\/pl\/wp-json\/wp\/v2\/users\/1"}],"replies":[{"embeddable":true,"href":"https:\/\/audioacademyeu.eu\/pl\/wp-json\/wp\/v2\/comments?post=50"}],"version-history":[{"count":1,"href":"https:\/\/audioacademyeu.eu\/pl\/wp-json\/wp\/v2\/pages\/50\/revisions"}],"predecessor-version":[{"id":51,"href":"https:\/\/audioacademyeu.eu\/pl\/wp-json\/wp\/v2\/pages\/50\/revisions\/51"}],"wp:featuredmedia":[{"embeddable":true,"href":"https:\/\/audioacademyeu.eu\/pl\/wp-json\/wp\/v2\/media\/22"}],"wp:attachment":[{"href":"https:\/\/audioacademyeu.eu\/pl\/wp-json\/wp\/v2\/media?parent=50"}],"curies":[{"name":"wp","href":"https:\/\/api.w.org\/{rel}","templated":true}]}}