
{"id":2092,"date":"2025-06-18T22:55:06","date_gmt":"2025-06-18T20:55:06","guid":{"rendered":"https:\/\/audioacademyeu.eu\/pl\/?page_id=2092"},"modified":"2026-02-11T17:24:59","modified_gmt":"2026-02-11T16:24:59","slug":"go-interactive","status":"publish","type":"page","link":"https:\/\/audioacademyeu.eu\/pl\/go-interactive\/","title":{"rendered":"GO Interactive"},"content":{"rendered":"\n<p class=\"has-text-align-center\">\u015arodowisko edukacyjne Interactive jest teraz dost\u0119pne wszystkim, kt\u00f3rzy zakupili jeden z naszych kurs\u00f3w.<br>Je\u015bli kupi\u0142e\u015b kurs na tej stronie, kliknij prosz\u0119 przycisk \u201eKupione tutaj\u201d. Je\u015bli kupi\u0142e\u015b kurs u jednego z naszych partner\u00f3w, kliknij prosz\u0119 przycisk po prawej \u2013 \u201eKupione u partnera\u201d.<\/p>\n\n\n\n<p class=\"has-text-align-center\"><\/p>\n\n\n\n<div class=\"wp-block-columns is-layout-flex wp-container-core-columns-is-layout-28f84493 wp-block-columns-is-layout-flex\">\n<div class=\"wp-block-column is-layout-flow wp-block-column-is-layout-flow\">\n<div class=\"wp-block-buttons is-content-justification-center is-layout-flex wp-container-core-buttons-is-layout-a89b3969 wp-block-buttons-is-layout-flex\" id=\"interactive-redirect\">\n<div class=\"wp-block-button\"><a class=\"wp-block-button__link has-black-color has-vivid-green-cyan-background-color has-text-color has-background has-link-color wp-element-button\">Kupione tutaj<\/a><\/div>\n<\/div>\n\n\n\n<p class=\"has-text-align-center\">Klikni\u0119cie przycisku przekieruje Ci\u0119 na stron\u0119 Twojego konta. Je\u015bli jeste\u015b zalogowany, wystarczy klikn\u0105\u0107 logo Interactive, a kurs b\u0119dzie od razu dost\u0119pny bez ponownego logowania. Je\u015bli nie jeste\u015b zalogowany, prosimy o zalogowanie.<\/p>\n\n\n\n<p class=\"has-text-align-center\">Na stron\u0119 Interactive mo\u017cesz przej\u015b\u0107 bezpo\u015brednio; nazwa u\u017cytkownika i has\u0142o s\u0105 takie same, jak w Twoim koncie tutaj.&nbsp;<\/p>\n<\/div>\n\n\n\n<div class=\"wp-block-column is-layout-flow wp-block-column-is-layout-flow\">\n<div class=\"wp-block-buttons is-content-justification-center is-layout-flex wp-container-core-buttons-is-layout-a89b3969 wp-block-buttons-is-layout-flex\">\n<div class=\"wp-block-button\"><a class=\"wp-block-button__link has-luminous-vivid-orange-background-color has-background wp-element-button\" href=\"https:\/\/audioacademyeu.eu\/pl\/purchased-from-partner\/\">Kupione u partnera<\/a><\/div>\n<\/div>\n\n\n\n<p class=\"has-text-align-center\">Klikni\u0119cie przycisku przekieruje Ci\u0119 na stron\u0119 rejestracji. B\u0119dziesz musia\u0142 utworzy\u0107 konto na tej stronie.<br>Do rejestracji potrzebujemy tylko Twojego imienia i nazwiska, adresu e-mail oraz nazwy kursu, kt\u00f3ry zakupi\u0142e\u015b.<\/p>\n<\/div>\n<\/div>\n\n\n\n<p><a role=\"button\"><br><\/a><\/p>\n\n\n\n<p class=\"has-text-align-center\"><\/p>\n\n\n\n<figure class=\"wp-block-embed is-type-video is-provider-youtube wp-block-embed-youtube wp-embed-aspect-16-9 wp-has-aspect-ratio\"><div class=\"wp-block-embed__wrapper\">\n<div class=\"video-container\"><iframe title=\"Audioacademy Interactive\" width=\"1170\" height=\"658\" src=\"https:\/\/www.youtube.com\/embed\/-Hg4VQAYKeo?feature=oembed\" frameborder=\"0\" allow=\"accelerometer; autoplay; clipboard-write; encrypted-media; gyroscope; picture-in-picture; web-share\" referrerpolicy=\"strict-origin-when-cross-origin\" allowfullscreen><\/iframe><\/div>\n<\/div><\/figure>\n\n\n\n<p><\/p>\n","protected":false},"excerpt":{"rendered":"<p>\u015arodowisko edukacyjne Interactive jest teraz dost\u0119pne wszystkim, kt\u00f3rzy zakupili jeden z naszych kurs\u00f3w.Je\u015bli kupi\u0142e\u015b kurs na tej stronie, kliknij prosz\u0119 przycisk \u201eKupione tutaj\u201d. Je\u015bli kupi\u0142e\u015b kurs u jednego z naszych partner\u00f3w, kliknij prosz\u0119 przycisk po prawej \u2013 \u201eKupione u partnera\u201d. Klikni\u0119cie przycisku przekieruje Ci\u0119 na stron\u0119 Twojego konta. Je\u015bli jeste\u015b zalogowany, wystarczy klikn\u0105\u0107 logo Interactive, [&hellip;]<\/p>\n","protected":false},"author":1976,"featured_media":0,"parent":0,"menu_order":0,"comment_status":"closed","ping_status":"closed","template":"","meta":{"_acf_changed":false,"inline_featured_image":false,"_sitemap_exclude":false,"_sitemap_priority":"","_sitemap_frequency":"","footnotes":""},"class_list":["post-2092","page","type-page","status-publish","hentry"],"acf":[],"_links":{"self":[{"href":"https:\/\/audioacademyeu.eu\/pl\/wp-json\/wp\/v2\/pages\/2092","targetHints":{"allow":["GET"]}}],"collection":[{"href":"https:\/\/audioacademyeu.eu\/pl\/wp-json\/wp\/v2\/pages"}],"about":[{"href":"https:\/\/audioacademyeu.eu\/pl\/wp-json\/wp\/v2\/types\/page"}],"author":[{"embeddable":true,"href":"https:\/\/audioacademyeu.eu\/pl\/wp-json\/wp\/v2\/users\/1976"}],"replies":[{"embeddable":true,"href":"https:\/\/audioacademyeu.eu\/pl\/wp-json\/wp\/v2\/comments?post=2092"}],"version-history":[{"count":5,"href":"https:\/\/audioacademyeu.eu\/pl\/wp-json\/wp\/v2\/pages\/2092\/revisions"}],"predecessor-version":[{"id":2205,"href":"https:\/\/audioacademyeu.eu\/pl\/wp-json\/wp\/v2\/pages\/2092\/revisions\/2205"}],"wp:attachment":[{"href":"https:\/\/audioacademyeu.eu\/pl\/wp-json\/wp\/v2\/media?parent=2092"}],"curies":[{"name":"wp","href":"https:\/\/api.w.org\/{rel}","templated":true}]}}