
{"id":1478,"date":"2023-12-06T13:05:10","date_gmt":"2023-12-06T12:05:10","guid":{"rendered":"https:\/\/audioacademyeu.eu\/pl\/?page_id=1478"},"modified":"2023-12-20T10:59:39","modified_gmt":"2023-12-20T09:59:39","slug":"skrypty-spotify","status":"publish","type":"page","link":"https:\/\/audioacademyeu.eu\/pl\/skrypty-spotify\/","title":{"rendered":"Skrypty SPOTIFY"},"content":{"rendered":"\n<h2 class=\"wp-block-heading\">Angielski<\/h2>\n\n\n\n<div class=\"scripta\">\n      <div class=\"scripta_title\">Angielski &#8211; S\u0142ownictwo A1, A2<\/div>\n      <div class=\"scripta_download\">\n            <a href=\"http:\/\/audioacademyeu.eu\/pl\/wp-content\/uploads\/sites\/5\/2023\/12\/Skrypty_Angielski-dla-poczatkujacych-A1-A2._01.pdf\"\n                  title=\"Audioacademyeu_skrypt_S\u0142ownictwo anglielskie A1,A2_part01\"\n                  alt=\"Download Angielski - S\u0142ownictwo A1, A2\"><span class=\"dashicons dashicons-download\"><\/span><\/a>,\n            <a href=\"http:\/\/audioacademyeu.eu\/pl\/wp-content\/uploads\/sites\/5\/2023\/12\/Skrypty_Angielski-dla-poczatkujacych-A1-A2._02.pdf\"\n                  title=\"Audioacademyeu_skrypt_S\u0142ownictwo anglielskie A1,A2_part02\"\n                  alt=\"Download Angielski - S\u0142ownictwo A1, A2\"><span class=\"dashicons dashicons-download\"><\/span><\/a>,\n            <a href=\"http:\/\/audioacademyeu.eu\/pl\/wp-content\/uploads\/sites\/5\/2023\/12\/Skrypty_Angielski-dla-poczatkujacych-A1-A2._03.pdf\"\n                  title=\"Audioacademyeu_skrypt_S\u0142ownictwo anglielskie A1,A2_part03\"\n                  alt=\"Download Angielski - S\u0142ownictwo A1, A2\"><span class=\"dashicons dashicons-download\"><\/span><\/a>,\n            <a href=\"http:\/\/audioacademyeu.eu\/pl\/wp-content\/uploads\/sites\/5\/2023\/12\/Skrypty_Angielski-dla-poczatkujacych-A1-A2._04.pdf\"\n                  title=\"Audioacademyeu_skrypt_S\u0142ownictwo anglielskie A1,A2_part04\"\n                  alt=\"Download Angielski - S\u0142ownictwo A1, A2\"><span class=\"dashicons dashicons-download\"><\/span><\/a>\n      <\/div>\n      <div class=\"scripta_title\">Angielski &#8211; S\u0142ownictwo B1<\/div>\n      <div class=\"scripta_download\"><a\n                  href=\"http:\/\/audioacademyeu.eu\/pl\/wp-content\/uploads\/sites\/5\/2023\/12\/Skrypty_Angielski-dla-srednio-zaawansowanych-B1_czesc-01_01.pdf\"\n                  title=\"Audioacademyeu_skrypt_S\u0142ownictwo anglielskie B1_part01\"\n                  alt=\"Download Angielski - S\u0142ownictwo B1\"><span class=\"dashicons dashicons-download\"><\/span><\/a>, <a\n                  href=\"http:\/\/audioacademyeu.eu\/pl\/wp-content\/uploads\/sites\/5\/2023\/12\/Skrypty_Angielski-dla-srednio-zaawansowanych-B1_czesc-01_02.pdf\"\n                  title=\"Audioacademyeu_skrypt_S\u0142ownictwo anglielskie B1_part02\"\n                  alt=\"Download Angielski - S\u0142ownictwo B1\"><span class=\"dashicons dashicons-download\"><\/span><\/a>,\n      <\/div>\n      <div class=\"scripta_title\">Angielski &#8211; Slownictwo B2<\/div>\n      <div class=\"scripta_download\">\n            <a href=\"http:\/\/audioacademyeu.eu\/pl\/wp-content\/uploads\/sites\/5\/2023\/12\/Skrypty_Angielski-dla-srednio-zaawansowanych-B1_czesc-02_01.pdf\"\n                  title=\"Audioacademyeu_skrypt_S\u0142ownictwo anglielskie B2\"\n                  alt=\"Download Angielski - Slownictwo B2 - part 01\"><span\n                        class=\"dashicons dashicons-download\"><\/span><\/a>,\n            <a href=\"http:\/\/audioacademyeu.eu\/pl\/wp-content\/uploads\/sites\/5\/2023\/12\/Skrypty_Angielski-dla-srednio-zaawansowanych-B1_czesc-02_02.pdf\"\n                  title=\"Audioacademyeu_skrypt_S\u0142ownictwo anglielskie B2\"\n                  alt=\"Download Angielski - Slownictwo B2 - part 02\"><span\n                        class=\"dashicons dashicons-download\"><\/span><\/a>\n      <\/div>\n      <div class=\"scripta_title\">Angielski na urlopie<\/div>\n      <div class=\"scripta_download\">\n            <a href=\"http:\/\/audioacademyeu.eu\/pl\/wp-content\/uploads\/sites\/5\/2023\/12\/Skrypty-_Angielski-na-urlopie-A1-B1_01.pdf\"\n                  title=\"Audioacademyeu_skrypt_Angielski na urlopie\" alt=\"Download Angielski na urlopie - part 01\"><span\n                        class=\"dashicons dashicons-download\"><\/span><\/a>,\n            <a href=\"http:\/\/audioacademyeu.eu\/pl\/wp-content\/uploads\/sites\/5\/2023\/12\/Skrypty-_Angielski-na-urlopie-A1-B1_02.pdf\"\n                  title=\"Audioacademyeu_skrypt_Angielski na urlopie\" alt=\"Download Angielski na urlopie - part 02\"><span\n                        class=\"dashicons dashicons-download\"><\/span><\/a>,\n      <\/div>\n      <div class=\"scripta_title\">Angielski w pracy<\/div>\n      <div class=\"scripta_download\"><a\n                  href=\"http:\/\/audioacademyeu.eu\/pl\/wp-content\/uploads\/sites\/5\/2023\/12\/Skrypty_Angielski-w-pracy-A1-B1_01.pdf\"\n                  title=\"Skrypty_Angielski w pracy A1-B1_01\" alt=\"Download Angielski w pracy\"><span\n                        class=\"dashicons dashicons-download\"><\/span><\/a>, <a\n                  href=\"http:\/\/audioacademyeu.eu\/pl\/wp-content\/uploads\/sites\/5\/2023\/12\/Skrypty_Angielski-w-pracy-A1-B1_02.pdf\"\n                  title=\"Skrypty_Angielski w pracy A1-B1_02\" alt=\"Download Angielski w pracy\"><span\n                        class=\"dashicons dashicons-download\"><\/span><\/a>, <\/div>\n\n\n\n      <div class=\"scripta_title\">Gramatyka angielska A1\/A2<\/div>\n      <div class=\"scripta_download\"><a\n                  href=\"http:\/\/audioacademyeu.eu\/pl\/wp-content\/uploads\/sites\/5\/2023\/12\/Skrypt-Angielska-gramatyka-A1A2.pdf\"\n                  title=\"gramatyka_angielska_A1_A2_skrypt\" alt=\"Download Gramatyka angielska A1\/A2\"><span\n                        class=\"dashicons dashicons-download\"><\/span><\/a> <\/div>\n      <div class=\"scripta_title\">Gramatyka angielska B1<\/div>\n      <div class=\"scripta_download\"><a\n                  href=\"http:\/\/audioacademyeu.eu\/pl\/wp-content\/uploads\/sites\/5\/2023\/12\/Skrypt-Angielska-Gramatyka-B1.pdf\"\n                  title=\"gramatyka_angielska_b1_skrypt\" alt=\"Download Gramatyka angielska B1\"><span\n                        class=\"dashicons dashicons-download\"><\/span><\/a> <\/div>\n<\/div>\n\n\n\n<p><\/p>\n\n\n\n<h2 class=\"wp-block-heading\">Hiszpa\u0144ski<\/h2>\n\n\n\n<div class=\"scripta\">\n      <div class=\"scripta_title\">Hiszpa\u0144ski dla pocz\u0105tkuj\u0105cych A1-A2<\/div>\n      <div class=\"scripta_download\">\n            <a href=\"http:\/\/audioacademyeu.eu\/pl\/wp-content\/uploads\/sites\/5\/2023\/12\/Skrypty_Hiszpanski-dla-poczatkujacych-A1-A2_01.pdf\" title=\"Hiszpa\u0144ski dla pocz\u0105tkuj\u0105cych A1-A2 - 01\" alt=\"Download Hiszpa\u0144ski dla pocz\u0105tkuj\u0105cych A1-A2 - 01\"><span class=\"dashicons dashicons-download\"><\/span><\/a>, \n            <a href=\"http:\/\/audioacademyeu.eu\/pl\/wp-content\/uploads\/sites\/5\/2023\/12\/Skrypty_Hiszpanski-dla-poczatkujacych-A1-A2_02.pdf\" title=\"Hiszpa\u0144ski dla pocz\u0105tkuj\u0105cych A1-A2 - 02\" alt=\"Download Hiszpa\u0144ski dla pocz\u0105tkuj\u0105cych A1-A2 - 02\"><span class=\"dashicons dashicons-download\"><\/span><\/a>, \n            <a href=\"http:\/\/audioacademyeu.eu\/pl\/wp-content\/uploads\/sites\/5\/2023\/12\/Skrypty_Hiszpanski-dla-poczatkujacych-A1-A2_03.pdf\" title=\"Hiszpa\u0144ski dla pocz\u0105tkuj\u0105cych A1-A2 - 03\" alt=\"Download Hiszpa\u0144ski dla pocz\u0105tkuj\u0105cych A1-A2 - 03\"><span class=\"dashicons dashicons-download\"><\/span><\/a>, \n            <a href=\"http:\/\/audioacademyeu.eu\/pl\/wp-content\/uploads\/sites\/5\/2023\/12\/Skrypty_Hiszpanski-dla-poczatkujacych-A1-A2_04.pdf\" title=\"Hiszpa\u0144ski dla pocz\u0105tkuj\u0105cych A1-A2 - 04\" alt=\"Download Hiszpa\u0144ski dla pocz\u0105tkuj\u0105cych A1-A2 - 04\"><span class=\"dashicons dashicons-download\"><\/span><\/a> \n      <\/div>\n      <div class=\"scripta_title\">Hiszpa\u0144ski dla \u015brednio zaawansowanych B1 &#8211; cz\u0119\u015b\u0107 01<\/div>\n      <div class=\"scripta_download\">\n            <a href=\"http:\/\/audioacademyeu.eu\/pl\/wp-content\/uploads\/sites\/5\/2023\/12\/Skrypty_Hiszpanski-dla-srednio-zaawansowanych-B1_czesc-01.pdf\" title=\"Hiszpa\u0144ski dla \u015brednio zaawansowanych B1 - 01 - 01 skrypt\" alt=\"Hiszpa\u0144ski dla \u015brednio zaawansowanych B1 - 01\"><span class=\"dashicons dashicons-download\"><\/span><\/a>,\n            <a href=\"http:\/\/audioacademyeu.eu\/pl\/wp-content\/uploads\/sites\/5\/2023\/12\/Skrypty_Hiszpanski-dla-srednio-zaawansowanych-B1_czesc-02.pdf\" title=\"Hiszpa\u0144ski dla \u015brednio zaawansowanych B1 - 01 - 02 skrypt\" alt=\"Hiszpa\u0144ski dla \u015brednio zaawansowanych B1 - 02\"><span class=\"dashicons dashicons-download\"><\/span><\/a>            \n      <\/div>\n      <div class=\"scripta_title\">Hiszpa\u0144ski dla \u015brednio zaawansowanych B1 &#8211; cz\u0119\u015b\u0107 02<\/div>\n      <div class=\"scripta_download\">\n            <a href=\"http:\/\/audioacademyeu.eu\/pl\/wp-content\/uploads\/sites\/5\/2023\/12\/Skrypty_Hiszpanski-dla-srednio-zaawansowanych-B1_czesc-02_01.pdf\" title=\"Hiszpa\u0144ski dla \u015brednio zaawansowanych B1 - 02 - 01 skrypt\" alt=\"Hiszpa\u0144ski dla \u015brednio zaawansowanych B1 - 01\"><span class=\"dashicons dashicons-download\"><\/span><\/a>,\n            <a href=\"http:\/\/audioacademyeu.eu\/pl\/wp-content\/uploads\/sites\/5\/2023\/12\/Skrypty_Hiszpanski-dla-srednio-zaawansowanych-B1_czesc-02_02.pdf\" title=\"Hiszpa\u0144ski dla \u015brednio zaawansowanych B1 - 02 - 01 skrypt\" alt=\"Hiszpa\u0144ski dla \u015brednio zaawansowanych B1 - 02\"><span class=\"dashicons dashicons-download\"><\/span><\/a>            \n      <\/div>\n      <div class=\"scripta_title\">Hiszpa\u0144ski w pracy A1-B1<\/div>\n      <div class=\"scripta_download\">\n            <a href=\"http:\/\/audioacademyeu.eu\/pl\/wp-content\/uploads\/sites\/5\/2023\/12\/Skrypty_Hiszpanski-w-pracy-A1-B1_czesc-01.pdf\" title=\"Hiszpa\u0144ski w pracy A1-B1 skrypt\" alt=\"Download Hiszpa\u0144ski w pracy A1-B1\"><span class=\"dashicons dashicons-download\"><\/span><\/a>, \n            <a href=\"http:\/\/audioacademyeu.eu\/pl\/wp-content\/uploads\/sites\/5\/2023\/12\/Skrypty_Hiszpanski-w-pracy-A1-B1_czesc-02.pdf\" title=\"Hiszpa\u0144ski w pracy A1-B1 skrypt\" alt=\"Download Hiszpa\u0144ski w pracy A1-B1\"><span class=\"dashicons dashicons-download\"><\/span><\/a>            \n      <\/div>      \n      <div class=\"scripta_title\">Hiszpa\u0144ski na urlopie A1-B1<\/div>\n      <div class=\"scripta_download\">\n            <a href=\"http:\/\/audioacademyeu.eu\/pl\/wp-content\/uploads\/sites\/5\/2023\/12\/Skrypty_Hiszpanski-na-urlopie-A1-B1_czesc-01.pdf\" title=\"Hiszpa\u0144ski na urlopie A1-B1 01 skrypt\" alt=\"Hiszpa\u0144ski na urlopie A1-B1 01\"><span class=\"dashicons dashicons-download\"><\/span><\/a>,\n            <a href=\"http:\/\/audioacademyeu.eu\/pl\/wp-content\/uploads\/sites\/5\/2023\/12\/Skrypty_Hiszpanski-na-urlopie-A1-B1_czesc-02.pdf\" title=\"Hiszpa\u0144ski na urlopie A1-B1 02 skrypt\" alt=\"Hiszpa\u0144ski na urlopie A1-B1 02\"><span class=\"dashicons dashicons-download\"><\/span><\/a>            \n      <\/div>\n<\/div>\n\n\n\n<p><\/p>\n\n\n\n<h2 class=\"wp-block-heading\">Niemiecki<\/h2>\n\n\n\n<div class=\"scripta\">\n      <div class=\"scripta_title\">Gramatyka niemiecka A1,A2<\/div>\n      <div class=\"scripta_download\"><a\n                  href=\"http:\/\/audioacademyeu.eu\/pl\/wp-content\/uploads\/sites\/5\/2023\/12\/Gramatyka-niemiecka-A1A2_skrypt.pdf\"\n                  title=\"gramatyka_niemiecka_A1_A2_skrypt\" alt=\"Download Gramatyka niemiecka A1,A2\"><span\n                        class=\"dashicons dashicons-download\"><\/span><\/a> <\/div>\n      <div class=\"scripta_title\">Gramatyka niemiecka B1<\/div>\n      <div class=\"scripta_download\"><a\n                  href=\"http:\/\/audioacademyeu.eu\/pl\/wp-content\/uploads\/sites\/5\/2023\/12\/Gramatyka-niemiecka-B1_skrypt_Teil-1.pdf\"\n                  title=\"gramatyka_niemiecka_B1_skrypt_Teil 1\" alt=\"Download Gramatyka niemiecka B1\"><span\n                        class=\"dashicons dashicons-download\"><\/span><\/a>, <a\n                  href=\"http:\/\/audioacademyeu.eu\/pl\/wp-content\/uploads\/sites\/5\/2023\/12\/Gramatyka-niemiecka-B1_skrypt_Teil-2.pdf\"\n                  title=\"gramatyka_niemiecka_B1_skrypt_Teil 2\" alt=\"Download Gramatyka niemiecka B1\"><span\n                        class=\"dashicons dashicons-download\"><\/span><\/a>, <\/div>\n      <div class=\"scripta_title\">Gramatyka niemiecka B2\/C1<\/div>\n      <div class=\"scripta_download\"><a\n                  href=\"http:\/\/audioacademyeu.eu\/pl\/wp-content\/uploads\/sites\/5\/2023\/12\/Gramatyka-niemiecka-B2_C1_skrypt.pdf\"\n                  title=\"gramatyka_niemiecka_B2_C1_skrypt\" alt=\"Download Gramatyka niemiecka B2\/C1\"><span\n                        class=\"dashicons dashicons-download\"><\/span><\/a> <\/div>\n      <div class=\"scripta_title\">Niemiecki &#8211; S\u0142ownictwo B2, C1<\/div>\n      <div class=\"scripta_download\">\n            <a href=\"http:\/\/audioacademyeu.eu\/pl\/wp-content\/uploads\/sites\/5\/2023\/12\/Skrypty_Slownictwo-niemieckie-dla-zaawansowanych-B2_01.pdf\"\n                  title=\"slownictwo_niemieckie_B2_C1_skrypt\" alt=\"Download Niemiecki - S\u0142ownictwo B2, C1 - part 1\"><span\n                        class=\"dashicons dashicons-download\"><\/span><\/a>,\n            <a href=\"http:\/\/audioacademyeu.eu\/pl\/wp-content\/uploads\/sites\/5\/2023\/12\/Skrypty_Slownictwo-niemieckie-dla-zaawansowanych-B2_02.pdf\"\n                  title=\"slownictwo_niemieckie_B2_C1_skrypt\" alt=\"Download Niemiecki - S\u0142ownictwo B2, C1 - part 2\"><span\n                        class=\"dashicons dashicons-download\"><\/span><\/a>\n      <\/div>\n      <div class=\"scripta_title\">Niemiecki \u2013 s\u0142\u00f3wka dla pocz\u0105tkuj\u0105cych A1, A2<\/div>\n      <div class=\"scripta_download\"><a\n                  href=\"http:\/\/audioacademyeu.eu\/pl\/wp-content\/uploads\/sites\/5\/2023\/12\/Skrypty_Slownictwo-niemieckie-dla-poczatkujacych-A1_A2_-01.pdf\"\n                  title=\"slownictvo_A1_A2_skrypt\" alt=\"Download Niemiecki \u2013 s\u0142\u00f3wka dla pocz\u0105tkuj\u0105cych A1, A2\"><span\n                        class=\"dashicons dashicons-download\"><\/span><\/a>,\n            <a href=\"http:\/\/audioacademyeu.eu\/pl\/wp-content\/uploads\/sites\/5\/2023\/12\/Skrypty_Slownictwo-niemieckie-dla-poczatkujacych-A1_A2_-02.pdf\"\n                  title=\"slownictvo_A1_A2_skrypt\" alt=\"Download Niemiecki \u2013 s\u0142\u00f3wka dla pocz\u0105tkuj\u0105cych A1, A2\"><span\n                        class=\"dashicons dashicons-download\"><\/span><\/a>,\n            <a href=\"http:\/\/audioacademyeu.eu\/pl\/wp-content\/uploads\/sites\/5\/2023\/12\/Skrypty_Slownictwo-niemieckie-dla-poczatkujacych-A1_A2_03.pdf\"\n                  title=\"slownictvo_A1_A2_skrypt\" alt=\"Download Niemiecki \u2013 s\u0142\u00f3wka dla pocz\u0105tkuj\u0105cych A1, A2\"><span\n                        class=\"dashicons dashicons-download\"><\/span><\/a>,\n            <a href=\"http:\/\/audioacademyeu.eu\/pl\/wp-content\/uploads\/sites\/5\/2023\/12\/Skrypty_Slownictwo-niemieckie-dla-poczatkujacych-A1_A2_04.pdf\"\n                  title=\"slownictvo_A1_A2_skrypt\" alt=\"Download Niemiecki \u2013 s\u0142\u00f3wka dla pocz\u0105tkuj\u0105cych A1, A2\"><span\n                        class=\"dashicons dashicons-download\"><\/span><\/a>\n      <\/div>\n      <div class=\"scripta_title\">Niemiecki \u2013 s\u0142\u00f3wka dla \u015brednio zaawansowanych B1<\/div>\n      <div class=\"scripta_download\"><a\n                  href=\"http:\/\/audioacademyeu.eu\/pl\/wp-content\/uploads\/sites\/5\/2023\/12\/skrypty_Slownictwo-niemieckie-dla-sredniozaawansowanych-B1_02_01.pdf\"\n                  title=\"slownictwo_niemeickie_b1_skrypt\"\n                  alt=\"Download Niemiecki \u2013 s\u0142\u00f3wka dla \u015brednio zaawansowanych B1 - part 01\"><span\n                        class=\"dashicons dashicons-download\"><\/span><\/a>,\n            <a href=\"http:\/\/audioacademyeu.eu\/pl\/wp-content\/uploads\/sites\/5\/2023\/12\/skrypty_Slownictwo-niemieckie-dla-sredniozaawansowanych-B1_02_02.pdf\"\n                  title=\"slownictwo_niemeickie_b1_skrypt\"\n                  alt=\"Download Niemiecki \u2013 s\u0142\u00f3wka dla \u015brednio zaawansowanych B1 - part 02\"><span\n                        class=\"dashicons dashicons-download\"><\/span><\/a>,\n      <\/div>\n      <div class=\"scripta_title\">Niemiecki \u2013 s\u0142\u00f3wka dla zaawansowanych B2\/C1<\/div>\n      <div class=\"scripta_download\"><a\n                  href=\"http:\/\/audioacademyeu.eu\/pl\/wp-content\/uploads\/sites\/5\/2019\/08\/slownictvo_B2_C1_skrypt-1.pdf\"\n                  title=\"slownictvo_B2_C1_skrypt\" alt=\"Download Niemiecki \u2013 s\u0142\u00f3wka dla zaawansowanych B2\/C1\"><span\n                        class=\"dashicons dashicons-download\"><\/span><\/a> <\/div>\n      <div class=\"scripta_title\">Niemiecki techniczny<\/div>\n      <div class=\"scripta_download\"><a\n                  href=\"http:\/\/audioacademyeu.eu\/pl\/wp-content\/uploads\/sites\/5\/2023\/12\/Skrypty_Niemiecki-na-urlopie-A1-B1_01.pdf\"\n                  title=\"Skrypty_Niemiecki na Urlopie A1_B1_01\" alt=\"Download Niemiecki na urlopie\"><span\n                        class=\"dashicons dashicons-download\"><\/span><\/a>, <a\n                  href=\"http:\/\/audioacademyeu.eu\/pl\/wp-content\/uploads\/sites\/5\/2023\/12\/Skrypty_Niemiecki-na-urlopie-A1-B1_02.pdf\"\n                  title=\"Skrypty_Niemiecki na Urlopie A1_B1_02\" alt=\"Download Niemiecki na urlopie\"><span\n                        class=\"dashicons dashicons-download\"><\/span><\/a>, <\/div>\n      <div class=\"scripta_title\">Niemiecki w pracy<\/div>\n      <div class=\"scripta_download\"><a\n                  href=\"http:\/\/audioacademyeu.eu\/pl\/wp-content\/uploads\/sites\/5\/2023\/12\/Skrypty_Niemiecki-w-pracy-A1_B1_01.pdf\"\n                  title=\"Skrypty_Niemiecki w pracy A1_B1_01\" alt=\"Download Niemiecki w pracy\"><span\n                        class=\"dashicons dashicons-download\"><\/span><\/a>, <a\n                  href=\"http:\/\/audioacademyeu.eu\/pl\/wp-content\/uploads\/sites\/5\/2023\/12\/Skrypty_Niemiecki-w-pracy-A1_B1_02.pdf\"\n                  title=\"Skrypty_Niemiecki w pracy A1_B1_02\" alt=\"Download Niemiecki w pracy\"><span\n                        class=\"dashicons dashicons-download\"><\/span><\/a>, <\/div>\n<\/div>\n\n\n\n<p><\/p>\n\n\n\n<h2 class=\"wp-block-heading\">W\u0142oski<\/h2>\n\n\n\n<div class=\"scripta\">\n      <div class=\"scripta_title\">W\u0142oski dla pocz\u0105tkuj\u0105cych A1-A2<\/div>\n      <div class=\"scripta_download\">\n            <a href=\"http:\/\/audioacademyeu.eu\/pl\/wp-content\/uploads\/sites\/5\/2023\/12\/Skrypty_Wloski-dla-poczatkujacych-A1-A2_czesc-01.pdf\" title=\"Hiszpa\u0144ski na urlopie A1-B1 01 skrypt\" alt=\"Hiszpa\u0144ski na urlopie A1-B1 01\"><span class=\"dashicons dashicons-download\"><\/span><\/a>,\n            <a href=\"http:\/\/audioacademyeu.eu\/pl\/wp-content\/uploads\/sites\/5\/2023\/12\/Skrypty_Wloski-dla-poczatkujacych-A1-A2_czesc-02.pdf\" title=\"Hiszpa\u0144ski na urlopie A1-B1 02 skrypt\" alt=\"Hiszpa\u0144ski na urlopie A1-B1 02\"><span class=\"dashicons dashicons-download\"><\/span><\/a>,\n            <a href=\"http:\/\/audioacademyeu.eu\/pl\/wp-content\/uploads\/sites\/5\/2023\/12\/Skrypty_Wloski-dla-poczatkujacych-A1-A2_czesc-03.pdf\" title=\"Hiszpa\u0144ski na urlopie A1-B1 03 skrypt\" alt=\"Hiszpa\u0144ski na urlopie A1-B1 03\"><span class=\"dashicons dashicons-download\"><\/span><\/a>,                        \n            <a href=\"http:\/\/audioacademyeu.eu\/pl\/wp-content\/uploads\/sites\/5\/2023\/12\/Skrypty_Wloski-dla-poczatkujacych-A1-A2_czesc-04.pdf\" title=\"Hiszpa\u0144ski na urlopie A1-B1 04 skrypt\" alt=\"Hiszpa\u0144ski na urlopie A1-B1 04\"><span class=\"dashicons dashicons-download\"><\/span><\/a>            \n      <\/div>\n      <div class=\"scripta_title\">W\u0142oski dla \u015brednio zaawansowanych B1 &#8211; cz\u0119\u015b\u0107 01<\/div>\n      <div class=\"scripta_download\">\n            <a href=\"http:\/\/audioacademyeu.eu\/pl\/wp-content\/uploads\/sites\/5\/2023\/12\/Skrypty_Wloski-dla-srednio-zaawansowanych-B1_01_czesc-01.pdf\" title=\"W\u0142oski dla \u015brednio zaawansowanych B1 - cz\u0119\u015b\u0107 01 01 skrypt\" alt=\"W\u0142oski dla \u015brednio zaawansowanych B1 - cz\u0119\u015b\u0107 01 - 01\"><span class=\"dashicons dashicons-download\"><\/span><\/a>,\n            <a href=\"http:\/\/audioacademyeu.eu\/pl\/wp-content\/uploads\/sites\/5\/2023\/12\/Skrypty_Wloski-dla-srednio-zaawansowanych-B1_01_czesc-02.pdf\" title=\"W\u0142oski dla \u015brednio zaawansowanych B1 - cz\u0119\u015b\u0107 01 02 skrypt\" alt=\"W\u0142oski dla \u015brednio zaawansowanych B1 - cz\u0119\u015b\u0107 01 - 02\"><span class=\"dashicons dashicons-download\"><\/span><\/a>            \n      <\/div>\n      <div class=\"scripta_title\">W\u0142oski dla \u015brednio zaawansowanych B1 &#8211; cz\u0119\u015b\u0107 02<\/div>\n      <div class=\"scripta_download\">\n            <a href=\"http:\/\/audioacademyeu.eu\/pl\/wp-content\/uploads\/sites\/5\/2023\/12\/Skrypty_Wloski-dla-srednio-zaawansowanych-B1_02_czesc-01.pdf\" title=\"W\u0142oski dla \u015brednio zaawansowanych B1 - cz\u0119\u015b\u0107 02 01 skrypt\" alt=\"W\u0142oski dla \u015brednio zaawansowanych B1 - cz\u0119\u015b\u0107 02 - 01\"><span class=\"dashicons dashicons-download\"><\/span><\/a>,\n            <a href=\"http:\/\/audioacademyeu.eu\/pl\/wp-content\/uploads\/sites\/5\/2023\/12\/Skrypty_Wloski-dla-srednio-zaawansowanych-B1_02_czesc-02.pdf\" title=\"W\u0142oski dla \u015brednio zaawansowanych B1 - cz\u0119\u015b\u0107 02 02 skrypt\" alt=\"W\u0142oski dla \u015brednio zaawansowanych B1 - cz\u0119\u015b\u0107 02 - 02\"><span class=\"dashicons dashicons-download\"><\/span><\/a>            \n      <\/div>\n      <div class=\"scripta_title\">W\u0142oski na urlopie A1-B1<\/div>\n      <div class=\"scripta_download\">\n            <a href=\"http:\/\/audioacademyeu.eu\/pl\/wp-content\/uploads\/sites\/5\/2023\/12\/Skrypty_Wloski-na-urlopie-A1-B1__czesc-01.pdf\" title=\"W\u0142oski na urlopie A1-B1 01 skrypt\" alt=\"W\u0142oski na urlopie A1-B1 - 01\"><span class=\"dashicons dashicons-download\"><\/span><\/a>,\n            <a href=\"http:\/\/audioacademyeu.eu\/pl\/wp-content\/uploads\/sites\/5\/2023\/12\/Skrypty_Wloski-na-urlopie-A1-B1__czesc-02.pdf\" title=\"W\u0142oski na urlopie A1-B1 02 skrypt\" alt=\"W\u0142oski na urlopie A1-B1 - 02\"><span class=\"dashicons dashicons-download\"><\/span><\/a>            \n      <\/div>\n      <div class=\"scripta_title\">W\u0142oski w pracy A1-B1<\/div>\n      <div class=\"scripta_download\">\n            <a href=\"http:\/\/audioacademyeu.eu\/pl\/wp-content\/uploads\/sites\/5\/2023\/12\/Skrypty_Wloski-w-pracy-A1-B1_czesc-01.pdf\" title=\"W\u0142oski w pracy A1-B1 01 skrypt\" alt=\"W\u0142oski w pracy A1-B1 - 01\"><span class=\"dashicons dashicons-download\"><\/span><\/a>,\n            <a href=\"http:\/\/audioacademyeu.eu\/pl\/wp-content\/uploads\/sites\/5\/2023\/12\/Skrypty_Wloski-w-pracy-A1-B1_czesc-02.pdf\" title=\"W\u0142oski w pracy A1-B1 02 skrypt\" alt=\"W\u0142oski w pracy A1-B1 - 02\"><span class=\"dashicons dashicons-download\"><\/span><\/a>            \n      <\/div>\n<\/div>\n","protected":false},"excerpt":{"rendered":"<p>Angielski Angielski &#8211; S\u0142ownictwo A1, A2 , , , Angielski &#8211; S\u0142ownictwo B1 , , Angielski &#8211; Slownictwo B2 , Angielski na urlopie , , Angielski w pracy , , Gramatyka angielska A1\/A2 Gramatyka angielska B1 Hiszpa\u0144ski Hiszpa\u0144ski dla pocz\u0105tkuj\u0105cych A1-A2 , , , Hiszpa\u0144ski dla \u015brednio zaawansowanych B1 &#8211; cz\u0119\u015b\u0107 01 , Hiszpa\u0144ski dla [&hellip;]<\/p>\n","protected":false},"author":1,"featured_media":22,"parent":0,"menu_order":0,"comment_status":"closed","ping_status":"closed","template":"","meta":{"_acf_changed":false,"inline_featured_image":false,"_sitemap_exclude":false,"_sitemap_priority":"","_sitemap_frequency":"","footnotes":""},"class_list":["post-1478","page","type-page","status-publish","has-post-thumbnail","hentry"],"acf":[],"_links":{"self":[{"href":"https:\/\/audioacademyeu.eu\/pl\/wp-json\/wp\/v2\/pages\/1478","targetHints":{"allow":["GET"]}}],"collection":[{"href":"https:\/\/audioacademyeu.eu\/pl\/wp-json\/wp\/v2\/pages"}],"about":[{"href":"https:\/\/audioacademyeu.eu\/pl\/wp-json\/wp\/v2\/types\/page"}],"author":[{"embeddable":true,"href":"https:\/\/audioacademyeu.eu\/pl\/wp-json\/wp\/v2\/users\/1"}],"replies":[{"embeddable":true,"href":"https:\/\/audioacademyeu.eu\/pl\/wp-json\/wp\/v2\/comments?post=1478"}],"version-history":[{"count":5,"href":"https:\/\/audioacademyeu.eu\/pl\/wp-json\/wp\/v2\/pages\/1478\/revisions"}],"predecessor-version":[{"id":1534,"href":"https:\/\/audioacademyeu.eu\/pl\/wp-json\/wp\/v2\/pages\/1478\/revisions\/1534"}],"wp:featuredmedia":[{"embeddable":true,"href":"https:\/\/audioacademyeu.eu\/pl\/wp-json\/wp\/v2\/media\/22"}],"wp:attachment":[{"href":"https:\/\/audioacademyeu.eu\/pl\/wp-json\/wp\/v2\/media?parent=1478"}],"curies":[{"name":"wp","href":"https:\/\/api.w.org\/{rel}","templated":true}]}}