
{"id":1113,"date":"2022-10-08T22:44:50","date_gmt":"2022-10-08T20:44:50","guid":{"rendered":"https:\/\/audioacademyeu.eu\/pl\/?page_id=1113"},"modified":"2026-02-10T16:36:10","modified_gmt":"2026-02-10T15:36:10","slug":"terms","status":"publish","type":"page","link":"https:\/\/audioacademyeu.eu\/pl\/terms\/","title":{"rendered":"Warunki sprzeda\u017cy i licencji"},"content":{"rendered":"\n<h3 class=\"wp-block-heading\">Dostawca<\/h3>\n\n\n\n<ul class=\"wp-block-list\"><li>in\u017c. Tom\u00e1\u0161 Dvo\u0159\u00e1\u010dek<\/li><li>Dru\u017eebn\u00ed 255\/72<\/li><li>725 26 Kr\u00e1sn\u00e9 Pole<\/li><li>e-mail: eshop@poslechovaanglictina.cz<\/li><li>tel.: +420 773 789 940<\/li><li>PIN: 61951404<\/li><\/ul>\n\n\n\n<p>Przedsi\u0119biorca jest wpisany do rejestru handlowego.<\/p>\n\n\n\n<h3 class=\"wp-block-heading\">Przepisy podstawowe<\/h3>\n\n\n\n<ul class=\"wp-block-list\"><li>Przedmiotem niniejszej strony internetowej jest oferta us\u0142ug internetowych zwi\u0105zanych z elektroniczn\u0105 dystrybucj\u0105 no\u015bnik\u00f3w mp3.<\/li><li>O podstawowych lub dodatkowych informacjach abonent jest informowany za po\u015brednictwem strony internetowej poslechovaanglictina.cz lub poprzez indywidualn\u0105 komunikacj\u0119 mailow\u0105 lub telefoniczn\u0105. Abonent niniejszym akceptuje uzyskane informacje lub warunki.<\/li><li>Dostawca ma prawo w ka\u017cdej chwili zmieni\u0107 ofert\u0119, parametry i cen\u0119 swoich produkt\u00f3w.<\/li><li>Ceny produkt\u00f3w nie zawieraj\u0105 indywidualnych modyfikacji.<\/li><li>E-mail z informacjami o p\u0142atno\u015bci i do komunikacji: objednavka@poslechovaanglictina.cz<\/li><\/ul>\n\n\n\n<h3 class=\"wp-block-heading\">Ochrona danych<\/h3>\n\n\n\n<ul class=\"wp-block-list\"><li>Dane osobowe klienta s\u0105 przetwarzane w pe\u0142nej zgodno\u015bci z przepisami ustawy nr 101\/2000 Dz.U., o ochronie danych osobowych.<\/li><li>Abonent o\u015bwiadcza, \u017ce zgodnie z ustaw\u0105 nr 480\/2004 Dz.U., o niekt\u00f3rych us\u0142ugach spo\u0142ecze\u0144stwa informacyjnego i o zmianach niekt\u00f3rych ustaw, wyra\u017ca zgod\u0119 na otrzymywanie informacji handlowych.<\/li><li>Dane osobowe lub dane do logowania Abonenta nie s\u0105 udost\u0119pniane osobom trzecim.<\/li><\/ul>\n\n\n\n<h3 class=\"wp-block-heading\">Prawa i obowi\u0105zki dostawcy<\/h3>\n\n\n\n<ul class=\"wp-block-list\"><li>Dostawca nie ponosi odpowiedzialno\u015bci za niew\u0142a\u015bciwe wykorzystanie danych logowania Klienta, chyba \u017ce niew\u0142a\u015bciwe wykorzystanie jest w spos\u00f3b oczywisty spowodowane przez Dostawc\u0119.<\/li><li>Dostawca nie ponosi odpowiedzialno\u015bci za wady i uszkodzenia spowodowane modyfikacjami nadajnik\u00f3w audio przez Odbiorc\u0119 po czasie sprzeda\u017cy.<\/li><li>Dostawca nie odpowiada za sprawn\u0105 funkcjonalno\u015b\u0107 po\u0142\u0105czenia dostarczonego produktu z oprogramowaniem os\u00f3b trzecich.<\/li><li>Dostawca ma prawo do anulowania zam\u00f3wienia, je\u015bli dostarczenie zam\u00f3wionego produktu jest niemo\u017cliwe. W przypadku, gdy Kupuj\u0105cy zap\u0142aci\u0142 za zam\u00f3wiony produkt z g\u00f3ry, Dostawca zwr\u00f3ci Kupuj\u0105cemu pe\u0142n\u0105 kwot\u0119 najp\u00f3\u017aniej w ci\u0105gu 7 dni od stwierdzenia tego faktu.<\/li><li>Dostawca jest uprawniony do \u015bwiadczenia lub sprzeda\u017cy us\u0142ug, modyfikacji i modu\u0142\u00f3w osobom trzecim, o ile nie jest to inaczej indywidualnie uzgodnione lub okre\u015blone w umowie.<\/li><\/ul>\n\n\n\n<h3 class=\"wp-block-heading\">Prawa i obowi\u0105zki klienta<\/h3>\n\n\n\n<ul class=\"wp-block-list\"><li>Abonent zobowi\u0105zany jest do podawania wy\u0142\u0105cznie prawdziwych i aktualnych danych osobowych.<\/li><li>Klient zobowi\u0105zany jest do zabezpieczenia danych do logowania przes\u0142anych mu przez Dostawc\u0119 w spos\u00f3b uniemo\u017cliwiaj\u0105cy ich niew\u0142a\u015bciwe wykorzystanie.<\/li><li>Abonent ponosi pe\u0142n\u0105 odpowiedzialno\u015b\u0107 za wszelkie dzia\u0142ania, zmiany i modyfikacje dokonywane przy u\u017cyciu przypisanych mu przez Dostawc\u0119 danych logowania.<\/li><li>Abonentowi przys\u0142uguje prawo do zmiany danych do logowania.<\/li><li>Klient jest informowany o ca\u0142kowitej cenie zam\u00f3wienia przed jego potwierdzeniem.<\/li><\/ul>\n\n\n\n<h3 class=\"wp-block-heading\">Zawarcie umowy<\/h3>\n\n\n\n<ul class=\"wp-block-list\"><li>Umowa pomi\u0119dzy Dostawc\u0105 a Klientem staje si\u0119 skuteczna w momencie op\u0142acenia zam\u00f3wienia za pomoc\u0105 systemu GoPay.<\/li><li>Dokonuj\u0105c p\u0142atno\u015bci, Klient potwierdza, \u017ce akceptuje niniejsze warunki, kt\u00f3re s\u0105 wi\u0105\u017c\u0105ce dla obu stron i obie strony s\u0105 zobowi\u0105zane do ich przestrzegania.<\/li><li>Dystrybucja produktu zam\u00f3wionego na stronie poslechovaanglictina.cz jest realizowana elektronicznie poprzez wys\u0142anie go na adres e-mail podany przez dostawc\u0119 w formularzu zam\u00f3wienia.<\/li><\/ul>\n\n\n\n<h3 class=\"wp-block-heading\">Skargi<\/h3>\n\n\n\n<ul class=\"wp-block-list\"><li>Reklamacje, w tym usuni\u0119cie wady, nale\u017cy za\u0142atwi\u0107 bez zb\u0119dnej zw\u0142oki, nie p\u00f3\u017aniej ni\u017c w terminie 30 dni od dnia z\u0142o\u017cenia reklamacji, chyba \u017ce sprzedawca i konsument ustal\u0105 d\u0142u\u017cszy termin.<\/li><li>W przypadku, gdy klient zmienia lub w inny spos\u00f3b ingeruje w kod \u017ar\u00f3d\u0142owy, roszczenie nie ma zastosowania.<\/li><li>W przypadku nieuzasadnionej reklamacji (je\u015bli zg\u0142oszona wada nie zosta\u0142a wykryta lub jest to wada nieobj\u0119ta gwarancj\u0105) dostawca mo\u017ce \u017c\u0105da\u0107 zap\u0142aty koszt\u00f3w poniesionych na badania i napraw\u0119.<\/li><\/ul>\n\n\n\n<h3 class=\"wp-block-heading\">Zgodno\u015b\u0107 i sprzeczno\u015b\u0107 z umow\u0105 kupna<\/h3>\n\n\n\n<ul class=\"wp-block-list\"><li>Dostawca ponosi wobec Zamawiaj\u0105cego odpowiedzialno\u015b\u0107 za to, \u017ce sprzedany produkt lub wykonana us\u0142uga s\u0105 zgodne z Umow\u0105 Zakupu w chwili ich przyj\u0119cia przez Zamawiaj\u0105cego.<\/li><li>Zgodno\u015b\u0107 z umow\u0105 kupna oznacza, \u017ce sprzedany produkt lub \u015bwiadczona us\u0142uga ma cechy u\u017cytkowe wymagane w umowie, opisane przez dostawc\u0119 lub oczekiwane na podstawie jego reklamy, lub, w stosownych przypadkach, cechy u\u017cytkowe dla oprogramowania lub us\u0142ugi typu zwyczajowo przyj\u0119tego, \u017ce jest zgodny z wymogami przepis\u00f3w prawa i odpowiada celowi, dla kt\u00f3rego dostawca podaje zastosowanie produktu lub us\u0142ugi, lub dla kt\u00f3rego produkt lub us\u0142uga s\u0105 zwykle u\u017cywane.<\/li><li>W przypadku, gdy produkt lub us\u0142uga nie jest zgodna z Umow\u0105 kupna w momencie odbioru przez Klienta, Klient ma prawo do tego, aby Dostawca bezp\u0142atnie i bez zb\u0119dnej zw\u0142oki przywr\u00f3ci\u0142 dostarczony produkt lub us\u0142ug\u0119 do stanu odpowiadaj\u0105cego Umowie kupna. Je\u015bli nie jest to mo\u017cliwe, klient mo\u017ce \u017c\u0105da\u0107 stosownego upustu w cenie dostarczonego produktu lub us\u0142ugi. Nie dotyczy to sytuacji, gdy klient wiedzia\u0142 o niezgodno\u015bci z umow\u0105 kupna przed przyj\u0119ciem dostawy produktu lub us\u0142ugi lub sam spowodowa\u0142 niezgodno\u015b\u0107 z umow\u0105 kupna.<\/li><\/ul>\n\n\n\n<h3 class=\"wp-block-heading\">Odst\u0105pienie od umowy<\/h3>\n\n\n\n<ul class=\"wp-block-list\"><li>Produkt dystrybuowany drog\u0105 elektroniczn\u0105 nie podlega przepisom \u00a71837 ust. l) Kodeksu cywilnego, o mo\u017cliwo\u015bci odst\u0105pienia od umowy w terminie 14 dni od otrzymania towaru.<\/li><li>Produkt dystrybuowany elektronicznie lub dostosowany do potrzeb konkretnego klienta ko\u0144cowego nie podlega zwrotowi.<\/li><li>Prawo Klienta do odst\u0105pienia od Umowy wygasa w przypadku: a) nieprofesjonalnego u\u017cytkowania produktu, modu\u0142u lub modyfikacji b) wyst\u0119powania pojedynczych modyfikacji funkcjonalnych.<\/li><li>Odst\u0119puj\u0105c od umowy Klient zobowi\u0105zuje si\u0119 zwr\u00f3ci\u0107 Dostawcy koszty dotychczas wykonanych prac, je\u017celi takie koszty zosta\u0142y poniesione.<\/li><\/ul>\n\n\n\n<h3 class=\"wp-block-heading\">Umowa licencyjna<\/h3>\n\n\n\n<ul class=\"wp-block-list\"><li>Licencja na korzystanie z dostarczonego produktu podlega prawu autorskiemu<\/li><\/ul>\n\n\n\n<h3 class=\"wp-block-heading\">Przepisy ko\u0144cowe<\/h3>\n\n\n\n<ul class=\"wp-block-list\"><li>Niniejszy Regulamin podlega przepisom ustawy nr. 513\/1991 Coll. kodeksu handlowego, z p\u00f3\u017aniejszymi zmianami, ustawa nr. 89\/2012 Coll. kodeksu cywilnego, z p\u00f3\u017aniejszymi zmianami, art. 121\/2000 Coll. ustawy o prawie autorskim.<\/li><li>Umowa i niniejszy Regulamin nie naruszaj\u0105 odpowiednich przepis\u00f3w ustawy o prawie autorskim i innych przepis\u00f3w prawa reguluj\u0105cych korzystanie z program\u00f3w komputerowych i baz danych oraz kary za ich nielegalne wykorzystanie.<\/li><li>Dostawca zastrzega sobie prawo do zmiany niniejszego regulaminu.<\/li><li>Niniejszy regulamin jest wa\u017cny i obowi\u0105zuje od 20.10.2017 r.<\/li><\/ul>\n","protected":false},"excerpt":{"rendered":"<p>Dostawca in\u017c. Tom\u00e1\u0161 Dvo\u0159\u00e1\u010dek Dru\u017eebn\u00ed 255\/72 725 26 Kr\u00e1sn\u00e9 Pole e-mail: eshop@poslechovaanglictina.cz tel.: +420 773 789 940 PIN: 61951404 Przedsi\u0119biorca jest wpisany do rejestru handlowego. Przepisy podstawowe Przedmiotem niniejszej strony internetowej jest oferta us\u0142ug internetowych zwi\u0105zanych z elektroniczn\u0105 dystrybucj\u0105 no\u015bnik\u00f3w mp3. O podstawowych lub dodatkowych informacjach abonent jest informowany za po\u015brednictwem strony internetowej poslechovaanglictina.cz lub [&hellip;]<\/p>\n","protected":false},"author":1,"featured_media":22,"parent":0,"menu_order":0,"comment_status":"closed","ping_status":"closed","template":"","meta":{"_acf_changed":false,"inline_featured_image":false,"_sitemap_exclude":false,"_sitemap_priority":"","_sitemap_frequency":"","footnotes":""},"class_list":["post-1113","page","type-page","status-publish","has-post-thumbnail","hentry"],"acf":[],"_links":{"self":[{"href":"https:\/\/audioacademyeu.eu\/pl\/wp-json\/wp\/v2\/pages\/1113","targetHints":{"allow":["GET"]}}],"collection":[{"href":"https:\/\/audioacademyeu.eu\/pl\/wp-json\/wp\/v2\/pages"}],"about":[{"href":"https:\/\/audioacademyeu.eu\/pl\/wp-json\/wp\/v2\/types\/page"}],"author":[{"embeddable":true,"href":"https:\/\/audioacademyeu.eu\/pl\/wp-json\/wp\/v2\/users\/1"}],"replies":[{"embeddable":true,"href":"https:\/\/audioacademyeu.eu\/pl\/wp-json\/wp\/v2\/comments?post=1113"}],"version-history":[{"count":1,"href":"https:\/\/audioacademyeu.eu\/pl\/wp-json\/wp\/v2\/pages\/1113\/revisions"}],"predecessor-version":[{"id":1114,"href":"https:\/\/audioacademyeu.eu\/pl\/wp-json\/wp\/v2\/pages\/1113\/revisions\/1114"}],"wp:featuredmedia":[{"embeddable":true,"href":"https:\/\/audioacademyeu.eu\/pl\/wp-json\/wp\/v2\/media\/22"}],"wp:attachment":[{"href":"https:\/\/audioacademyeu.eu\/pl\/wp-json\/wp\/v2\/media?parent=1113"}],"curies":[{"name":"wp","href":"https:\/\/api.w.org\/{rel}","templated":true}]}}