
{"id":1111,"date":"2022-10-08T22:34:51","date_gmt":"2022-10-08T20:34:51","guid":{"rendered":"https:\/\/audioacademyeu.eu\/pl\/?page_id=1111"},"modified":"2026-02-10T16:34:30","modified_gmt":"2026-02-10T15:34:30","slug":"privacy-policy","status":"publish","type":"page","link":"https:\/\/audioacademyeu.eu\/pl\/privacy-policy\/","title":{"rendered":"Ochrona danych osobowych"},"content":{"rendered":"\n<h3 class=\"wp-block-heading\"><strong>W skr\u00f3cie&#8230;<\/strong><\/h3>\n\n\n\n<p>Doceniamy Twoj\u0105 uczynno\u015b\u0107 i prywatno\u015b\u0107. Nie handlujemy danymi osobowymi, kt\u00f3re zbieramy od Ciebie. Dane osobowe s\u0105 nam potrzebne wy\u0142\u0105cznie do realizacji umowy &#8211; informacji o post\u0119pach w realizacji zam\u00f3wienia i komunikacji mi\u0119dzy nami.<\/p>\n\n\n\n<p>Nie przyja\u017animy si\u0119 ze spamem &#8211; naprawd\u0119 nie powiniene\u015b si\u0119 go po nas spodziewa\u0107. Co najwy\u017cej zapytamy Ci\u0119 o Twoje zadowolenie z naszych us\u0142ug, lub od czasu do czasu pozwolimy sobie wys\u0142a\u0107 Ci ofert\u0119 na nasze nowe produkty (je\u015bli Ci to przeszkadza, mo\u017cesz oczywi\u015bcie wypisa\u0107 si\u0119 z naszej listy mailingowej). I to wszystko&#8230;<\/p>\n\n\n\n<h3 class=\"wp-block-heading\"><strong>Dane osobowe niezb\u0119dne do realizacji zam\u00f3wienia<\/strong><\/h3>\n\n\n\n<ul class=\"wp-block-list\"><li>Imi\u0119 i nazwisko &#8211; Daj nam zna\u0107, jak si\u0119 z Tob\u0105 skontaktowa\u0107<\/li><li>Pe\u0142ny adres pocztowy &#8211; na wypadek, gdyby\u015bcie chcieli, aby kursy zosta\u0142y wys\u0142ane do Was na jednym z no\u015bnik\u00f3w.<\/li><li>Numer telefonu &#8211; w przypadku rozbie\u017cno\u015bci i szybkiego kontaktu<\/li><li>Adres e-mail &#8211; wymagany do zalogowania si\u0119 do administracji oraz do pobrania zakupionych kurs\u00f3w<\/li><\/ul>\n\n\n\n<h3 class=\"wp-block-heading\"><strong><em>Je\u015bli jeste\u015b osob\u0105 fizyczn\u0105 lub prawn\u0105, wymagane s\u0105 nast\u0119puj\u0105ce informacje:<\/em><\/strong><strong><\/strong><\/h3>\n\n\n\n<ul class=\"wp-block-list\"><li>Nazwa firmy<\/li><li>Pe\u0142ny adres pocztowy<\/li><li>ID<\/li><li>Telefon<\/li><li>E-mail<\/li><\/ul>\n\n\n\n<p>I to jest w\u0142a\u015bnie to. To wszystko, co jest nam potrzebne do zam\u00f3wienia i komunikacji z Tob\u0105. Je\u015bli chcesz pozna\u0107 pe\u0142ny zakres swoich danych osobowych, zaloguj si\u0119 do interfejsu administracyjnego (dane do logowania otrzyma\u0142e\u015b przy rejestracji lub przy realizacji pierwszego zam\u00f3wienia. <\/p>\n\n\n\n<p><strong>Przetwarzamy dane osobowe w ramach rozporz\u0105dzenia Parlamentu Europejskiego i Rady (UE) 2016\/679 w sprawie ochrony os\u00f3b fizycznych w zwi\u0105zku z przetwarzaniem danych osobowych i w sprawie swobodnego przep\u0142ywu takich danych (GDPR).<\/strong><\/p>\n\n\n\n<h3 class=\"wp-block-heading\"><strong>Kto przetwarza Twoje dane osobowe:<\/strong><\/h3>\n\n\n\n<p>Administratorem Pa\u0144stwa danych osobowych jest sp\u00f3\u0142ka o numerze identyfikacyjnym 61951404 z siedzib\u0105 przy Mal\u00e1 strana 86, 74285 V\u0159esina.<\/p>\n\n\n\n<h3 class=\"wp-block-heading\"><strong>Dane kontaktowe administratora:<\/strong><\/h3>\n\n\n\n<ul class=\"wp-block-list\"><li>Adres. Tom\u00e1\u0161 Dvo\u0159\u00e1\u010dek, Mal\u00e1 strana 86, 74285 V\u0159esina<\/li><li>E-mail: eshop@audioacademyeu.eu<\/li><li>Telefon: +420 603 591 994<\/li><\/ul>\n\n\n\n<h3 class=\"wp-block-heading\"><strong>Prawny pow\u00f3d przetwarzania danych osobowych:<\/strong><\/h3>\n\n\n\n<p>Przetwarzamy Twoje dane w celu realizacji umowy, tj. dostarczenia i realizacji zam\u00f3wionego towaru, konsultacji i porad. Dane osobowe, o kt\u00f3re prosimy s\u0105 niezb\u0119dne do wykonania umowy pomi\u0119dzy Tob\u0105 a operatorem.<\/p>\n\n\n\n<p>B\u0119dziemy r\u00f3wnie\u017c wykorzystywa\u0107 Twoje dane osobowe do oceny Twojego zadowolenia z naszych us\u0142ug na podstawie uzasadnionego interesu administratora.<\/p>\n\n\n\n<p>Nie ma z naszej strony zautomatyzowanego podejmowania decyzji indywidualnych, w tym profilowania na podstawie art. 22 rozporz\u0105dzenia.<\/p>\n\n\n\n<h3 class=\"wp-block-heading\"><strong>Okres przechowywania \/ przetwarzania danych osobowych:<\/strong><\/h3>\n\n\n\n<p>Pani\/Pana dane osobowe b\u0119d\u0105 przetwarzane przez okres trwania skutk\u00f3w praw i obowi\u0105zk\u00f3w wynikaj\u0105cych z umowy oraz przez okres niezb\u0119dny do cel\u00f3w archiwizacyjnych zgodnie z odpowiednimi przepisami prawa powszechnie obowi\u0105zuj\u0105cego, jednak nie d\u0142u\u017cej ni\u017c przez okres przewidziany przepisami prawa powszechnie obowi\u0105zuj\u0105cego.<\/p>\n\n\n\n<h3 class=\"wp-block-heading\"><strong>Zakres przetwarzania danych osobowych:<\/strong><\/h3>\n\n\n\n<p>Przetwarzamy tylko te dane, kt\u00f3re s\u0105 \u015bci\u015ble niezb\u0119dne do wykonania umowy &#8211; imi\u0119, nazwisko, adres, e-mail i numer telefonu.<\/p>\n\n\n\n<p>W razie potrzeby poprosimy Ci\u0119 o numer konta, na kt\u00f3ry dokonamy zwrotu \u015brodk\u00f3w.<\/p>\n\n\n\n<h3 class=\"wp-block-heading\"><strong>Inni odbiorcy danych osobowych:<\/strong><\/h3>\n\n\n\n<p>Pa\u0144stwa dane osobowe mog\u0105 by\u0107 r\u00f3wnie\u017c przetwarzane przez podmioty trzecie. Czyli firmy, kt\u00f3re \u015bwiadcz\u0105 nam us\u0142ugi transportowe, finansowe lub programowe. Wszystko na podstawie umowy zawartej mi\u0119dzy nami a Tob\u0105.<\/p>\n\n\n\n<p><strong>Te firmy to:<\/strong><\/p>\n\n\n\n<ul class=\"wp-block-list\"><li>GoPay s.r.o. (us\u0142ugi finansowe) ID 26046768<\/li><li>Smartsupp.com s.r.o. (komunikacja on-line &#8211; chat) Numer identyfikacyjny 03668681<\/li><li>Heur\u00e9ka Shopping s.r.o. (us\u0142uga zweryfikowana przez klient\u00f3w) &#8211; Nr ID 02387727<\/li><li>Seznam.cz, a. s. (ocena u\u017cytkownik\u00f3w sklep\u00f3w) &#8211; ID 26168685<\/li><\/ul>\n\n\n\n<p><em>&#8222;Okre\u015blamy Pa\u0144stwa zadowolenie z zakupu za pomoc\u0105 ankiet e-mailowych w ramach programu Verified Customers (Heur\u00e9ka.cz) i Reviews (Zbo\u017e\u00ed.cz), w kt\u00f3rym uczestniczy nasz sklep internetowy. S\u0105 one wysy\u0142ane do Pa\u0144stwa przy ka\u017cdym zakupie u nas, chyba \u017ce odm\u00f3wi\u0105 Pa\u0144stwo ich otrzymania zgodnie z \u00a7 7 ust. 3 ustawy nr 480\/2004 Sb. o niekt\u00f3rych us\u0142ugach spo\u0142ecze\u0144stwa informacyjnego. Przetwarzanie danych osobowych w celu wysy\u0142ania ankiet w ramach programu Zweryfikowani Klienci odbywa si\u0119 na podstawie naszego prawnie uzasadnionego interesu, kt\u00f3ry polega na stwierdzeniu Pa\u0144stwa zadowolenia z dokonanych u nas zakup\u00f3w. W celu wysy\u0142ania ankiet, oceny Pa\u0144stwa opinii i analizy naszej pozycji na rynku korzystamy z us\u0142ug podmiotu przetwarzaj\u0105cego, kt\u00f3ry jest operatorem portali Heureka.cz i Zbo\u017e\u00ed.cz; w tych celach mo\u017cemy przekaza\u0107 mu informacje o zakupionych przez Pa\u0144stwa towarach oraz Pa\u0144stwa adres e-mail. W przypadku wysy\u0142ania ankiet mailowych Twoje dane osobowe nie s\u0105 udost\u0119pniane \u017cadnym podmiotom trzecim na ich w\u0142asne potrzeby. W ka\u017cdej chwili mo\u017cesz sprzeciwi\u0107 si\u0119 wysy\u0142aniu ankiet mailowych w ramach programu Weryfikacji i Oceny Klient\u00f3w poprzez rezygnacj\u0119 z wys\u0142ania ankiety w ostatnim kroku zam\u00f3wienia, a tak\u017ce poprzez skorzystanie z linku w mailu z ankiet\u0105. Je\u015bli wyrazisz sprzeciw, nie b\u0119dziemy ju\u017c wysy\u0142a\u0107 Ci kwestionariusza.&#8221;<\/em><\/p>\n\n\n\n<p>Pa\u0144stwa dane osobowe nie s\u0105 i nie b\u0119d\u0105 przekazywane do pa\u0144stwa trzeciego (do pa\u0144stwa spoza UE) ani do innej organizacji mi\u0119dzynarodowej.<\/p>\n\n\n\n<p>U\u017cywamy plik\u00f3w cookies w celu poprawy jako\u015bci naszych us\u0142ug, personalizacji oferty, zbierania anonimowych danych oraz w celach analitycznych. Przetwarzanie plik\u00f3w cookies mo\u017ce by\u0107 uznane za przetwarzanie danych osobowych. Takie przetwarzanie jest mo\u017cliwe na podstawie uzasadnionej przyczyny &#8211; prawnie uzasadnionego interesu Administratora i jest dopuszczalne na podstawie art. 6 ust. 1 lit. f) Rozporz\u0105dzenia Parlamentu Europejskiego i Rady (UE) 2016\/679 w sprawie ochrony os\u00f3b fizycznych w zwi\u0105zku z przetwarzaniem danych osobowych i w sprawie swobodnego przep\u0142ywu takich danych oraz uchylenia dyrektywy 95\/46\/WE (og\u00f3lne rozporz\u0105dzenie o ochronie danych) (dawniej zwanego r\u00f3wnie\u017c &#8222;Rozporz\u0105dzeniem&#8221;).<\/p>\n\n\n\n<p>Korzystaj\u0105c z naszego sklepu internetowego wyra\u017casz zgod\u0119 na wykorzystanie tej technologii&#8230;<\/p>\n\n\n\n<h3 class=\"wp-block-heading\"><strong>Prawa os\u00f3b, kt\u00f3rych dane dotycz\u0105 &#8211; Twoje prawa:<\/strong><\/h3>\n\n\n\n<p>Zgodnie z przepisami prawa przys\u0142uguje Pa\u0144stwu prawo dost\u0119pu do swoich danych osobowych, prawo do ich sprostowania lub usuni\u0119cia &#8211; lub ograniczenia przetwarzania, prawo do wniesienia sprzeciwu wobec przetwarzania danych osobowych oraz prawo do przenoszenia danych.<\/p>\n\n\n\n<h3 class=\"wp-block-heading\"><strong>Prawo dost\u0119pu do danych osobowych<\/strong><\/h3>\n\n\n\n<p>Maj\u0105 Pa\u0144stwo prawo \u017c\u0105da\u0107 od administratora informacji o celu przetwarzania danych osobowych, kategorii, zakresie oraz wszelkich dost\u0119pnych informacji o \u017ar\u00f3dle i zamierzonym czasie przetwarzania.<\/p>\n\n\n\n<p>Prawo do sprostowania lub usuni\u0119cia danych<\/p>\n\n\n\n<p>Administrator jest zobowi\u0105zany do poprawienia nieprawid\u0142owych danych osobowych bez zb\u0119dnej zw\u0142oki; przys\u0142uguje Pani\/Panu prawo do uzupe\u0142nienia niekompletnych danych osobowych. Masz prawo za\u017c\u0105da\u0107 usuni\u0119cia swoich danych osobowych, je\u015bli podano jedn\u0105 z nast\u0119puj\u0105cych przyczyn:<\/p>\n\n\n\n<ul class=\"wp-block-list\"><li>dane osobowe nie s\u0105 ju\u017c niezb\u0119dne do cel\u00f3w, dla kt\u00f3rych zosta\u0142y zebrane lub w inny spos\u00f3b przetworzone;<\/li><li>osoba, kt\u00f3rej dane dotycz\u0105, wycofuje zgod\u0119, na podstawie kt\u00f3rej dane osobowe by\u0142y przetwarzane i nie ma dalszej podstawy prawnej do przetwarzania;<\/li><li>osoba, kt\u00f3rej dane dotycz\u0105, wnosi sprzeciw wobec przetwarzania danych osobowych na potrzeby marketingu bezpo\u015bredniego;<\/li><li>dane osobowe by\u0142y przetwarzane niezgodnie z prawem;<\/li><li>dane osobowe musz\u0105 zosta\u0107 usuni\u0119te w celu wype\u0142nienia obowi\u0105zku prawnego wynikaj\u0105cego z prawa Unii Europejskiej lub prawa czeskiego;<\/li><li>dane osobowe zosta\u0142y zebrane w zwi\u0105zku z oferowaniem us\u0142ug spo\u0142ecze\u0144stwa informacyjnego na podstawie zgody dziecka&#8230;<\/li><\/ul>\n\n\n\n<h3 class=\"wp-block-heading\"><strong>Prawo do ograniczenia przetwarzania danych<\/strong><\/h3>\n\n\n\n<p>Maj\u0105 Pa\u0144stwo prawo \u017c\u0105da\u0107 od administratora ograniczenia przetwarzania w nast\u0119puj\u0105cych przypadkach:<\/p>\n\n\n\n<ul class=\"wp-block-list\"><li>osoba, kt\u00f3rej dane dotycz\u0105, zaprzecza prawdziwo\u015bci danych osobowych przez okres niezb\u0119dny administratorowi do zweryfikowania prawdziwo\u015bci danych osobowych;<\/li><li>przetwarzanie jest niezgodne z prawem, a osoba, kt\u00f3rej dane dotycz\u0105, odmawia usuni\u0119cia danych osobowych i zamiast tego \u017c\u0105da ograniczenia ich wykorzystywania;<\/li><li>Administrator nie potrzebuje ju\u017c danych osobowych do cel\u00f3w przetwarzania, ale osoba, kt\u00f3rej dane dotycz\u0105, potrzebuje ich do ustalenia, wykonania lub obrony roszcze\u0144 prawnych.<\/li><\/ul>\n\n\n\n<h3 class=\"wp-block-heading\"><strong>Prawo do sprzeciwu<\/strong><\/h3>\n\n\n\n<p>Prawo to dotyczy Twoich danych osobowych, kt\u00f3re s\u0105 przetwarzane na potrzeby marketingu bezpo\u015bredniego. W takim przypadku maj\u0105 Pa\u0144stwo prawo odm\u00f3wi\u0107 wykorzystania swoich danych osobowych.<\/p>\n\n\n\n<h3 class=\"wp-block-heading\"><strong>Prawo do przenoszenia danych<\/strong><\/h3>\n\n\n\n<p>Maj\u0105 Pa\u0144stwo prawo do odzyskania swoich danych osobowych, kt\u00f3re przekazali Pa\u0144stwo administratorowi i przeniesienia ich do innego administratora, je\u017celi:<\/p>\n\n\n\n<ul class=\"wp-block-list\"><li>przetwarzanie odbywa si\u0119 na podstawie zgody na przetwarzanie danych osobowych lub na podstawie przetwarzania danych osobowych w celu zawarcia i wykonania umowy z osob\u0105, kt\u00f3rej dane dotycz\u0105; oraz<\/li><li>przetwarzanie odbywa si\u0119 w spos\u00f3b zautomatyzowany.<\/li><\/ul>\n\n\n\n<p>Je\u017celi uzna Pani\/Pan, \u017ce przetwarzanie danych osobowych naruszy\u0142o lub narusza przepisy prawa, ma Pani\/Pan mo\u017cliwo\u015b\u0107 m.in. wniesienia skargi do organu nadzorczego, kt\u00f3rym jest Urz\u0105d Ochrony Danych Osobowych.<\/p>\n\n\n\n<p>Nie masz obowi\u0105zku przekazywania nam swoich danych osobowych.<\/p>\n\n\n\n<p>Podanie tych danych jest jednak wymogiem koniecznym do zawarcia i wykonania umowy, a bez ich podania umowa nie mo\u017ce by\u0107 zawarta i wykonana.<\/p>\n\n\n\n<p>Niniejszy regulamin wchodzi w \u017cycie z dniem 25.05.2018 r.<\/p>\n","protected":false},"excerpt":{"rendered":"<p>W skr\u00f3cie&#8230; Doceniamy Twoj\u0105 uczynno\u015b\u0107 i prywatno\u015b\u0107. Nie handlujemy danymi osobowymi, kt\u00f3re zbieramy od Ciebie. Dane osobowe s\u0105 nam potrzebne wy\u0142\u0105cznie do realizacji umowy &#8211; informacji o post\u0119pach w realizacji zam\u00f3wienia i komunikacji mi\u0119dzy nami. Nie przyja\u017animy si\u0119 ze spamem &#8211; naprawd\u0119 nie powiniene\u015b si\u0119 go po nas spodziewa\u0107. Co najwy\u017cej zapytamy Ci\u0119 o Twoje [&hellip;]<\/p>\n","protected":false},"author":1,"featured_media":22,"parent":0,"menu_order":0,"comment_status":"closed","ping_status":"closed","template":"","meta":{"_acf_changed":false,"inline_featured_image":false,"_sitemap_exclude":false,"_sitemap_priority":"","_sitemap_frequency":"","footnotes":""},"class_list":["post-1111","page","type-page","status-publish","has-post-thumbnail","hentry"],"acf":[],"_links":{"self":[{"href":"https:\/\/audioacademyeu.eu\/pl\/wp-json\/wp\/v2\/pages\/1111","targetHints":{"allow":["GET"]}}],"collection":[{"href":"https:\/\/audioacademyeu.eu\/pl\/wp-json\/wp\/v2\/pages"}],"about":[{"href":"https:\/\/audioacademyeu.eu\/pl\/wp-json\/wp\/v2\/types\/page"}],"author":[{"embeddable":true,"href":"https:\/\/audioacademyeu.eu\/pl\/wp-json\/wp\/v2\/users\/1"}],"replies":[{"embeddable":true,"href":"https:\/\/audioacademyeu.eu\/pl\/wp-json\/wp\/v2\/comments?post=1111"}],"version-history":[{"count":1,"href":"https:\/\/audioacademyeu.eu\/pl\/wp-json\/wp\/v2\/pages\/1111\/revisions"}],"predecessor-version":[{"id":1112,"href":"https:\/\/audioacademyeu.eu\/pl\/wp-json\/wp\/v2\/pages\/1111\/revisions\/1112"}],"wp:featuredmedia":[{"embeddable":true,"href":"https:\/\/audioacademyeu.eu\/pl\/wp-json\/wp\/v2\/media\/22"}],"wp:attachment":[{"href":"https:\/\/audioacademyeu.eu\/pl\/wp-json\/wp\/v2\/media?parent=1111"}],"curies":[{"name":"wp","href":"https:\/\/api.w.org\/{rel}","templated":true}]}}