
{"id":91,"date":"2025-08-12T18:05:28","date_gmt":"2025-08-12T16:05:28","guid":{"rendered":"https:\/\/audioacademyeu.eu\/it\/?post_type=product&#038;p=91"},"modified":"2025-08-19T20:01:35","modified_gmt":"2025-08-19T18:01:35","slug":"inglese-livello-pre-intermedio-parte-01","status":"publish","type":"product","link":"https:\/\/audioacademyeu.eu\/it\/item\/inglese-livello-pre-intermedio-parte-01\/","title":{"rendered":"Inglese &#8211; livello pre-intermedio &#8211; parte 01"},"content":{"rendered":"\n<p>Il corso Inglese &#8211; livello pre-intermedio &#8211; parte 01 \u00e8 destinato a studenti di livello da pre-intermedio a intermedio, quindi per aproffitarne al meglio \u00a0dovreste avere alle spalle uno o due anni di studio dell&#8217;inglese.<\/p>\n\n\n\n<p>Il corso si basa sull&#8217;apprendimento contestualizzato, il che significa che non imparerete solo vocaboli, ma anche frasi in cui potrete utilizzare tali vocaboli. Data la sua ampiezza, \u00e8 suddiviso in due parti e state leggendo l&#8217;introduzione della prima parte.\u00a0 In totale troverete 2600 vocaboli e frasi di esercitazione.<\/p>\n\n\n\n<p>Le singole lezioni sono suddivise per argomenti e ciascuna contiene un numero diverso di vocaboli e frasi. Il livello B1 \u00e8 intermedio, quindi la maggior parte dello spazio \u00e8 dedicato ad argomenti come il lavoro, le caratteristiche, le attivit\u00e0, mentre argomenti come i viaggi, il tempo libero e la famiglia sono trattati in misura minore, poich\u00e9 sono stati approfonditi nella parte precedente del corso.<\/p>\n\n\n\n<p>Come lavorare al meglio con il corso? Scegliete la lezione con cui volete iniziare, ognuna di esse contiene al suo interno sei tracce. Per prima cosa, \u00e8 necessario familiarizzare con i vocaboli di ogni lezione (tracce 1 e 2); successivamente, troverete un esempio in cui potrete vedere l\u2019applicazione della parola, in entrambe le traduzioni (tracce 3 e 4), per poi passare alle frasi complete (tracce 5 e 6). Una volta tradotte le frasi dall\u2019inglese all\u2019italiano (lezione 6), utilizzando la pausa che sentirete prima dell\u2019effettiva traduzione in italiano, avrete vinto: lo studio dei vocaboli vi aiuter\u00e0 a capire il significato delle parole, ma con le frasi complete imparerete sicuramente a comunicare molto meglio!<\/p>\n\n\n\n<p>Grazie ad un libretto di questo corso in formato pdf, che potete scaricare gratuitamente dal sito web, le vostre attivit\u00e0 con il corso saranno molto pi\u00f9 efficaci. Nel libretto troverete infatti istruzioni per l&#8217;apprendimento, insieme a consigli utili su come rendere pi\u00f9 efficace l&#8217;insegnamento, un piano didattico in cui potrete annotare i vostri progressi, un elenco di tracce da ascoltare (nel caso in cui non capiate qualcosa) e anche delle schede bifacciali (flashcards) che vi permetteranno di imparare e ripetere anche quando non potete ascoltare; e, per chi ama mettersi alla prova, ogni lezione \u00e8 accompagnata da un test di traduzione con le risposte corrette.<\/p>\n\n\n\n<p>Questo corso \u00e8 accessibile anche nell&#8217;ambiente di apprendimento interattivo Audioacademy Intteractive. Qui \u00e8 possibile esercitarsi e imparare nuove parole e frasi sul proprio computer o cellulare in modo divertente e interattivo. Per maggiori dettagli, visita il sito www.audioacademyeu.eu.<\/p>\n\n\n\n<ul class=\"wp-block-list\">\n<li>Lezione 1\u00a0&#8211; Abitazione<\/li>\n\n\n\n<li>Lezione 2\u00a0&#8211; Viaggi<\/li>\n\n\n\n<li>Lezione 3\u00a0&#8211; Tempo<\/li>\n\n\n\n<li>Lezione 4\u00a0&#8211; Numeri<\/li>\n\n\n\n<li>Lezione 5\u00a0&#8211; Hotel_ristorante<\/li>\n\n\n\n<li>Lezione 6\u00a0&#8211; Cibo<\/li>\n\n\n\n<li>Lezione 7\u00a0&#8211; Comunicazione 01<\/li>\n\n\n\n<li>Lezione 8\u00a0&#8211; Comunicazione 02<\/li>\n\n\n\n<li>Lezione 9\u00a0&#8211; Citt\u00e0<\/li>\n\n\n\n<li>Lezione 10\u00a0&#8211; Shopping<\/li>\n<\/ul>\n","protected":false},"excerpt":{"rendered":"<p>Il corso Inglese &#8211; livello pre-intermedio &#8211; parte 01 \u00e8 destinato a studenti di livello da pre-intermedio a intermedio, quindi per aproffitarne al meglio \u00a0dovreste avere alle spalle uno o due anni di studio dell&#8217;inglese.<\/p>\n","protected":false},"featured_media":176,"comment_status":"open","ping_status":"closed","template":"","meta":{"_acf_changed":false,"inline_featured_image":false,"_sitemap_exclude":false,"_sitemap_priority":"","_sitemap_frequency":""},"product_brand":[],"product_cat":[22,23],"product_tag":[],"class_list":{"0":"post-91","1":"product","2":"type-product","3":"status-publish","4":"has-post-thumbnail","6":"product_cat-inglese","7":"product_cat-inglese-generale","8":"pa_formato-mp3-da-scaricare","9":"pa_livello-linguistico-36","10":"pa_lunghezza-b1","11":"pa_lunghezza-b1-b2","13":"first","14":"instock","15":"downloadable","16":"virtual","17":"purchasable","18":"product-type-simple"},"acf":[],"_links":{"self":[{"href":"https:\/\/audioacademyeu.eu\/it\/wp-json\/wp\/v2\/product\/91","targetHints":{"allow":["GET"]}}],"collection":[{"href":"https:\/\/audioacademyeu.eu\/it\/wp-json\/wp\/v2\/product"}],"about":[{"href":"https:\/\/audioacademyeu.eu\/it\/wp-json\/wp\/v2\/types\/product"}],"replies":[{"embeddable":true,"href":"https:\/\/audioacademyeu.eu\/it\/wp-json\/wp\/v2\/comments?post=91"}],"wp:featuredmedia":[{"embeddable":true,"href":"https:\/\/audioacademyeu.eu\/it\/wp-json\/wp\/v2\/media\/176"}],"wp:attachment":[{"href":"https:\/\/audioacademyeu.eu\/it\/wp-json\/wp\/v2\/media?parent=91"}],"wp:term":[{"taxonomy":"product_brand","embeddable":true,"href":"https:\/\/audioacademyeu.eu\/it\/wp-json\/wp\/v2\/product_brand?post=91"},{"taxonomy":"product_cat","embeddable":true,"href":"https:\/\/audioacademyeu.eu\/it\/wp-json\/wp\/v2\/product_cat?post=91"},{"taxonomy":"product_tag","embeddable":true,"href":"https:\/\/audioacademyeu.eu\/it\/wp-json\/wp\/v2\/product_tag?post=91"}],"curies":[{"name":"wp","href":"https:\/\/api.w.org\/{rel}","templated":true}]}}