
{"id":72,"date":"2025-08-24T18:54:40","date_gmt":"2025-08-24T16:54:40","guid":{"rendered":"https:\/\/audioacademyeu.eu\/it\/?post_type=product&#038;p=72"},"modified":"2025-08-24T19:35:29","modified_gmt":"2025-08-24T17:35:29","slug":"francese-livello-intermedio","status":"publish","type":"product","link":"https:\/\/audioacademyeu.eu\/it\/item\/francese-livello-intermedio\/","title":{"rendered":"Francese &#8211; livello intermedio"},"content":{"rendered":"\n<p>Il corso Francese \u2013 livello intermedio B2 \u00e8 destinato a utenti avanzati e, con il suo aiuto, non solo amplierete il vostro vocabolario avanzato, ma ripasserete anche i fenomeni grammaticali pi\u00f9 complessi.<\/p>\n\n\n\n<p>Il corso si basa sull&#8217;apprendimento contestuale, il che significa che non imparerete solo vocaboli, ma anche frasi in cui potrete utilizzare i vocaboli appresi. In totale troverete 1.400 vocaboli e frasi di esercitazione.<\/p>\n\n\n\n<p>Le singole lezioni sono suddivise per argomenti, ognuno dei quali contiene un numero diverso di vocaboli e frasi. Il livello B2 \u00e8 intermedio, quindi la maggior parte dello spazio \u00e8 dedicato ad argomenti come il lavoro, le caratteristiche, le attivit\u00e0, mentre argomenti come i viaggi, il tempo libero e la famiglia sono trattati in misura minore, poich\u00e9 sono stati approfonditi nel corso precedente.<\/p>\n\n\n\n<p>Come lavorare al meglio con il corso?<a><\/a><a><\/a> Scegliete la lezione con cui volete iniziare, ognuna di esse contiene al suo interno sei tracce. Per prima cosa, \u00e8 necessario familiarizzare con i vocaboli di ogni lezione (tracce 1 e 2); successivamente, troverete un esempio in cui potrete vedere l\u2019applicazione della parola, in entrambe le traduzioni (tracce 3 e 4), per poi passare alle frasi complete (tracce 5 e 6). Una volta tradotte le frasi dal francese all\u2019italiano (lezione 6), utilizzando la pausa che sentirete prima dell\u2019effettiva traduzione in italiano, avrete vinto: lo studio dei vocaboli vi aiuter\u00e0 a capire il significato delle parole, ma con le frasi complete imparerete sicuramente a comunicare molto meglio!<\/p>\n\n\n\n<p>Grazie ad un libretto di questo corso in formato pdf, che potete scaricare gratuitamente dal sito web, le vostre attivit\u00e0 con il corso saranno molto pi\u00f9 efficaci. Nel libretto troverete infatti istruzioni per l&#8217;apprendimento, insieme a consigli utili su come rendere pi\u00f9 efficace l&#8217;insegnamento, un piano didattico in cui potrete annotare i vostri progressi, un elenco di tracce da ascoltare (nel caso in cui non capiate qualcosa) e anche delle schede bifacciali (flashcards) che vi permetteranno di imparare e ripetere anche quando non potete ascoltare; e, per chi ama mettersi alla prova, ogni lezione \u00e8 accompagnata da un test di traduzione con le risposte corrette.<\/p>\n\n\n\n<p>Questo corso \u00e8 accessibile anche nell&#8217;ambiente di apprendimento interattivo Audioacademy Intteractive. Qui \u00e8 possibile esercitarsi e imparare nuove parole e frasi sul proprio computer o cellulare in modo divertente e interattivo. Per maggiori dettagli, visita il sito www.audioacademyeu.eu.<\/p>\n\n\n\n<ul class=\"wp-block-list\">\n<li>Lezione 1&nbsp; Attivit\u00e0 01<\/li>\n\n\n\n<li>Lezione 2&nbsp; Attivit\u00e0 02<\/li>\n\n\n\n<li>Lezione 3&nbsp; Viaggi<\/li>\n\n\n\n<li>Lezione 4&nbsp; Comunicazione<\/li>\n\n\n\n<li>Lezione 5&nbsp; Lavoro<\/li>\n\n\n\n<li>Lezione 6&nbsp; Comunit\u00e0<\/li>\n\n\n\n<li>Lezione 7&nbsp; Corpo<\/li>\n\n\n\n<li>Lezione 8&nbsp; Caratteristiche<\/li>\n\n\n\n<li>Lezione 9&nbsp; Tempo libero<\/li>\n\n\n\n<li>Lezione 10 Verbi irregolari&nbsp; 1<\/li>\n\n\n\n<li>Lezione 11 Verbi irregolari&nbsp; 2<\/li>\n<\/ul>\n","protected":false},"excerpt":{"rendered":"<p>Il corso Francese \u2013 livello intermedio B2 \u00e8 destinato a utenti avanzati e, con il suo aiuto, non solo amplierete il vostro vocabolario avanzato, ma ripasserete anche i fenomeni grammaticali pi\u00f9 complessi.<\/p>\n","protected":false},"featured_media":558,"comment_status":"open","ping_status":"closed","template":"","meta":{"_acf_changed":false,"inline_featured_image":false,"_sitemap_exclude":false,"_sitemap_priority":"","_sitemap_frequency":""},"product_brand":[],"product_cat":[78,77],"product_tag":[],"class_list":{"0":"post-72","1":"product","2":"type-product","3":"status-publish","4":"has-post-thumbnail","6":"product_cat-francese-generale","7":"product_cat-francese","8":"pa_formato-mp3-da-scaricare","9":"pa_livello-linguistico-86","10":"pa_lunghezza-b1-b2","11":"pa_lunghezza-b2","13":"first","14":"instock","15":"downloadable","16":"virtual","17":"purchasable","18":"product-type-simple"},"acf":[],"_links":{"self":[{"href":"https:\/\/audioacademyeu.eu\/it\/wp-json\/wp\/v2\/product\/72","targetHints":{"allow":["GET"]}}],"collection":[{"href":"https:\/\/audioacademyeu.eu\/it\/wp-json\/wp\/v2\/product"}],"about":[{"href":"https:\/\/audioacademyeu.eu\/it\/wp-json\/wp\/v2\/types\/product"}],"replies":[{"embeddable":true,"href":"https:\/\/audioacademyeu.eu\/it\/wp-json\/wp\/v2\/comments?post=72"}],"wp:featuredmedia":[{"embeddable":true,"href":"https:\/\/audioacademyeu.eu\/it\/wp-json\/wp\/v2\/media\/558"}],"wp:attachment":[{"href":"https:\/\/audioacademyeu.eu\/it\/wp-json\/wp\/v2\/media?parent=72"}],"wp:term":[{"taxonomy":"product_brand","embeddable":true,"href":"https:\/\/audioacademyeu.eu\/it\/wp-json\/wp\/v2\/product_brand?post=72"},{"taxonomy":"product_cat","embeddable":true,"href":"https:\/\/audioacademyeu.eu\/it\/wp-json\/wp\/v2\/product_cat?post=72"},{"taxonomy":"product_tag","embeddable":true,"href":"https:\/\/audioacademyeu.eu\/it\/wp-json\/wp\/v2\/product_tag?post=72"}],"curies":[{"name":"wp","href":"https:\/\/api.w.org\/{rel}","templated":true}]}}