
{"id":481,"date":"2025-08-22T15:05:50","date_gmt":"2025-08-22T13:05:50","guid":{"rendered":"https:\/\/audioacademyeu.eu\/it\/?page_id=481"},"modified":"2026-02-10T16:12:12","modified_gmt":"2026-02-10T15:12:12","slug":"terms","status":"publish","type":"page","link":"https:\/\/audioacademyeu.eu\/it\/terms\/","title":{"rendered":"TERMINI E CONDIZIONI DI VENDITA E LICENZA"},"content":{"rendered":"\n<p><strong>1. FORNITORE<\/strong><\/p>\n\n\n\n<p>Ing. Tom\u00e1\u0161 Dvo\u0159\u00e1\u010dek<br>Dru\u017eebn\u00ed 255\/72<br>725 26 Kr\u00e1sn\u00e9 Pole<br>e-mail: eshop@audioacademyeu.eu<br>telefono: +420 773 789 940<br>ID: 61951404<\/p>\n\n\n\n<p>L&#8217;imprenditore \u00e8 iscritto al Registro del Commercio.<\/p>\n\n\n\n<p><strong>2. DISPOSIZIONI DI BASE<\/strong><\/p>\n\n\n\n<ul class=\"wp-block-list\">\n<li>L&#8217;oggetto di questo sito web \u00e8 l&#8217;offerta di servizi internet relativi alla distribuzione elettronica di supporti mp3.<\/li>\n\n\n\n<li>All&#8217;Abbonato vengono fornite informazioni di base o aggiuntive tramite il sito web poslechovaanglictina.cz, oppure tramite e-mail individuali o comunicazioni telefoniche. Le informazioni o le condizioni ottenute sono accettate.<\/li>\n\n\n\n<li>Il Fornitore ha il diritto di modificare in qualsiasi momento l&#8217;offerta, i parametri e il prezzo dei suoi prodotti.<\/li>\n\n\n\n<li>I prezzi dei prodotti non includono alcuna modifica individuale.<\/li>\n\n\n\n<li>Email con i dati di pagamento e per le comunicazioni: eshop@audioacademyeu.eu<\/li>\n<\/ul>\n\n\n\n<p><strong>3. POLITICA SULLA PRIVACY<\/strong><\/p>\n\n\n\n<ul class=\"wp-block-list\">\n<li>I dati personali del cliente vengono trattati nel pieno rispetto delle disposizioni della Legge n. 101\/2000 Coll. sulla protezione dei dati personali.<\/li>\n\n\n\n<li>L&#8217;Abbonato dichiara che, in conformit\u00e0 alla Legge n. 480\/2004 Coll. su alcuni servizi della societ\u00e0 dell&#8217;informazione e sugli emendamenti ad alcune leggi, accetta di ricevere comunicazioni commerciali.<\/li>\n\n\n\n<li>I dati personali o di login dell&#8217;Abbonato non vengono forniti a terzi.<\/li>\n<\/ul>\n\n\n\n<p><strong>4. DIRITTI E OBBLIGHI DEL FORNITORE<\/strong><\/p>\n\n\n\n<ul class=\"wp-block-list\">\n<li>Il Fornitore non sar\u00e0 responsabile per l&#8217;uso improprio dei dati di accesso del Cliente, a meno che l&#8217;uso improprio non sia dimostrabilmente causato dal Fornitore.<\/li>\n\n\n\n<li>Il Fornitore non sar\u00e0 responsabile dei difetti e dei danni causati da modifiche apportate dall&#8217;Acquirente agli apparecchi audio dopo la vendita.<\/li>\n\n\n\n<li>Il Fornitore non \u00e8 responsabile della perfetta funzionalit\u00e0 del collegamento del prodotto consegnato con software di terzi.<\/li>\n\n\n\n<li>Il Fornitore avr\u00e0 il diritto di annullare l&#8217;ordine se la consegna del prodotto ordinato \u00e8 impossibile. Nel caso in cui l&#8217;Acquirente abbia pagato in anticipo il prodotto ordinato, il Fornitore rimborser\u00e0 all&#8217;Acquirente l&#8217;intero importo entro 7 giorni dalla scoperta di questo fatto.<\/li>\n\n\n\n<li>Il Fornitore avr\u00e0 il diritto di fornire o vendere i servizi, le modifiche e i moduli a terzi, a meno che non sia stato concordato individualmente o stabilito contrattualmente.<\/li>\n<\/ul>\n\n\n\n<p><strong>5. DIRITTI E OBBLIGHI DEL CLIENTE<\/strong><\/p>\n\n\n\n<ul class=\"wp-block-list\">\n<li>Il Cliente \u00e8 tenuto a fornire solo dati personali veritieri e aggiornati.<\/li>\n\n\n\n<li>L&#8217;Abbonato \u00e8 tenuto a proteggere i dati di accesso inviati dal Fornitore in modo tale che non possano essere utilizzati in modo improprio.<\/li>\n\n\n\n<li>L&#8217;Abbonato \u00e8 pienamente responsabile di tutte le azioni, i cambiamenti e le modifiche effettuate utilizzando i dati di accesso forniti dal Fornitore.<\/li>\n\n\n\n<li>L&#8217;Abbonato ha il diritto di modificare i dati di accesso.<\/li>\n\n\n\n<li>L&#8217;Abbonato sar\u00e0 informato del prezzo totale dell&#8217;ordine prima di confermarlo.<\/li>\n<\/ul>\n\n\n\n<p><strong>6. CONCLUSIONE DEL CONTRATTO<\/strong><\/p>\n\n\n\n<ul class=\"wp-block-list\">\n<li>Il contratto tra il Fornitore e il Cliente diventa effettivo al momento del pagamento dell&#8217;ordine tramite il sistema GoPay.<\/li>\n\n\n\n<li>Con il pagamento, il Cliente conferma di accettare i presenti termini e condizioni, che sono vincolanti per entrambe le parti ed entrambe le parti sono obbligate a rispettarli.<\/li>\n\n\n\n<li>La distribuzione del prodotto ordinato su poslechovaanglictina.cz avviene per via elettronica tramite l&#8217;invio all&#8217;indirizzo e-mail fornito dal Fornitore nel modulo d&#8217;ordine.<\/li>\n<\/ul>\n\n\n\n<p><strong>7. RECLAMI<\/strong><\/p>\n\n\n\n<ul class=\"wp-block-list\">\n<li>I reclami, compresa l&#8217;eliminazione dei difetti, devono essere risolti senza indebito ritardo, al pi\u00f9 tardi entro 30 giorni dalla data del reclamo, a meno che il venditore e il consumatore non concordino un periodo pi\u00f9 lungo.<\/li>\n\n\n\n<li>Nel caso in cui l&#8217;acquirente alteri o interferisca in altro modo con il codice sorgente, il reclamo non \u00e8 applicabile.<\/li>\n\n\n\n<li>In caso di reclamo ingiustificato (se l&#8217;errore notificato non viene rilevato o se si tratta di un errore non coperto dalla garanzia), il Fornitore pu\u00f2 richiedere il pagamento dei costi sostenuti per il collaudo e la riparazione.<\/li>\n<\/ul>\n\n\n\n<p><strong>8. CONFORMIT\u00c0 E NON CONFORMIT\u00c0 AL CONTRATTO DI ACQUISTO<\/strong><\/p>\n\n\n\n<ul class=\"wp-block-list\">\n<li>Il Fornitore \u00e8 responsabile nei confronti dell&#8217;Acquirente del fatto che il prodotto venduto o il servizio fornito sia conforme al Contratto d&#8217;acquisto quando viene accettato dall&#8217;Acquirente.<\/li>\n\n\n\n<li>Per conformit\u00e0 al contratto di acquisto si intende che il prodotto o il servizio venduto abbia le caratteristiche di prestazione richieste dal contratto, descritte dal fornitore o attese sulla base della pubblicit\u00e0 del fornitore, o le caratteristiche di prestazione usuali per software o servizi di questo tipo, che sia conforme ai requisiti di legge e che corrisponda allo scopo per il quale il fornitore dichiara che il prodotto o il servizio \u00e8 utilizzato o per il quale il prodotto o il servizio \u00e8 normalmente utilizzato.<\/li>\n\n\n\n<li>Nel caso in cui il prodotto o il servizio non sia conforme al Contratto d&#8217;acquisto al momento del ricevimento da parte dell&#8217;Acquirente, quest&#8217;ultimo avr\u00e0 diritto a che il Fornitore ripristini gratuitamente e senza indebito ritardo il prodotto o il servizio consegnato in una condizione conforme al Contratto d&#8217;acquisto. Se tale procedura non \u00e8 possibile, l&#8217;acquirente pu\u00f2 richiedere uno sconto ragionevole sul prezzo del prodotto o del servizio fornito. Ci\u00f2 non si applica se il cliente era a conoscenza della non conformit\u00e0 al contratto di acquisto prima di prendere in consegna il prodotto o il servizio o se ha causato la non conformit\u00e0 al contratto di acquisto.<\/li>\n<\/ul>\n\n\n\n<p><strong>9. RECESSO DAL CONTRATTO<\/strong><\/p>\n\n\n\n<ul class=\"wp-block-list\">\n<li>Le disposizioni del \u00a71837 comma l) del Codice Civile, relative alla possibilit\u00e0 di recedere dal contratto entro 14 giorni dal ricevimento della merce, non si applicano a un prodotto distribuito elettronicamente.<\/li>\n\n\n\n<li>Un prodotto distribuito elettronicamente o personalizzato per uno specifico cliente finale non pu\u00f2 essere restituito.<\/li>\n\n\n\n<li>Il diritto di recesso del cliente cessa in caso di a) uso non professionale del prodotto, del modulo o della modifica b) presenza di modifiche funzionali individuali.<\/li>\n\n\n\n<li>Con il recesso dal contratto, il cliente si impegna a rimborsare al fornitore le spese sostenute fino a quel momento per l&#8217;eventuale lavoro svolto.<\/li>\n<\/ul>\n\n\n\n<p><strong>10. ACCORDI DI LICENZA<\/strong><\/p>\n\n\n\n<ul class=\"wp-block-list\">\n<li>La licenza per l&#8217;utilizzo del prodotto fornito \u00e8 regolata dalla legge sul diritto d&#8217;autore.<\/li>\n<\/ul>\n\n\n\n<p><strong>11. DISPOSIZIONI FINALI<\/strong><\/p>\n\n\n\n<ul class=\"wp-block-list\">\n<li>I presenti termini e condizioni sono disciplinati dalle disposizioni della Legge n. 513\/1991 Racc. del Codice Commerciale, e successive modifiche, della Legge n. 89\/2012 Racc. del Codice Civile, e successive modifiche, della Legge n. 121\/2000 Racc. della Legge sul Copyright.<\/li>\n\n\n\n<li>Il contratto e i presenti termini e condizioni non pregiudicano le disposizioni pertinenti della legge sul diritto d&#8217;autore e le altre norme giuridiche che disciplinano l&#8217;uso di programmi informatici e database e le sanzioni per il loro uso illegale.<\/li>\n\n\n\n<li>Il Fornitore si riserva il diritto di modificare i presenti termini e condizioni.<\/li>\n\n\n\n<li>I presenti termini e condizioni sono validi ed efficaci dal 20.10.2017.<\/li>\n<\/ul>\n\n\n\n<p><\/p>\n","protected":false},"excerpt":{"rendered":"<p>1. FORNITORE Ing. Tom\u00e1\u0161 Dvo\u0159\u00e1\u010dekDru\u017eebn\u00ed 255\/72725 26 Kr\u00e1sn\u00e9 Polee-mail: eshop@audioacademyeu.eutelefono: +420 773 789 940ID: 61951404 L&#8217;imprenditore \u00e8 iscritto al Registro del Commercio. 2. DISPOSIZIONI DI BASE 3. POLITICA SULLA PRIVACY 4. DIRITTI E OBBLIGHI DEL FORNITORE 5. DIRITTI E OBBLIGHI DEL CLIENTE 6. CONCLUSIONE DEL CONTRATTO 7. RECLAMI 8. CONFORMIT\u00c0 E NON CONFORMIT\u00c0 AL CONTRATTO [&hellip;]<\/p>\n","protected":false},"author":1976,"featured_media":0,"parent":0,"menu_order":0,"comment_status":"closed","ping_status":"closed","template":"elementor_theme","meta":{"_acf_changed":false,"inline_featured_image":false,"_sitemap_exclude":false,"_sitemap_priority":"","_sitemap_frequency":"","footnotes":""},"class_list":["post-481","page","type-page","status-publish","hentry"],"acf":[],"_links":{"self":[{"href":"https:\/\/audioacademyeu.eu\/it\/wp-json\/wp\/v2\/pages\/481","targetHints":{"allow":["GET"]}}],"collection":[{"href":"https:\/\/audioacademyeu.eu\/it\/wp-json\/wp\/v2\/pages"}],"about":[{"href":"https:\/\/audioacademyeu.eu\/it\/wp-json\/wp\/v2\/types\/page"}],"author":[{"embeddable":true,"href":"https:\/\/audioacademyeu.eu\/it\/wp-json\/wp\/v2\/users\/1976"}],"replies":[{"embeddable":true,"href":"https:\/\/audioacademyeu.eu\/it\/wp-json\/wp\/v2\/comments?post=481"}],"version-history":[{"count":1,"href":"https:\/\/audioacademyeu.eu\/it\/wp-json\/wp\/v2\/pages\/481\/revisions"}],"predecessor-version":[{"id":482,"href":"https:\/\/audioacademyeu.eu\/it\/wp-json\/wp\/v2\/pages\/481\/revisions\/482"}],"wp:attachment":[{"href":"https:\/\/audioacademyeu.eu\/it\/wp-json\/wp\/v2\/media?parent=481"}],"curies":[{"name":"wp","href":"https:\/\/api.w.org\/{rel}","templated":true}]}}