
{"id":277,"date":"2025-08-12T20:02:12","date_gmt":"2025-08-12T18:02:12","guid":{"rendered":"https:\/\/audioacademyeu.eu\/it\/?page_id=277"},"modified":"2026-02-10T16:10:32","modified_gmt":"2026-02-10T15:10:32","slug":"contact","status":"publish","type":"page","link":"https:\/\/audioacademyeu.eu\/it\/contact\/","title":{"rendered":"Contatti"},"content":{"rendered":"\n<figure class=\"wp-block-image alignright size-large is-resized\"><img fetchpriority=\"high\" decoding=\"async\" width=\"765\" height=\"1024\" src=\"https:\/\/audioacademyeu.eu\/it\/wp-content\/uploads\/sites\/11\/2025\/09\/tomas_dvoracek-765x1024.jpg\" alt=\"\" class=\"wp-image-583\" style=\"width:169px;height:auto\" srcset=\"https:\/\/audioacademyeu.eu\/it\/wp-content\/uploads\/sites\/11\/2025\/09\/tomas_dvoracek-765x1024.jpg 765w, https:\/\/audioacademyeu.eu\/it\/wp-content\/uploads\/sites\/11\/2025\/09\/tomas_dvoracek-224x300.jpg 224w, https:\/\/audioacademyeu.eu\/it\/wp-content\/uploads\/sites\/11\/2025\/09\/tomas_dvoracek-768x1028.jpg 768w, https:\/\/audioacademyeu.eu\/it\/wp-content\/uploads\/sites\/11\/2025\/09\/tomas_dvoracek-441x590.jpg 441w, https:\/\/audioacademyeu.eu\/it\/wp-content\/uploads\/sites\/11\/2025\/09\/tomas_dvoracek-400x535.jpg 400w, https:\/\/audioacademyeu.eu\/it\/wp-content\/uploads\/sites\/11\/2025\/09\/tomas_dvoracek-150x201.jpg 150w, https:\/\/audioacademyeu.eu\/it\/wp-content\/uploads\/sites\/11\/2025\/09\/tomas_dvoracek.jpg 812w\" sizes=\"(max-width: 765px) 100vw, 765px\" \/><\/figure>\n\n\n\n<p>Buongiorno, mi chiamo Tom\u00e1\u0161, ho 50 anni e vivo vicino a Ostrava. Da sempre mi occupo professionalmente e per hobby dell&#8217;insegnamento delle lingue straniere, ho lavorato per 15 anni come insegnante in una scuola di lingue. Parlo inglese, tedesco, francese, spagnolo e italiano. Oltre alla mia prima lingua straniera, l&#8217;inglese, ho imparato tutte le altre lingue ascoltando e poi lavorando con le schede bifacciali, cio\u00e8 con il sistema che potete trovare su questo sito.<\/p>\n\n\n\n<p>Sar\u00f2 lieto di ricevere vostre notizie non solo se avete domande su uno dei corsi, ma anche se siete interessati a qualsiasi aspetto dell&#8217;insegnamento delle lingue straniere. Sar\u00f2 felice di condividere con voi la mia esperienza e allo stesso tempo accoglier\u00f2 con piacere i vostri consigli e suggerimenti per migliorare. Attendo con piacere di sentirvi.<\/p>\n\n\n\n<p>Buona giornata, Tom\u00e1\u0161<\/p>\n\n\n\n<hr class=\"wp-block-separator has-alpha-channel-opacity\"\/>\n\n\n\n<p><strong>Ing. Tom\u00e1\u0161 Dvo\u0159\u00e1\u010dek<\/strong><\/p>\n\n\n\n<p><strong>Indirizzo<\/strong>: Dru\u017eebn\u00ed 255\/72, 725 26 Kr\u00e1sn\u00e9 Pole<br><strong>E-mail<\/strong>: eshop@audioacademyeu.eu<br><strong>Telefono<\/strong>: +420 603 591 994<br><strong>Numero di identificazione fiscale:<\/strong> 61951404<\/p>\n\n\n\n<p>Iscritto nel registro delle imprese Ufficio competente ai sensi del \u00a7 71 comma 2 della legge sulle imprese: Magistrato della citt\u00e0 di Ostrava<\/p>\n\n\n\n<hr class=\"wp-block-separator has-alpha-channel-opacity\"\/>\n\n\n\n<div class=\"wp-block-contact-form-7-contact-form-selector\">\n<div class=\"wpcf7 no-js\" id=\"wpcf7-f246-o1\" lang=\"cs-CZ\" dir=\"ltr\" data-wpcf7-id=\"246\">\n<div class=\"screen-reader-response\"><p role=\"status\" aria-live=\"polite\" aria-atomic=\"true\"><\/p> <ul><\/ul><\/div>\n<form action=\"\/it\/wp-json\/wp\/v2\/pages\/277#wpcf7-f246-o1\" method=\"post\" class=\"wpcf7-form init\" aria-label=\"Kontaktn\u00ed formul\u00e1\u0159\" novalidate=\"novalidate\" data-status=\"init\">\n<fieldset class=\"hidden-fields-container\"><input type=\"hidden\" name=\"_wpcf7\" value=\"246\" \/><input type=\"hidden\" name=\"_wpcf7_version\" value=\"6.1.5\" \/><input type=\"hidden\" name=\"_wpcf7_locale\" value=\"cs_CZ\" \/><input type=\"hidden\" name=\"_wpcf7_unit_tag\" value=\"wpcf7-f246-o1\" \/><input type=\"hidden\" name=\"_wpcf7_container_post\" value=\"0\" \/><input type=\"hidden\" name=\"_wpcf7_posted_data_hash\" value=\"\" \/>\n<\/fieldset>\n<p><label> Il tuo nome<br \/>\n<span class=\"wpcf7-form-control-wrap\" data-name=\"your-name\"><input size=\"40\" maxlength=\"400\" class=\"wpcf7-form-control wpcf7-text wpcf7-validates-as-required\" autocomplete=\"name\" aria-required=\"true\" aria-invalid=\"false\" value=\"\" type=\"text\" name=\"your-name\" \/><\/span> <\/label>\n<\/p>\n<p><label> Il tuo indirizzo e-mail<br \/>\n<span class=\"wpcf7-form-control-wrap\" data-name=\"your-email\"><input size=\"40\" maxlength=\"400\" class=\"wpcf7-form-control wpcf7-email wpcf7-validates-as-required wpcf7-text wpcf7-validates-as-email\" autocomplete=\"email\" aria-required=\"true\" aria-invalid=\"false\" value=\"\" type=\"email\" name=\"your-email\" \/><\/span> <\/label>\n<\/p>\n<p><label> Oggetto<br \/>\n<span class=\"wpcf7-form-control-wrap\" data-name=\"your-subject\"><input size=\"40\" maxlength=\"400\" class=\"wpcf7-form-control wpcf7-text wpcf7-validates-as-required\" aria-required=\"true\" aria-invalid=\"false\" value=\"\" type=\"text\" name=\"your-subject\" \/><\/span> <\/label>\n<\/p>\n<p><label> Il tuo messaggio (facoltativo)<br \/>\n<span class=\"wpcf7-form-control-wrap\" data-name=\"your-message\"><textarea cols=\"40\" rows=\"10\" maxlength=\"2000\" class=\"wpcf7-form-control wpcf7-textarea\" aria-invalid=\"false\" name=\"your-message\"><\/textarea><\/span> <\/label>\n<\/p>\n<p><input class=\"wpcf7-form-control wpcf7-submit has-spinner\" type=\"submit\" value=\"Invia\" \/>\n<\/p><div class=\"wpcf7-response-output\" aria-hidden=\"true\"><\/div>\n<\/form>\n<\/div>\n<\/div>\n\n\n\n<p><\/p>\n","protected":false},"excerpt":{"rendered":"<p>Buongiorno, mi chiamo Tom\u00e1\u0161, ho 50 anni e vivo vicino a Ostrava. Da sempre mi occupo professionalmente e per hobby dell&#8217;insegnamento delle lingue straniere, ho lavorato per 15 anni come insegnante in una scuola di lingue. Parlo inglese, tedesco, francese, spagnolo e italiano. Oltre alla mia prima lingua straniera, l&#8217;inglese, ho imparato tutte le altre [&hellip;]<\/p>\n","protected":false},"author":1976,"featured_media":0,"parent":0,"menu_order":0,"comment_status":"closed","ping_status":"closed","template":"","meta":{"_acf_changed":false,"inline_featured_image":false,"_sitemap_exclude":false,"_sitemap_priority":"","_sitemap_frequency":"","footnotes":""},"class_list":["post-277","page","type-page","status-publish","hentry"],"acf":[],"_links":{"self":[{"href":"https:\/\/audioacademyeu.eu\/it\/wp-json\/wp\/v2\/pages\/277","targetHints":{"allow":["GET"]}}],"collection":[{"href":"https:\/\/audioacademyeu.eu\/it\/wp-json\/wp\/v2\/pages"}],"about":[{"href":"https:\/\/audioacademyeu.eu\/it\/wp-json\/wp\/v2\/types\/page"}],"author":[{"embeddable":true,"href":"https:\/\/audioacademyeu.eu\/it\/wp-json\/wp\/v2\/users\/1976"}],"replies":[{"embeddable":true,"href":"https:\/\/audioacademyeu.eu\/it\/wp-json\/wp\/v2\/comments?post=277"}],"version-history":[{"count":2,"href":"https:\/\/audioacademyeu.eu\/it\/wp-json\/wp\/v2\/pages\/277\/revisions"}],"predecessor-version":[{"id":584,"href":"https:\/\/audioacademyeu.eu\/it\/wp-json\/wp\/v2\/pages\/277\/revisions\/584"}],"wp:attachment":[{"href":"https:\/\/audioacademyeu.eu\/it\/wp-json\/wp\/v2\/media?parent=277"}],"curies":[{"name":"wp","href":"https:\/\/api.w.org\/{rel}","templated":true}]}}