
{"id":372,"date":"2026-05-03T19:19:11","date_gmt":"2026-05-03T17:19:11","guid":{"rendered":"https:\/\/audioacademyeu.eu\/fr\/?post_type=product&#038;p=372"},"modified":"2026-05-11T15:05:49","modified_gmt":"2026-05-11T13:05:49","slug":"pack-anglais-maxi","status":"publish","type":"product","link":"https:\/\/audioacademyeu.eu\/fr\/item\/pack-anglais-maxi\/","title":{"rendered":"Pack &#8211; Anglais maxi"},"content":{"rendered":"\n<p><strong>Anglais pour d\u00e9butants<br><\/strong>Ce cours Anglais pour d\u00e9butants s\u2019adresse aussi bien aux d\u00e9butants complets qu\u2019aux faux d\u00e9butants ; si vous avez appris l\u2019anglais il y a quelque temps et que vous souhaitez r\u00e9viser vos bases de mani\u00e8re approfondie, ce cours est fait pour vous.<\/p>\n\n\n\n<p><strong>Anglais \u2013 niveau pr\u00e9-interm\u00e9diaire \u2013 partie 01<br><\/strong>Ce cours Anglais \u2013 niveau pr\u00e9-interm\u00e9diaire \u2013 partie 01 s\u2019adresse aux apprenants de niveau pr\u00e9-interm\u00e9diaire, pour en tirer le meilleur parti, vous devriez donc avoir suivi un \u00e0 deux ans de cours d\u2019anglais et ma\u00eetriser les bases de la langue.<\/p>\n\n\n\n<p><strong>Anglais \u2013 niveau pr\u00e9-interm\u00e9diaire \u2013 partie 02<br><\/strong>Ce cours Anglais \u2013 niveau pr\u00e9-interm\u00e9diaire \u2013 partie 02 s\u2019adresse aux apprenants de niveau pre- interm\u00e9diaire, \u00a0pour en tirer le meilleur parti, vous devriez donc avoir suivi un \u00e0 deux ans de cours d\u2019anglais et ma\u00eetriser les bases de la langue.<\/p>\n\n\n\n<p><strong>Anglais \u2013 niveau interm\u00e9diaire<br><\/strong>Ce cours Anglais \u2013 niveau interm\u00e9diaire s\u2019adresse aux utilisateurs avanc\u00e9s et vous permettra non seulement d\u2019enrichir votre vocabulaire avanc\u00e9, mais aussi de r\u00e9viser des points de grammaire plus complexes.<\/p>\n","protected":false},"excerpt":{"rendered":"<p><!-- obsidian --><\/p>\n<p>Pack &#8211; Anglais maxi &#8211;\u00a0<\/p>\n<p><!-- obsidian --><\/p>\n<p>Anglais pour d\u00e9butants, Anglais &#8211; niveau pr\u00e9-interm\u00e9diaire &#8211; partie 01, 02, Anglais &#8211; niveau interm\u00e9diaire<\/p>\n","protected":false},"featured_media":364,"comment_status":"open","ping_status":"closed","template":"","meta":{"_acf_changed":false,"inline_featured_image":false,"_sitemap_exclude":false,"_sitemap_priority":"","_sitemap_frequency":""},"product_brand":[],"product_cat":[46,45],"product_tag":[],"class_list":{"0":"post-372","1":"product","2":"type-product","3":"status-publish","4":"has-post-thumbnail","6":"product_cat-anglais-lots-avantageus","7":"product_cat-lots-avantageus","8":"pa_duree-50","9":"pa_format-mp3","10":"pa_niveau-a1","11":"pa_niveau-a1a2","12":"pa_niveau-a2","13":"pa_niveau-b1","14":"pa_niveau-b2","15":"pa_niveau-c1","17":"first","18":"instock","19":"downloadable","20":"virtual","21":"purchasable","22":"product-type-simple"},"acf":[],"_links":{"self":[{"href":"https:\/\/audioacademyeu.eu\/fr\/wp-json\/wp\/v2\/product\/372","targetHints":{"allow":["GET"]}}],"collection":[{"href":"https:\/\/audioacademyeu.eu\/fr\/wp-json\/wp\/v2\/product"}],"about":[{"href":"https:\/\/audioacademyeu.eu\/fr\/wp-json\/wp\/v2\/types\/product"}],"replies":[{"embeddable":true,"href":"https:\/\/audioacademyeu.eu\/fr\/wp-json\/wp\/v2\/comments?post=372"}],"wp:featuredmedia":[{"embeddable":true,"href":"https:\/\/audioacademyeu.eu\/fr\/wp-json\/wp\/v2\/media\/364"}],"wp:attachment":[{"href":"https:\/\/audioacademyeu.eu\/fr\/wp-json\/wp\/v2\/media?parent=372"}],"wp:term":[{"taxonomy":"product_brand","embeddable":true,"href":"https:\/\/audioacademyeu.eu\/fr\/wp-json\/wp\/v2\/product_brand?post=372"},{"taxonomy":"product_cat","embeddable":true,"href":"https:\/\/audioacademyeu.eu\/fr\/wp-json\/wp\/v2\/product_cat?post=372"},{"taxonomy":"product_tag","embeddable":true,"href":"https:\/\/audioacademyeu.eu\/fr\/wp-json\/wp\/v2\/product_tag?post=372"}],"curies":[{"name":"wp","href":"https:\/\/api.w.org\/{rel}","templated":true}]}}