
{"id":368,"date":"2026-05-03T19:09:06","date_gmt":"2026-05-03T17:09:06","guid":{"rendered":"https:\/\/audioacademyeu.eu\/fr\/?post_type=product&#038;p=368"},"modified":"2026-05-03T19:21:54","modified_gmt":"2026-05-03T17:21:54","slug":"pack-anglais-pour-debutants","status":"publish","type":"product","link":"https:\/\/audioacademyeu.eu\/fr\/item\/pack-anglais-pour-debutants\/","title":{"rendered":"Pack &#8211; Anglais pour d\u00e9butants"},"content":{"rendered":"\n<p><strong>Anglais commercial \u2013 du niveau d\u00e9butant au niveau pr\u00e9-interm\u00e9diaire<br><\/strong>Ce cours Anglais commercial \u2013 du niveau d\u00e9butant au niveau pr\u00e9-interm\u00e9diaire s\u2019adresse aux d\u00e9butants et aux apprenants de niveau pre interm\u00e9diaire et se concentre sur le vocabulaire que vous pouvez utiliser au travail ainsi que lors de vos contacts professionnels avec des partenaires \u00e9trangers.<\/p>\n\n\n\n<p><strong>Vacances en anglais \u2013 du niveau d\u00e9butant au niveau pr\u00e9-interm\u00e9diaire<br><\/strong>Ce cours Vacances en anglais s\u2019adresse aux d\u00e9butants et aux apprenants de niveau pre-interm\u00e9diaire et se concentre sur le vocabulaire et les expressions que vous pouvez utiliser en voyage et surtout pendant vos vacances.<\/p>\n\n\n\n<p><strong>Anglais pour d\u00e9butants<\/strong><br>Ce cours Anglais pour d\u00e9butants s\u2019adresse aussi bien aux d\u00e9butants complets qu\u2019aux faux d\u00e9butants ; si vous avez appris l\u2019anglais il y a quelque temps et que vous souhaitez r\u00e9viser vos bases de mani\u00e8re approfondie, ce cours est fait pour vous.<\/p>\n","protected":false},"excerpt":{"rendered":"<p><!-- obsidian --><\/p>\n<p>Pack &#8211; Anglais pour d\u00e9butants &#8211;\u00a0Anglais pour d\u00e9butants,\u00a0Vacances en anglais, Anglais commercial<\/p>\n<p><!-- obsidian --><!-- obsidian --><\/p>\n","protected":false},"featured_media":367,"comment_status":"open","ping_status":"closed","template":"","meta":{"_acf_changed":false,"inline_featured_image":false,"_sitemap_exclude":false,"_sitemap_priority":"","_sitemap_frequency":""},"product_brand":[],"product_cat":[46,45],"product_tag":[],"class_list":{"0":"post-368","1":"product","2":"type-product","3":"status-publish","4":"has-post-thumbnail","6":"product_cat-anglais-lots-avantageus","7":"product_cat-lots-avantageus","8":"pa_duree-47","9":"pa_format-mp3","10":"pa_niveau-a1","11":"pa_niveau-a1a2","12":"pa_niveau-a2","13":"pa_niveau-b1","15":"first","16":"instock","17":"downloadable","18":"virtual","19":"purchasable","20":"product-type-simple"},"acf":[],"_links":{"self":[{"href":"https:\/\/audioacademyeu.eu\/fr\/wp-json\/wp\/v2\/product\/368","targetHints":{"allow":["GET"]}}],"collection":[{"href":"https:\/\/audioacademyeu.eu\/fr\/wp-json\/wp\/v2\/product"}],"about":[{"href":"https:\/\/audioacademyeu.eu\/fr\/wp-json\/wp\/v2\/types\/product"}],"replies":[{"embeddable":true,"href":"https:\/\/audioacademyeu.eu\/fr\/wp-json\/wp\/v2\/comments?post=368"}],"wp:featuredmedia":[{"embeddable":true,"href":"https:\/\/audioacademyeu.eu\/fr\/wp-json\/wp\/v2\/media\/367"}],"wp:attachment":[{"href":"https:\/\/audioacademyeu.eu\/fr\/wp-json\/wp\/v2\/media?parent=368"}],"wp:term":[{"taxonomy":"product_brand","embeddable":true,"href":"https:\/\/audioacademyeu.eu\/fr\/wp-json\/wp\/v2\/product_brand?post=368"},{"taxonomy":"product_cat","embeddable":true,"href":"https:\/\/audioacademyeu.eu\/fr\/wp-json\/wp\/v2\/product_cat?post=368"},{"taxonomy":"product_tag","embeddable":true,"href":"https:\/\/audioacademyeu.eu\/fr\/wp-json\/wp\/v2\/product_tag?post=368"}],"curies":[{"name":"wp","href":"https:\/\/api.w.org\/{rel}","templated":true}]}}