
{"id":221,"date":"2026-04-24T13:52:09","date_gmt":"2026-04-24T11:52:09","guid":{"rendered":"https:\/\/audioacademyeu.eu\/fr\/?post_type=product&#038;p=221"},"modified":"2026-04-24T13:52:11","modified_gmt":"2026-04-24T11:52:11","slug":"vacances-en-anglais-du-niveau-debutant-au-niveau-pre-intermediaire","status":"publish","type":"product","link":"https:\/\/audioacademyeu.eu\/fr\/item\/vacances-en-anglais-du-niveau-debutant-au-niveau-pre-intermediaire\/","title":{"rendered":"Vacances en anglais &#8211; du niveau d\u00e9butant au niveau pr\u00e9-interm\u00e9diaire"},"content":{"rendered":"\n<p>Merci de votre int\u00e9r\u00eat pour le cours d\u2019\u00e9coute\u00a0Vacanse en anglais \u00a0A1 \u2013 B1. Ce cours s\u2019adresse aux d\u00e9butants et aux apprenants de niveau pre-interm\u00e9diaire et se concentre sur le vocabulaire et les expressions que vous pouvez utiliser en voyage et surtout pendant vos vacances.<\/p>\n\n\n\n<p>Le cours repose sur l\u2019apprentissage contextuel, ce qui signifie que vous n\u2019apprendrez pas seulement des mots, mais aussi des phrases dans lesquelles vous pourrez les utiliser. Vous trouverez dans ce cours un total de 600 mots et phrases d\u2019entra\u00eenement.<\/p>\n\n\n\n<p>Les le\u00e7ons sont class\u00e9es par th\u00e8mes :\u00a0<strong>voyager en voiture, voyager en avion, les destinations, \u00e0 l\u2019h\u00f4tel, au restaurant, faire ses courses et communiquer<\/strong>. En suivant ce cours, vous joindrez l\u2019utile \u00e0 l\u2019agr\u00e9able : vous rafra\u00eechirez votre vocabulaire li\u00e9 au voyage tout en r\u00e9visant votre anglais de niveau A1 \u00e0 B1.<\/p>\n\n\n\n<p>Le cours comprend \u00e9galement une partie introductive qui vous permettra d\u2019acqu\u00e9rir les bases de la prononciation en\u00a0anglais\u00a0et d\u2019apprendre la prononciation de certains mots de base s\u00e9lectionn\u00e9s<\/p>\n\n\n\n<p>Comment tirer le meilleur parti du cours ? Choisissez la le\u00e7on par laquelle vous souhaitez commencer. Chaque le\u00e7on comprend six pistes. Commencez par vous familiariser avec les mots de vocabulaire de chaque le\u00e7on (pistes 1 et 2). Vous disposez ensuite d\u2019un mot de vocabulaire suivi d\u2019une phrase d\u2019exemple, l\u00e0 encore dans les deux variantes de traduction (pistes 3 et 4). \u00a0Passez ensuite aux phrases compl\u00e8tes (pistes 5 et 6). D\u00e8s que vous serez capable de traduire des phrases du fran\u00e7ais vers l\u2019anglais (le\u00e7on 6) dans le d\u00e9lai imparti avant la traduction anglais vous aurez gagn\u00e9. Les mots de vocabulaire vous aideront \u00e0 comprendre le sens, mais gr\u00e2ce aux phrases compl\u00e8tes apprises, vous communiquerez beaucoup mieux.<\/p>\n\n\n\n<p>Un manuel au format PDF est disponible pour ce cours ; vous pouvez le t\u00e9l\u00e9charger gratuitement et il vous permettra de suivre le cours de mani\u00e8re beaucoup plus efficace.. Dans ce manuel, vous trouverez en effet des instructions d\u2019apprentissage ainsi que des conseils utiles pour rendre l\u2019apprentissage plus efficace, un plan d\u2019apprentissage dans lequel vous pouvez noter vos progr\u00e8s, une liste de pistes \u00e0 \u00e9couter (au cas o\u00f9 vous ne comprendriez pas quelque chose), mais aussi des fiches recto-verso qui vous permettront d\u2019apprendre et de r\u00e9viser m\u00eame lorsque vous ne pouvez pas \u00e9couter. Les voix que vous entendrez\u00a0sont celles de Jeff Short, \u00a0Anne-Christine Trochut, Benjamin Jaquet et David Girten.<\/p>\n\n\n\n<p>Profitez \u00e9galement de l\u2019app Audioacademy interactif en-ligne pour smartphones \u00a0et ordinateurs, o\u00f9 vous pouvez apprendre autrement qu\u2019en \u00e9coutant. Visitez www.audioacademyeu.eu pour plus de d\u00e9tails.<\/p>\n","protected":false},"excerpt":{"rendered":"<p>Ce cours Vacances en anglais s&rsquo;adresse aux d\u00e9butants et aux apprenants de niveau pre-interm\u00e9diaire et se concentre sur le vocabulaire et les expressions que vous pouvez utiliser en voyage et surtout pendant vos vacances.<\/p>\n","protected":false},"featured_media":319,"comment_status":"open","ping_status":"closed","template":"","meta":{"_acf_changed":false,"inline_featured_image":false,"_sitemap_exclude":false,"_sitemap_priority":"","_sitemap_frequency":""},"product_brand":[],"product_cat":[27,25],"product_tag":[],"class_list":{"0":"post-221","1":"product","2":"type-product","3":"status-publish","4":"has-post-thumbnail","6":"product_cat-anglais-specialise","7":"product_cat-anglais","8":"pa_duree-39","9":"pa_format-mp3","10":"pa_niveau-a1","11":"pa_niveau-a1a2","12":"pa_niveau-a2","13":"pa_niveau-b1","15":"first","16":"instock","17":"downloadable","18":"virtual","19":"purchasable","20":"product-type-simple"},"acf":[],"_links":{"self":[{"href":"https:\/\/audioacademyeu.eu\/fr\/wp-json\/wp\/v2\/product\/221","targetHints":{"allow":["GET"]}}],"collection":[{"href":"https:\/\/audioacademyeu.eu\/fr\/wp-json\/wp\/v2\/product"}],"about":[{"href":"https:\/\/audioacademyeu.eu\/fr\/wp-json\/wp\/v2\/types\/product"}],"replies":[{"embeddable":true,"href":"https:\/\/audioacademyeu.eu\/fr\/wp-json\/wp\/v2\/comments?post=221"}],"wp:featuredmedia":[{"embeddable":true,"href":"https:\/\/audioacademyeu.eu\/fr\/wp-json\/wp\/v2\/media\/319"}],"wp:attachment":[{"href":"https:\/\/audioacademyeu.eu\/fr\/wp-json\/wp\/v2\/media?parent=221"}],"wp:term":[{"taxonomy":"product_brand","embeddable":true,"href":"https:\/\/audioacademyeu.eu\/fr\/wp-json\/wp\/v2\/product_brand?post=221"},{"taxonomy":"product_cat","embeddable":true,"href":"https:\/\/audioacademyeu.eu\/fr\/wp-json\/wp\/v2\/product_cat?post=221"},{"taxonomy":"product_tag","embeddable":true,"href":"https:\/\/audioacademyeu.eu\/fr\/wp-json\/wp\/v2\/product_tag?post=221"}],"curies":[{"name":"wp","href":"https:\/\/api.w.org\/{rel}","templated":true}]}}