
{"id":219,"date":"2026-04-24T14:25:55","date_gmt":"2026-04-24T12:25:55","guid":{"rendered":"https:\/\/audioacademyeu.eu\/fr\/?post_type=product&#038;p=219"},"modified":"2026-04-24T14:44:42","modified_gmt":"2026-04-24T12:44:42","slug":"anglais-niveau-intermediaire","status":"publish","type":"product","link":"https:\/\/audioacademyeu.eu\/fr\/item\/anglais-niveau-intermediaire\/","title":{"rendered":"Anglais &#8211; niveau interm\u00e9diaire"},"content":{"rendered":"\n<p>Merci de votre int\u00e9r\u00eat pour le cours d\u2019\u00e9coute\u00a0Anglais \u2013 niveau interm\u00e9diaire B2. Ce cours s\u2019adresse aux utilisateurs avanc\u00e9s et vous permettra non seulement d\u2019enrichir votre vocabulaire avanc\u00e9, mais aussi de r\u00e9viser des points de grammaire plus complexes.<\/p>\n\n\n\n<p>Le cours repose sur l\u2019apprentissage contextuel, ce qui signifie que vous n\u2019apprendrez pas seulement des mots, mais aussi des phrases dans lesquelles vous pourrez les utiliser. Au total, vous y trouverez\u00a0\u00a0 \u00a01 400 mots et phrases d\u2019entra\u00eenement.<\/p>\n\n\n\n<p>Les le\u00e7ons sont class\u00e9es par th\u00e8mes, chacune contenant un nombre diff\u00e9rent de mots et de phrases.Chaque le\u00e7on comprend six pistes. Commencez par vous familiariser avec les mots de vocabulaire de chaque le\u00e7on (pistes 1 et 2). Vous disposez ensuite d\u2019un mot de vocabulaire suivi d\u2019une phrase d\u2019exemple, l\u00e0 encore dans les deux variantes de traduction (pistes 3 et 4). \u00a0Passez ensuite aux phrases compl\u00e8tes (pistes 5 et 6). D\u00e8s que vous serez capable de traduire des phrases du fran\u00e7ais vers l\u2019anglais (le\u00e7on 6) dans le d\u00e9lai imparti avant la traduction anglais vous aurez gagn\u00e9. Les mots de vocabulaire vous aideront \u00e0 comprendre le sens, mais gr\u00e2ce aux phrases compl\u00e8tes apprises, vous communiquerez beaucoup mieux.<\/p>\n\n\n\n<p>Un manuel au format PDF est disponible pour ce cours ; vous pouvez le t\u00e9l\u00e9charger gratuitement et il vous permettra de suivre le cours de mani\u00e8re beaucoup plus efficace.. Dans ce manuel, vous trouverez en effet des instructions d\u2019apprentissage ainsi que des conseils utiles pour rendre l\u2019apprentissage plus efficace, un plan d\u2019apprentissage dans lequel vous pouvez noter vos progr\u00e8s, une liste de pistes \u00e0 \u00e9couter (au cas o\u00f9 vous ne comprendriez pas quelque chose), mais aussi des fiches recto-verso qui vous permettront d\u2019apprendre et de r\u00e9viser m\u00eame lorsque vous ne pouvez pas \u00e9couter. Les voix que vous entendrez\u00a0sont celles de Jeff Short, \u00a0Anne-Christine Trochut, Benjamin Jaquet et David Girten.<\/p>\n\n\n\n<p>Profitez \u00e9galement de l\u2019app Audioacademy interactif en-ligne pour smartphones \u00a0et ordinateurs, o\u00f9 vous pouvez apprendre autrement qu\u2019en \u00e9coutant. Visitez www.audioacademyeu.eu pour plus de d\u00e9tails.<\/p>\n\n\n\n<ul class=\"wp-block-list\">\n<li>Le\u00e7on 01 \u2013 Activit\u00e9s _01\u00a0<\/li>\n\n\n\n<li>Le\u00e7on 02 \u2013 Activit\u00e9s _02\u00a0<\/li>\n\n\n\n<li>Le\u00e7on 03 \u2013 Voyages\u00a0<\/li>\n\n\n\n<li>Le\u00e7on 04 \u2013 Communication\u00a0<\/li>\n\n\n\n<li>Le\u00e7on 05 \u2013 Travail\u00a0<\/li>\n\n\n\n<li>Le\u00e7on 06 \u2013 Communaut\u00e9\u00a0<\/li>\n\n\n\n<li>Le\u00e7on 07 \u2013 Corps\u00a0<\/li>\n\n\n\n<li>Le\u00e7on 08 \u2013 Caract\u00e9ristiques\u00a0<\/li>\n\n\n\n<li>Le\u00e7on 09 \u2013 Loisirs\u00a0<\/li>\n\n\n\n<li>Le\u00e7on 10 \u2013 Verbes irr\u00e9guliers_01\u00a0<\/li>\n\n\n\n<li>Le\u00e7on 11 \u2013 Verbes irr\u00e9guliers 02<\/li>\n<\/ul>\n","protected":false},"excerpt":{"rendered":"<p>Ce cours Anglais &#8211; niveau interm\u00e9diaire s&rsquo;adresse aux utilisateurs avanc\u00e9s et vous permettra non seulement d&rsquo;enrichir votre vocabulaire avanc\u00e9, mais aussi de r\u00e9viser des points de grammaire plus complexes.<\/p>\n","protected":false},"featured_media":341,"comment_status":"open","ping_status":"closed","template":"","meta":{"_acf_changed":false,"inline_featured_image":false,"_sitemap_exclude":false,"_sitemap_priority":"","_sitemap_frequency":""},"product_brand":[],"product_cat":[26,25],"product_tag":[],"class_list":{"0":"post-219","1":"product","2":"type-product","3":"status-publish","4":"has-post-thumbnail","6":"product_cat-anglais-general","7":"product_cat-anglais","8":"pa_duree-44","9":"pa_format-mp3","10":"pa_niveau-b1","11":"pa_niveau-b2","12":"pa_niveau-c1","14":"first","15":"instock","16":"downloadable","17":"virtual","18":"purchasable","19":"product-type-simple"},"acf":[],"_links":{"self":[{"href":"https:\/\/audioacademyeu.eu\/fr\/wp-json\/wp\/v2\/product\/219","targetHints":{"allow":["GET"]}}],"collection":[{"href":"https:\/\/audioacademyeu.eu\/fr\/wp-json\/wp\/v2\/product"}],"about":[{"href":"https:\/\/audioacademyeu.eu\/fr\/wp-json\/wp\/v2\/types\/product"}],"replies":[{"embeddable":true,"href":"https:\/\/audioacademyeu.eu\/fr\/wp-json\/wp\/v2\/comments?post=219"}],"wp:featuredmedia":[{"embeddable":true,"href":"https:\/\/audioacademyeu.eu\/fr\/wp-json\/wp\/v2\/media\/341"}],"wp:attachment":[{"href":"https:\/\/audioacademyeu.eu\/fr\/wp-json\/wp\/v2\/media?parent=219"}],"wp:term":[{"taxonomy":"product_brand","embeddable":true,"href":"https:\/\/audioacademyeu.eu\/fr\/wp-json\/wp\/v2\/product_brand?post=219"},{"taxonomy":"product_cat","embeddable":true,"href":"https:\/\/audioacademyeu.eu\/fr\/wp-json\/wp\/v2\/product_cat?post=219"},{"taxonomy":"product_tag","embeddable":true,"href":"https:\/\/audioacademyeu.eu\/fr\/wp-json\/wp\/v2\/product_tag?post=219"}],"curies":[{"name":"wp","href":"https:\/\/api.w.org\/{rel}","templated":true}]}}