
{"id":191,"date":"2026-05-07T08:07:31","date_gmt":"2026-05-07T06:07:31","guid":{"rendered":"https:\/\/audioacademyeu.eu\/fr\/?post_type=product&#038;p=191"},"modified":"2026-05-07T08:07:33","modified_gmt":"2026-05-07T06:07:33","slug":"allemand-commercial-du-niveau-debutant-au-niveau-pre-intermediaire","status":"publish","type":"product","link":"https:\/\/audioacademyeu.eu\/fr\/item\/allemand-commercial-du-niveau-debutant-au-niveau-pre-intermediaire\/","title":{"rendered":"Allemand commercial &#8211; du niveau d\u00e9butant au niveau pr\u00e9-interm\u00e9diaire"},"content":{"rendered":"\n<p>Merci de votre int\u00e9r\u00eat pour le cours d\u2019\u00e9coute Allemand commercial niveau A1-B1. Ce cours s\u2019adresse aux d\u00e9butants et aux apprenants de niveau pre interm\u00e9diaire et se concentre sur le vocabulaire que vous pouvez utiliser au travail ainsi que lors de vos contacts professionnels avec des partenaires \u00e9trangers.<\/p>\n\n\n\n<p>Le cours repose sur l\u2019apprentissage contextuel, ce qui signifie que vous n\u2019apprendrez pas seulement des mots, mais aussi des phrases dans lesquelles vous pourrez les utiliser. Vous trouverez dans ce cours un total de 1 000 mots et phrases d\u2019entra\u00eenement.<\/p>\n\n\n\n<p>Le cours comprend \u00e9galement une partie introductive qui vous permettra d\u2019acqu\u00e9rir les bases de la prononciation en allemand et d\u2019apprendre la prononciation de certains mots de base s\u00e9lectionn\u00e9s.<\/p>\n\n\n\n<p>Comment tirer le meilleur parti du cours ?. Chaque le\u00e7on comprend six pistes. Commencez par vous familiariser avec les mots de vocabulaire de chaque le\u00e7on (pistes 1 et 2). Vous disposez ensuite d\u2019un mot de vocabulaire suivi d\u2019une phrase d\u2019exemple, l\u00e0 encore dans les deux variantes de traduction (pistes 3 et 4).\u00a0 Passez ensuite aux phrases compl\u00e8tes (pistes 5 et 6). D\u00e8s que vous serez capable de traduire des phrases du fran\u00e7ais vers l\u2019allemand (le\u00e7on 6) dans le d\u00e9lai imparti avant la traduction allemand vous aurez gagn\u00e9. Les mots de vocabulaire vous aideront \u00e0 comprendre le sens, mais gr\u00e2ce aux phrases compl\u00e8tes apprises, vous communiquerez beaucoup mieux.<\/p>\n\n\n\n<p>Un manuel au format PDF est disponible pour ce cours ; vous pouvez le t\u00e9l\u00e9charger gratuitement et il vous permettra de suivre le cours de mani\u00e8re beaucoup plus efficace. Dans ce manuel, vous trouverez en effet des instructions d\u2019apprentissage ainsi que des conseils utiles pour rendre l\u2019apprentissage plus efficace, un plan d\u2019apprentissage dans lequel vous pouvez noter vos progr\u00e8s, une liste de pistes \u00e0 \u00e9couter (au cas o\u00f9 vous ne comprendriez pas quelque chose), mais aussi des fiches recto-verso qui vous permettront d\u2019apprendre et de r\u00e9viser m\u00eame lorsque vous ne pouvez pas \u00e9couter. Les voix que vous entendrez sont celles de Jorg Hochfeld, Anja Flaume,\u00a0 Anne-Christine Trochut, Benjamin Jaquet et David Girten.<\/p>\n\n\n\n<p>Profitez \u00e9galement de l\u2019app Audioacademy interactif en-ligne pour smartphones\u00a0 et ordinateurs, o\u00f9 vous pouvez apprendre autrement qu\u2019en \u00e9coutant. Visitez <a href=\"http:\/\/www.audioacademyeu.eu\">www.audioacademyeu.eu<\/a> pour plus de d\u00e9tails.<\/p>\n\n\n\n<ul class=\"wp-block-list\">\n<li>Le\u00e7on 01_Agenda quotidien<\/li>\n\n\n\n<li>Le\u00e7on 02_Activit\u00e9s\u00a0<\/li>\n\n\n\n<li>Le\u00e7on 03_Finances<\/li>\n\n\n\n<li>Le\u00e7on 04_Communication<\/li>\n\n\n\n<li>Le\u00e7on 05_Marketing_pr\u00e9sentation<\/li>\n\n\n\n<li>Le\u00e7on 06_Caract\u00e9ristiques_production<\/li>\n\n\n\n<li>Le\u00e7on 07_Ressources humaines<\/li>\n<\/ul>\n","protected":false},"excerpt":{"rendered":"<p>Ce cours s&rsquo;adresse aux d\u00e9butants et aux apprenants de niveau pre interm\u00e9diaire et se concentre sur le vocabulaire que vous pouvez utiliser au travail ainsi que lors de vos contacts professionnels avec des partenaires \u00e9trangers.<\/p>\n","protected":false},"featured_media":419,"comment_status":"open","ping_status":"closed","template":"","meta":{"_acf_changed":false,"inline_featured_image":false,"_sitemap_exclude":false,"_sitemap_priority":"","_sitemap_frequency":""},"product_brand":[],"product_cat":[54,52],"product_tag":[],"class_list":{"0":"post-191","1":"product","2":"type-product","3":"status-publish","4":"has-post-thumbnail","6":"product_cat-allemand-specialise","7":"product_cat-allemand","8":"pa_duree-61","9":"pa_format-mp3","10":"pa_niveau-a1","11":"pa_niveau-a1a2","12":"pa_niveau-a2","13":"pa_niveau-b1","15":"first","16":"instock","17":"downloadable","18":"virtual","19":"purchasable","20":"product-type-simple"},"acf":[],"_links":{"self":[{"href":"https:\/\/audioacademyeu.eu\/fr\/wp-json\/wp\/v2\/product\/191","targetHints":{"allow":["GET"]}}],"collection":[{"href":"https:\/\/audioacademyeu.eu\/fr\/wp-json\/wp\/v2\/product"}],"about":[{"href":"https:\/\/audioacademyeu.eu\/fr\/wp-json\/wp\/v2\/types\/product"}],"replies":[{"embeddable":true,"href":"https:\/\/audioacademyeu.eu\/fr\/wp-json\/wp\/v2\/comments?post=191"}],"wp:featuredmedia":[{"embeddable":true,"href":"https:\/\/audioacademyeu.eu\/fr\/wp-json\/wp\/v2\/media\/419"}],"wp:attachment":[{"href":"https:\/\/audioacademyeu.eu\/fr\/wp-json\/wp\/v2\/media?parent=191"}],"wp:term":[{"taxonomy":"product_brand","embeddable":true,"href":"https:\/\/audioacademyeu.eu\/fr\/wp-json\/wp\/v2\/product_brand?post=191"},{"taxonomy":"product_cat","embeddable":true,"href":"https:\/\/audioacademyeu.eu\/fr\/wp-json\/wp\/v2\/product_cat?post=191"},{"taxonomy":"product_tag","embeddable":true,"href":"https:\/\/audioacademyeu.eu\/fr\/wp-json\/wp\/v2\/product_tag?post=191"}],"curies":[{"name":"wp","href":"https:\/\/api.w.org\/{rel}","templated":true}]}}