
{"id":188,"date":"2026-05-07T07:53:55","date_gmt":"2026-05-07T05:53:55","guid":{"rendered":"https:\/\/audioacademyeu.eu\/fr\/?post_type=product&#038;p=188"},"modified":"2026-05-07T07:58:38","modified_gmt":"2026-05-07T05:58:38","slug":"allemand-niveau-pre-intermediaire-partie-01","status":"publish","type":"product","link":"https:\/\/audioacademyeu.eu\/fr\/item\/allemand-niveau-pre-intermediaire-partie-01\/","title":{"rendered":"Allemand &#8211; niveau pr\u00e9-interm\u00e9diaire &#8211; partie 01"},"content":{"rendered":"\n<p>Merci de votre int\u00e9r\u00eat pour le cours d\u2019\u00e9coute Allemand \u2013 pre-interm\u00e9diaire B1. Ce cours s\u2019adresse aux apprenants de niveau pr\u00e9-interm\u00e9diaire, pour en tirer le meilleur parti, vous devriez donc avoir suivi un \u00e0 deux ans de cours d\u2019allemand et ma\u00eetriser les bases de la langue.<\/p>\n\n\n\n<p>Le cours repose sur l\u2019apprentissage contextuel, ce qui signifie que vous n\u2019apprendrez pas seulement des mots, mais aussi des phrases dans lesquelles vous pourrez les utiliser. En raison de son ampleur, il est divis\u00e9 en deux parties, et vous lisez actuellement l\u2019introduction de la premi\u00e8re partie. Au total, vous y trouverez 1 600 mots et phrases d\u2019entra\u00eenement.<\/p>\n\n\n\n<p>Les le\u00e7ons sont class\u00e9es par th\u00e8mes, chacune contenant un nombre diff\u00e9rent de mots et de phrases. Comment tirer le meilleur parti du cours ? Choisissez la le\u00e7on par laquelle vous souhaitez commencer. Chaque le\u00e7on comprend six pistes. Commencez par vous familiariser avec les mots de vocabulaire de chaque le\u00e7on (pistes 1 et 2). Vous disposez ensuite d\u2019un mot de vocabulaire suivi d\u2019une phrase d\u2019exemple, l\u00e0 encore dans les deux variantes de traduction (pistes 3 et 4).\u00a0 Passez ensuite aux phrases compl\u00e8tes (pistes 5 et 6). D\u00e8s que vous serez capable de traduire des phrases du fran\u00e7ais vers l\u2019allemand (le\u00e7on 6) dans le d\u00e9lai imparti avant la traduction allemand vous aurez gagn\u00e9. Les mots de vocabulaire vous aideront \u00e0 comprendre le sens, mais gr\u00e2ce aux phrases compl\u00e8tes apprises, vous communiquerez beaucoup mieux.<\/p>\n\n\n\n<p>Un manuel au format PDF est disponible pour ce cours ; vous pouvez le t\u00e9l\u00e9charger gratuitement et il vous permettra de suivre le cours de mani\u00e8re beaucoup plus efficace.. Dans ce manuel, vous trouverez en effet des instructions d\u2019apprentissage ainsi que des conseils utiles pour rendre l\u2019apprentissage plus efficace, un plan d\u2019apprentissage dans lequel vous pouvez noter vos progr\u00e8s, une liste de pistes \u00e0 \u00e9couter (au cas o\u00f9 vous ne comprendriez pas quelque chose), mais aussi des fiches recto-verso qui vous permettront d\u2019apprendre et de r\u00e9viser m\u00eame lorsque vous ne pouvez pas \u00e9couter. Les voix que vous entendrez sont celles de Jeff Short,\u00a0 Anne-Christine Trochut, Benjamin Jaquet et David Girten.<\/p>\n\n\n\n<p>Profitez \u00e9galement de l\u2019app Audioacademy interactif en-ligne pour smartphones\u00a0 et ordinateurs, o\u00f9 vous pouvez apprendre autrement qu\u2019en \u00e9coutant. Visitez www.audioacademyeu.eu pour plus de d\u00e9tails.<\/p>\n\n\n\n<ul class=\"wp-block-list\">\n<li>Le\u00e7on 01_Activit\u00e9s _01<\/li>\n\n\n\n<li>Le\u00e7on 02_Activit\u00e9s _02<\/li>\n\n\n\n<li>Le\u00e7on 03_Ma maison<\/li>\n\n\n\n<li>Le\u00e7on 04_Voyages_01<\/li>\n\n\n\n<li>Le\u00e7on 05_Voyages_02<\/li>\n\n\n\n<li>Le\u00e7on 06_Ma journ\u00e9e<\/li>\n\n\n\n<li>Le\u00e7on 07_Alimentation<\/li>\n\n\n\n<li>Le\u00e7on 08_Communication 01<\/li>\n\n\n\n<li>Le\u00e7on 09_Communication 02<\/li>\n\n\n\n<li>Le\u00e7on 10_Communication_03<\/li>\n<\/ul>\n\n\n\n<p><\/p>\n","protected":false},"excerpt":{"rendered":"<p>Ce cours s&rsquo;adresse aux apprenants de niveau pr\u00e9-interm\u00e9diaire, pour en tirer le meilleur parti, vous devriez donc avoir suivi un \u00e0 deux ans de cours d&rsquo;allemand et ma\u00eetriser les bases de la langue.<\/p>\n","protected":false},"featured_media":407,"comment_status":"open","ping_status":"closed","template":"","meta":{"_acf_changed":false,"inline_featured_image":false,"_sitemap_exclude":false,"_sitemap_priority":"","_sitemap_frequency":""},"product_brand":[],"product_cat":[53,52],"product_tag":[],"class_list":{"0":"post-188","1":"product","2":"type-product","3":"status-publish","4":"has-post-thumbnail","6":"product_cat-allemand-general","7":"product_cat-allemand","8":"pa_duree-58","9":"pa_format-mp3","10":"pa_niveau-b1","12":"first","13":"instock","14":"downloadable","15":"virtual","16":"purchasable","17":"product-type-simple"},"acf":[],"_links":{"self":[{"href":"https:\/\/audioacademyeu.eu\/fr\/wp-json\/wp\/v2\/product\/188","targetHints":{"allow":["GET"]}}],"collection":[{"href":"https:\/\/audioacademyeu.eu\/fr\/wp-json\/wp\/v2\/product"}],"about":[{"href":"https:\/\/audioacademyeu.eu\/fr\/wp-json\/wp\/v2\/types\/product"}],"replies":[{"embeddable":true,"href":"https:\/\/audioacademyeu.eu\/fr\/wp-json\/wp\/v2\/comments?post=188"}],"wp:featuredmedia":[{"embeddable":true,"href":"https:\/\/audioacademyeu.eu\/fr\/wp-json\/wp\/v2\/media\/407"}],"wp:attachment":[{"href":"https:\/\/audioacademyeu.eu\/fr\/wp-json\/wp\/v2\/media?parent=188"}],"wp:term":[{"taxonomy":"product_brand","embeddable":true,"href":"https:\/\/audioacademyeu.eu\/fr\/wp-json\/wp\/v2\/product_brand?post=188"},{"taxonomy":"product_cat","embeddable":true,"href":"https:\/\/audioacademyeu.eu\/fr\/wp-json\/wp\/v2\/product_cat?post=188"},{"taxonomy":"product_tag","embeddable":true,"href":"https:\/\/audioacademyeu.eu\/fr\/wp-json\/wp\/v2\/product_tag?post=188"}],"curies":[{"name":"wp","href":"https:\/\/api.w.org\/{rel}","templated":true}]}}