
{"id":17,"date":"2026-04-14T15:10:41","date_gmt":"2026-04-14T13:10:41","guid":{"rendered":"https:\/\/audioacademyeu.eu\/fr\/?post_type=product&#038;p=17"},"modified":"2026-04-14T17:01:41","modified_gmt":"2026-04-14T15:01:41","slug":"l-arabe-pour-debutants","status":"publish","type":"product","link":"https:\/\/audioacademyeu.eu\/fr\/item\/l-arabe-pour-debutants\/","title":{"rendered":"L Arabe Pour Debutants"},"content":{"rendered":"\n<p>Ce cours Arabe pour d\u00e9butants est destin\u00e9 aux d\u00e9butants complets et aux faux d\u00e9butants et vise \u00e0 vous permettre de ma\u00eetriser les bases de la langue : l\u2019alphabet, la lecture, la prononciation et, surtout, les expressions et phrases utiles pour communiquer avec des arabophones ou lors d\u2019un s\u00e9jour dans un pays o\u00f9 l\u2019arabe est couramment parl\u00e9.<\/p>\n\n\n\n<p>Le cours est bas\u00e9 sur l\u00b4apprentissage contextuel, ce qui signifie que vous n\u2019apprendrez pas seulement des mots, mais aussi des phrases dans lesquelles vous pourrez utiliser ces mots. Dans ce cours, vous trouverez un total de \u00a01200 mots et phrases d\u2019entra\u00eenement.<\/p>\n\n\n\n<p>Le cours comprend \u00e9galement une partie introductive qui vous permettra d\u2019acqu\u00e9rir les bases de la prononciation en arabe et d\u2019apprendre la prononciation de certains mots de base s\u00e9lectionn\u00e9s<\/p>\n\n\n\n<p>Comment tirer le meilleur parti du cours ? Une fois que vous ma\u00eetrisez l\u2019alphabet et les bases de la lecture, passez de la le\u00e7on 1 \u00e0 la le\u00e7on 10. Chaque le\u00e7on comprend six pistes. Commencez par vous familiariser avec les mots de vocabulaire de chaque le\u00e7on (pistes 1 et 2). Vous disposez ensuite d\u2019un mot de vocabulaire suivi d\u2019une phrase d\u2019exemple, l\u00e0 encore dans les deux variantes de traduction (pistes 3 et 4).\u00a0 Passez ensuite aux phrases compl\u00e8tes (pistes 5 et 6). D\u00e8s que vous serez capable de traduire des phrases du fran\u00e7ais vers l\u2019arabe (le\u00e7on 6) dans le d\u00e9lai imparti avant la traduction arabe vous aurez gagn\u00e9. Les mots de vocabulaire vous aideront \u00e0 comprendre le sens, mais gr\u00e2ce aux phrases compl\u00e8tes apprises, vous communiquerez beaucoup mieux.<\/p>\n\n\n\n<p>Un manuel au format PDF est disponible pour ce cours ; vous pouvez le t\u00e9l\u00e9charger gratuitement et il vous permettra de suivre le cours de mani\u00e8re beaucoup plus efficace.. Dans ce manuel, vous trouverez en effet des instructions d\u2019apprentissage ainsi que des conseils utiles pour rendre l\u2019apprentissage plus efficace, un plan d\u2019apprentissage dans lequel vous pouvez noter vos progr\u00e8s, une liste de pistes \u00e0 \u00e9couter (au cas o\u00f9 vous ne comprendriez pas quelque chose), mais aussi des fiches recto-verso qui vous permettront d\u2019apprendre et de r\u00e9viser m\u00eame lorsque vous ne pouvez pas \u00e9couter. Les voix que vous entendrez sont celles de Souad Kafi, Mohammed Maghoub\u00a0 et Anne Christine Trochut.<\/p>\n\n\n\n<p>L\u2019alphabet arabe et sa prononciation:<\/p>\n\n\n\n<ul class=\"wp-block-list\">\n<li>Le\u00e7on 01 \u2013 Salutations, le verbe \u00eatre<\/li>\n\n\n\n<li>Le\u00e7on 02 \u2013 La famille, le verbe avoir<\/li>\n\n\n\n<li>Le\u00e7on 03 \u2013 pluriel, dual, chiffres 1-12, verbe avoir 2<\/li>\n\n\n\n<li>Le\u00e7on 04 \u2013 Travail, verbes parler, travailler, \u00e9crire<\/li>\n\n\n\n<li>Le\u00e7on 05 \u2013 R\u00e9vision \u2013 nous parlons de nous<\/li>\n\n\n\n<li>Le\u00e7on 06 \u2013 l\u2019heure, les jours de la semaine, les nombres<\/li>\n\n\n\n<li>Le\u00e7on 07 \u2013 Repas, au restaurant<\/li>\n\n\n\n<li>Le\u00e7on 08 \u2013 Possession<\/li>\n\n\n\n<li>Le\u00e7on 09 \u2013 Pr\u00e9positions, activit\u00e9s quotidiennes<\/li>\n\n\n\n<li>Le\u00e7on 10 \u2013 Les caract\u00e9ristiques<\/li>\n<\/ul>\n","protected":false},"excerpt":{"rendered":"<p>Ce cours Arabe pour d\u00e9butants est destin\u00e9 aux d\u00e9butants complets et aux faux d\u00e9butants et vise \u00e0 vous permettre de ma\u00eetriser les bases de la langue : l&rsquo;alphabet, la lecture, la prononciation et, surtout, les expressions et phrases utiles pour communiquer avec des arabophones ou lors d&rsquo;un s\u00e9jour dans un pays o\u00f9 l&rsquo;arabe est couramment parl\u00e9.<\/p>\n","protected":false},"featured_media":227,"comment_status":"open","ping_status":"closed","template":"","meta":{"_acf_changed":false,"inline_featured_image":false,"_sitemap_exclude":false,"_sitemap_priority":"","_sitemap_frequency":""},"product_brand":[],"product_cat":[21],"product_tag":[],"class_list":{"0":"post-17","1":"product","2":"type-product","3":"status-publish","4":"has-post-thumbnail","6":"product_cat-arabe","8":"first","9":"instock","10":"downloadable","11":"virtual","12":"purchasable","13":"product-type-simple"},"acf":[],"_links":{"self":[{"href":"https:\/\/audioacademyeu.eu\/fr\/wp-json\/wp\/v2\/product\/17","targetHints":{"allow":["GET"]}}],"collection":[{"href":"https:\/\/audioacademyeu.eu\/fr\/wp-json\/wp\/v2\/product"}],"about":[{"href":"https:\/\/audioacademyeu.eu\/fr\/wp-json\/wp\/v2\/types\/product"}],"replies":[{"embeddable":true,"href":"https:\/\/audioacademyeu.eu\/fr\/wp-json\/wp\/v2\/comments?post=17"}],"wp:featuredmedia":[{"embeddable":true,"href":"https:\/\/audioacademyeu.eu\/fr\/wp-json\/wp\/v2\/media\/227"}],"wp:attachment":[{"href":"https:\/\/audioacademyeu.eu\/fr\/wp-json\/wp\/v2\/media?parent=17"}],"wp:term":[{"taxonomy":"product_brand","embeddable":true,"href":"https:\/\/audioacademyeu.eu\/fr\/wp-json\/wp\/v2\/product_brand?post=17"},{"taxonomy":"product_cat","embeddable":true,"href":"https:\/\/audioacademyeu.eu\/fr\/wp-json\/wp\/v2\/product_cat?post=17"},{"taxonomy":"product_tag","embeddable":true,"href":"https:\/\/audioacademyeu.eu\/fr\/wp-json\/wp\/v2\/product_tag?post=17"}],"curies":[{"name":"wp","href":"https:\/\/api.w.org\/{rel}","templated":true}]}}