
{"id":301,"date":"2026-04-14T16:42:42","date_gmt":"2026-04-14T14:42:42","guid":{"rendered":"https:\/\/audioacademyeu.eu\/fr\/?page_id=301"},"modified":"2026-04-14T16:42:44","modified_gmt":"2026-04-14T14:42:44","slug":"complaints","status":"publish","type":"page","link":"https:\/\/audioacademyeu.eu\/fr\/complaints\/","title":{"rendered":"Proc\u00e9dure de r\u00e9clamation"},"content":{"rendered":"\n<p>La pr\u00e9sente proc\u00e9dure de r\u00e9clamation r\u00e9git les modalit\u00e9s et les conditions de r\u00e9clamation du contenu num\u00e9rique (fichiers MP3) vendu par l\u2019interm\u00e9diaire de la boutique en ligne Audioacademyeu \u00e0 l\u2019adresse web poslechovaanglictina.cz.<\/p>\n\n\n\n<h3 class=\"wp-block-heading\"><strong>1. D\u00e9finitions<\/strong><\/h3>\n\n\n\n<p>Le vendeur : exploitant de la boutique en ligne Audioacademyeu, Ing. Tom\u00e1\u0161 Dvo\u0159\u00e1\u010dek, N\u00b0 d\u2019identification : 61951404, dont le si\u00e8ge est situ\u00e9 Dru\u017eebn\u00ed 255\/72, 725 26 Kr\u00e1sn\u00e9 Pole, inscrit au registre des activit\u00e9s commerciales.<\/p>\n\n\n\n<p>L\u2019acheteur : consommateur ou entrepreneur qui conclut avec le vendeur un contrat de vente \u00e0 distance par l\u2019interm\u00e9diaire de la boutique en ligne.<\/p>\n\n\n\n<p>Contenu num\u00e9rique : fichiers MP3 qui ne sont pas fournis sur un support mat\u00e9riel, mais sont mis \u00e0 disposition en t\u00e9l\u00e9chargement.<\/p>\n\n\n\n<h3 class=\"wp-block-heading\"><strong>2. Responsabilit\u00e9 en cas de d\u00e9fauts<\/strong><\/h3>\n\n\n\n<p>Le vendeur garantit que le contenu num\u00e9rique est exempt de d\u00e9fauts lors de sa r\u00e9ception, notamment qu\u2019il :<\/p>\n\n\n\n<p>correspond \u00e0 la description figurant sur le site web, est fourni dans le format correct (par ex. MP3, d\u00e9bit binaire, dur\u00e9e), est fonctionnel et peut \u00eatre lu par des moyens courants.<\/p>\n\n\n\n<h3 class=\"wp-block-heading\"><strong>3. D\u00e9p\u00f4t d\u2019une r\u00e9clamation<\/strong><\/h3>\n\n\n\n<p>La r\u00e9clamation peut \u00eatre d\u00e9pos\u00e9e de la mani\u00e8re suivante :<\/p>\n\n\n\n<p>par e-mail \u00e0 l\u2019adresse : <a href=\"mailto:eshop@audioacademyeu.eu\">eshop@audioacademyeu.eu<\/a>, <a href=\"mailto:eshop@poslechovaanglictina.cz\">eshop@poslechovaanglictina.cz<\/a>, par courrier \u00e0 l\u2019adresse : Dru\u017eebn\u00ed 255\/72, 725 26 Kr\u00e1sn\u00e9 Pole, par l\u2019interm\u00e9diaire du compte utilisateur.<\/p>\n\n\n\n<p>Dans votre r\u00e9clamation, veuillez indiquer :<\/p>\n\n\n\n<p>vos nom et coordonn\u00e9es, le num\u00e9ro de commande, la description du d\u00e9faut du contenu num\u00e9rique, le cas \u00e9ch\u00e9ant, joignez une capture d\u2019\u00e9cran ou toute autre preuve.<\/p>\n\n\n\n<h3 class=\"wp-block-heading\"><strong>4. D\u00e9lais<\/strong><\/h3>\n\n\n\n<p>La r\u00e9clamation sera trait\u00e9e sans retard injustifi\u00e9, au plus tard dans les 30 jours suivant son d\u00e9p\u00f4t. Vous serez inform\u00e9 du r\u00e9sultat de la r\u00e9clamation par e-mail ou par un autre moyen convenu.<\/p>\n\n\n\n<h3 class=\"wp-block-heading\"><strong>5. Possibilit\u00e9s de r\u00e9solution<\/strong><\/h3>\n\n\n\n<p>Si la r\u00e9clamation est reconnue comme fond\u00e9e, vous avez droit \u00e0 :<\/p>\n\n\n\n<p>une r\u00e9paration (par ex. mise \u00e0 disposition \u00e0 nouveau du fichier correct et fonctionnel), une r\u00e9duction appropri\u00e9e du prix, une r\u00e9siliation du contrat (remboursement), si le contenu num\u00e9rique ne peut \u00eatre r\u00e9par\u00e9 ou remplac\u00e9.<\/p>\n\n\n\n<h3 class=\"wp-block-heading\"><strong>6. R\u00e9siliation du contrat<\/strong><\/h3>\n\n\n\n<p>Nous attirons votre attention sur le fait que, conform\u00e9ment au \u00a7 1837, alin\u00e9a l) du Code civil, il n\u2019est pas possible de r\u00e9silier le contrat portant sur la fourniture de contenu num\u00e9rique si l\u2019ex\u00e9cution a \u00e9t\u00e9 commenc\u00e9e avec le consentement expr\u00e8s de l\u2019acheteur avant l\u2019expiration du d\u00e9lai de r\u00e9siliation et que l\u2019acheteur a \u00e9t\u00e9 inform\u00e9 qu\u2019il perd ainsi son droit de r\u00e9siliation du contrat. Lors de l\u2019achat de fichiers MP3, il n\u2019est donc pas possible de r\u00e9silier le contrat si le t\u00e9l\u00e9chargement a d\u00e9j\u00e0 \u00e9t\u00e9 autoris\u00e9.<\/p>\n\n\n\n<h3 class=\"wp-block-heading\"><strong>7. R\u00e8glement extrajudiciaire des litiges<\/strong><\/h3>\n\n\n\n<p>L\u2019acheteur a le droit de s\u2019adresser avec sa plainte \u00e0 l\u2019organe de surveillance ou de contr\u00f4le \u00e9tatique, notamment :<\/p>\n\n\n\n<p>l\u2019Inspection tch\u00e8que du commerce (<a href=\"http:\/\/www.coi.cz\" target=\"_blank\" rel=\"noopener\">www.coi.cz<\/a>).<\/p>\n\n\n\n<h3 class=\"wp-block-heading\"><strong>8. Dispositions finales<\/strong><\/h3>\n\n\n\n<p>La pr\u00e9sente proc\u00e9dure de r\u00e9clamation est en vigueur depuis le 20\/10\/2017 et est disponible sur le site web [URL].<\/p>\n","protected":false},"excerpt":{"rendered":"<p>La pr\u00e9sente proc\u00e9dure de r\u00e9clamation r\u00e9git les modalit\u00e9s et les conditions de r\u00e9clamation du contenu num\u00e9rique (fichiers MP3) vendu par l\u2019interm\u00e9diaire de la boutique en ligne Audioacademyeu \u00e0 l\u2019adresse web poslechovaanglictina.cz. 1. D\u00e9finitions Le vendeur : exploitant de la boutique en ligne Audioacademyeu, Ing. Tom\u00e1\u0161 Dvo\u0159\u00e1\u010dek, N\u00b0 d\u2019identification : 61951404, dont le si\u00e8ge est situ\u00e9 [&hellip;]<\/p>\n","protected":false},"author":1976,"featured_media":0,"parent":0,"menu_order":0,"comment_status":"closed","ping_status":"closed","template":"","meta":{"_acf_changed":false,"inline_featured_image":false,"_sitemap_exclude":false,"_sitemap_priority":"","_sitemap_frequency":"","footnotes":""},"class_list":["post-301","page","type-page","status-publish","hentry"],"acf":[],"_links":{"self":[{"href":"https:\/\/audioacademyeu.eu\/fr\/wp-json\/wp\/v2\/pages\/301","targetHints":{"allow":["GET"]}}],"collection":[{"href":"https:\/\/audioacademyeu.eu\/fr\/wp-json\/wp\/v2\/pages"}],"about":[{"href":"https:\/\/audioacademyeu.eu\/fr\/wp-json\/wp\/v2\/types\/page"}],"author":[{"embeddable":true,"href":"https:\/\/audioacademyeu.eu\/fr\/wp-json\/wp\/v2\/users\/1976"}],"replies":[{"embeddable":true,"href":"https:\/\/audioacademyeu.eu\/fr\/wp-json\/wp\/v2\/comments?post=301"}],"version-history":[{"count":1,"href":"https:\/\/audioacademyeu.eu\/fr\/wp-json\/wp\/v2\/pages\/301\/revisions"}],"predecessor-version":[{"id":302,"href":"https:\/\/audioacademyeu.eu\/fr\/wp-json\/wp\/v2\/pages\/301\/revisions\/302"}],"wp:attachment":[{"href":"https:\/\/audioacademyeu.eu\/fr\/wp-json\/wp\/v2\/media?parent=301"}],"curies":[{"name":"wp","href":"https:\/\/api.w.org\/{rel}","templated":true}]}}