
{"id":281,"date":"2026-04-14T16:19:35","date_gmt":"2026-04-14T14:19:35","guid":{"rendered":"https:\/\/audioacademyeu.eu\/fr\/?page_id=281"},"modified":"2026-04-14T16:20:11","modified_gmt":"2026-04-14T14:20:11","slug":"subscription","status":"publish","type":"page","link":"https:\/\/audioacademyeu.eu\/fr\/subscription\/","title":{"rendered":"Abonnement"},"content":{"rendered":"\n<p>Si vous avez d\u00e9cid\u00e9 de profiter de notre abonnement pour n\u2019importe quelle langue sur Audioacademy Interactiv, veuillez remplir le formulaire ci-dessous. En remplissant et en envoyant ce formulaire, vous acceptez le traitement de vos donn\u00e9es personnelles aux fins de la cr\u00e9ation d\u2019un acc\u00e8s \u00e0 Audioacademy Interactiv, du traitement de votre commande et \u00e0 d\u2019autres fins d\u00e9crites sur la page Protection des donn\u00e9es personnelles.<\/p>\n\n\n\n<div class=\"wpcf7 no-js\" id=\"wpcf7-f280-o1\" lang=\"cs-CZ\" dir=\"ltr\" data-wpcf7-id=\"280\">\n<div class=\"screen-reader-response\"><p role=\"status\" aria-live=\"polite\" aria-atomic=\"true\"><\/p> <ul><\/ul><\/div>\n<form action=\"\/fr\/wp-json\/wp\/v2\/pages\/281#wpcf7-f280-o1\" method=\"post\" class=\"wpcf7-form init\" aria-label=\"Kontaktn\u00ed formul\u00e1\u0159\" novalidate=\"novalidate\" data-status=\"init\">\n<fieldset class=\"hidden-fields-container\"><input type=\"hidden\" name=\"_wpcf7\" value=\"280\" \/><input type=\"hidden\" name=\"_wpcf7_version\" value=\"6.1.5\" \/><input type=\"hidden\" name=\"_wpcf7_locale\" value=\"cs_CZ\" \/><input type=\"hidden\" name=\"_wpcf7_unit_tag\" value=\"wpcf7-f280-o1\" \/><input type=\"hidden\" name=\"_wpcf7_container_post\" value=\"0\" \/><input type=\"hidden\" name=\"_wpcf7_posted_data_hash\" value=\"\" \/>\n<\/fieldset>\n<p><label> Votre nom et pr\u00e9nom<br \/>\n<span class=\"wpcf7-form-control-wrap\" data-name=\"your-name\"><input size=\"40\" maxlength=\"400\" class=\"wpcf7-form-control wpcf7-text wpcf7-validates-as-required\" autocomplete=\"name\" aria-required=\"true\" aria-invalid=\"false\" value=\"\" type=\"text\" name=\"your-name\" \/><\/span> <\/label>\n<\/p>\n<p><label> Adresse de facturation (dans le cas d'une entreprise, veuillez \u00e9galement indiquer le num\u00e9ro d'identification)<br \/>\n<span class=\"wpcf7-form-control-wrap\" data-name=\"adresa\"><textarea cols=\"40\" rows=\"10\" maxlength=\"2000\" class=\"wpcf7-form-control wpcf7-textarea wpcf7-validates-as-required\" aria-required=\"true\" aria-invalid=\"false\" name=\"adresa\"><\/textarea><\/span> <\/label>\n<\/p>\n<p><label> T\u00e9l\u00e9phone<br \/>\n<span class=\"wpcf7-form-control-wrap\" data-name=\"phone\"><input size=\"40\" maxlength=\"400\" class=\"wpcf7-form-control wpcf7-tel wpcf7-text wpcf7-validates-as-tel\" aria-invalid=\"false\" value=\"\" type=\"tel\" name=\"phone\" \/><\/span> <\/label>\n<\/p>\n<p><label> E-mail<br \/>\n<span class=\"wpcf7-form-control-wrap\" data-name=\"your-email\"><input size=\"40\" maxlength=\"400\" class=\"wpcf7-form-control wpcf7-email wpcf7-validates-as-required wpcf7-text wpcf7-validates-as-email\" autocomplete=\"email\" aria-required=\"true\" aria-invalid=\"false\" value=\"\" type=\"email\" name=\"your-email\" \/><\/span> <\/label>\n<\/p>\n<p><label> Langue choisie<br \/>\n<span class=\"wpcf7-form-control-wrap\" data-name=\"jazyk\"><input size=\"40\" maxlength=\"400\" class=\"wpcf7-form-control wpcf7-text wpcf7-validates-as-required\" aria-required=\"true\" aria-invalid=\"false\" value=\"\" type=\"text\" name=\"jazyk\" \/><\/span> <\/label>\n<\/p>\n<p><label> Choisissez une formule d'abonnement<\/label><br \/>\n<span class=\"wpcf7-form-control-wrap\" data-name=\"radio-645\"><span class=\"wpcf7-form-control wpcf7-radio\"><span class=\"wpcf7-list-item first\"><label><input type=\"radio\" name=\"radio-645\" value=\"Abonnement mensuel \u2013 399,-\" \/><span class=\"wpcf7-list-item-label\">Abonnement mensuel \u2013 399,-<\/span><\/label><\/span><span class=\"wpcf7-list-item last\"><label><input type=\"radio\" name=\"radio-645\" value=\"Abonnement annuel \u2013 3499,-\" \/><span class=\"wpcf7-list-item-label\">Abonnement annuel \u2013 3499,-<\/span><\/label><\/span><\/span><\/span>\n<\/p>\n<p><input class=\"wpcf7-form-control wpcf7-submit has-spinner\" type=\"submit\" value=\"Envoyer\" \/>\n<\/p><div class=\"wpcf7-response-output\" aria-hidden=\"true\"><\/div>\n<\/form>\n<\/div>\n\n\n\n\n<p><\/p>\n","protected":false},"excerpt":{"rendered":"<p>Si vous avez d\u00e9cid\u00e9 de profiter de notre abonnement pour n\u2019importe quelle langue sur Audioacademy Interactiv, veuillez remplir le formulaire ci-dessous. En remplissant et en envoyant ce formulaire, vous acceptez le traitement de vos donn\u00e9es personnelles aux fins de la cr\u00e9ation d\u2019un acc\u00e8s \u00e0 Audioacademy Interactiv, du traitement de votre commande et \u00e0 d\u2019autres fins [&hellip;]<\/p>\n","protected":false},"author":1976,"featured_media":0,"parent":0,"menu_order":0,"comment_status":"closed","ping_status":"closed","template":"","meta":{"_acf_changed":false,"inline_featured_image":false,"_sitemap_exclude":false,"_sitemap_priority":"","_sitemap_frequency":"","footnotes":""},"class_list":["post-281","page","type-page","status-publish","hentry"],"acf":[],"_links":{"self":[{"href":"https:\/\/audioacademyeu.eu\/fr\/wp-json\/wp\/v2\/pages\/281","targetHints":{"allow":["GET"]}}],"collection":[{"href":"https:\/\/audioacademyeu.eu\/fr\/wp-json\/wp\/v2\/pages"}],"about":[{"href":"https:\/\/audioacademyeu.eu\/fr\/wp-json\/wp\/v2\/types\/page"}],"author":[{"embeddable":true,"href":"https:\/\/audioacademyeu.eu\/fr\/wp-json\/wp\/v2\/users\/1976"}],"replies":[{"embeddable":true,"href":"https:\/\/audioacademyeu.eu\/fr\/wp-json\/wp\/v2\/comments?post=281"}],"version-history":[{"count":2,"href":"https:\/\/audioacademyeu.eu\/fr\/wp-json\/wp\/v2\/pages\/281\/revisions"}],"predecessor-version":[{"id":283,"href":"https:\/\/audioacademyeu.eu\/fr\/wp-json\/wp\/v2\/pages\/281\/revisions\/283"}],"wp:attachment":[{"href":"https:\/\/audioacademyeu.eu\/fr\/wp-json\/wp\/v2\/media?parent=281"}],"curies":[{"name":"wp","href":"https:\/\/api.w.org\/{rel}","templated":true}]}}