
{"id":275,"date":"2026-04-14T16:04:37","date_gmt":"2026-04-14T14:04:37","guid":{"rendered":"https:\/\/audioacademyeu.eu\/fr\/?page_id=275"},"modified":"2026-04-14T16:07:29","modified_gmt":"2026-04-14T14:07:29","slug":"contact","status":"publish","type":"page","link":"https:\/\/audioacademyeu.eu\/fr\/contact\/","title":{"rendered":"Contact"},"content":{"rendered":"\n<figure class=\"wp-block-image alignright size-large is-resized\"><img decoding=\"async\" src=\"https:\/\/audioacademyeu.eu\/cs\/wp-content\/uploads\/sites\/9\/2025\/07\/tomas_dvoracek-765x1024.jpg\" alt=\"\" class=\"wp-image-4482\" style=\"width:213px;height:auto\"\/><\/figure>\n\n\n\n<p>Bonjour, je m\u2019appelle Tom\u00e1\u0161, j\u2019ai 50 ans et j\u2019habite pr\u00e8s d\u2019Ostrava. Toute ma vie, je me suis consacr\u00e9 \u00e0 l\u2019enseignement des langues \u00e9trang\u00e8res, tant sur le plan professionnel que personnel. J\u2019ai travaill\u00e9 pendant 15 ans comme professeur dans une \u00e9cole de langues. Je parle anglais, allemand, fran\u00e7ais, espagnol et italien. \u00c0 l\u2019exception de ma premi\u00e8re langue \u00e9trang\u00e8re, l\u2019anglais, j\u2019ai appris toutes les autres langues en les \u00e9coutant et en travaillant ensuite avec des cartes recto-verso, c\u2019est-\u00e0-dire en utilisant le syst\u00e8me que vous pouvez d\u00e9couvrir sur ce site.<\/p>\n\n\n\n<p>N\u2019h\u00e9sitez pas \u00e0 m\u2019\u00e9crire si vous avez des questions sur l\u2019un des cours, mais aussi si vous vous int\u00e9ressez \u00e0 tout ce qui concerne l\u2019enseignement des langues \u00e9trang\u00e8res. Je serai ravi de partager mon exp\u00e9rience et j\u2019appr\u00e9cierai vos conseils et suggestions d\u2019am\u00e9lioration. Au plaisir de vous lire.<\/p>\n\n\n\n<p>Bonne journ\u00e9e, Tom\u00e1\u0161<\/p>\n\n\n\n<hr class=\"wp-block-separator has-alpha-channel-opacity\"\/>\n\n\n\n<p><strong>Ing. Tom\u00e1\u0161 Dvo\u0159\u00e1\u010dek<\/strong><\/p>\n\n\n\n<p><strong>Adresse<\/strong>: Dru\u017eebn\u00ed\u00a0 255\/72, 725 26 Kr\u00e1sn\u00e9 Pole<\/p>\n\n\n\n<p><strong>E-mail<\/strong>: <a href=\"mailto:eshop@poslechovaanglictina.cz\">eshop@poslechovaanglictina.cz<\/a><br><strong>T\u00e9l.<\/strong>: <a href=\"tel:+420603591994\">+420 603 591 994<\/a><br><strong>Num\u00e9ro d\u2019identification<\/strong>: 61951404<\/p>\n\n\n\n<p>Inscrit au registre du commerce<br>Autorit\u00e9 comp\u00e9tente selon l\u2019article 71, paragraphe 2, de la loi sur le commerce : Magistrature de la ville d\u2019Ostrava<\/p>\n\n\n\n<hr class=\"wp-block-separator has-alpha-channel-opacity\"\/>\n\n\n\n<div class=\"wp-block-contact-form-7-contact-form-selector\">\n<div class=\"wpcf7 no-js\" id=\"wpcf7-f277-o1\" lang=\"cs-CZ\" dir=\"ltr\" data-wpcf7-id=\"277\">\n<div class=\"screen-reader-response\"><p role=\"status\" aria-live=\"polite\" aria-atomic=\"true\"><\/p> <ul><\/ul><\/div>\n<form action=\"\/fr\/wp-json\/wp\/v2\/pages\/275#wpcf7-f277-o1\" method=\"post\" class=\"wpcf7-form init\" aria-label=\"Kontaktn\u00ed formul\u00e1\u0159\" novalidate=\"novalidate\" data-status=\"init\">\n<fieldset class=\"hidden-fields-container\"><input type=\"hidden\" name=\"_wpcf7\" value=\"277\" \/><input type=\"hidden\" name=\"_wpcf7_version\" value=\"6.1.5\" \/><input type=\"hidden\" name=\"_wpcf7_locale\" value=\"cs_CZ\" \/><input type=\"hidden\" name=\"_wpcf7_unit_tag\" value=\"wpcf7-f277-o1\" \/><input type=\"hidden\" name=\"_wpcf7_container_post\" value=\"0\" \/><input type=\"hidden\" name=\"_wpcf7_posted_data_hash\" value=\"\" \/>\n<\/fieldset>\n<p><label> Votre nom<br \/>\n<span class=\"wpcf7-form-control-wrap\" data-name=\"your-name\"><input size=\"40\" maxlength=\"400\" class=\"wpcf7-form-control wpcf7-text wpcf7-validates-as-required\" autocomplete=\"name\" aria-required=\"true\" aria-invalid=\"false\" value=\"\" type=\"text\" name=\"your-name\" \/><\/span> <\/label>\n<\/p>\n<p><label> Votre e-mail<br \/>\n<span class=\"wpcf7-form-control-wrap\" data-name=\"your-email\"><input size=\"40\" maxlength=\"400\" class=\"wpcf7-form-control wpcf7-email wpcf7-validates-as-required wpcf7-text wpcf7-validates-as-email\" autocomplete=\"email\" aria-required=\"true\" aria-invalid=\"false\" value=\"\" type=\"email\" name=\"your-email\" \/><\/span> <\/label>\n<\/p>\n<p><label> Objet<br \/>\n<span class=\"wpcf7-form-control-wrap\" data-name=\"your-subject\"><input size=\"40\" maxlength=\"400\" class=\"wpcf7-form-control wpcf7-text wpcf7-validates-as-required\" aria-required=\"true\" aria-invalid=\"false\" value=\"\" type=\"text\" name=\"your-subject\" \/><\/span> <\/label>\n<\/p>\n<p><label> Votre message (facultatif)<br \/>\n<span class=\"wpcf7-form-control-wrap\" data-name=\"your-message\"><textarea cols=\"40\" rows=\"10\" maxlength=\"2000\" class=\"wpcf7-form-control wpcf7-textarea\" aria-invalid=\"false\" name=\"your-message\"><\/textarea><\/span> <\/label>\n<\/p>\n<p><input class=\"wpcf7-form-control wpcf7-submit has-spinner\" type=\"submit\" value=\"Envoyer\" \/>\n<\/p><div class=\"wpcf7-response-output\" aria-hidden=\"true\"><\/div>\n<\/form>\n<\/div>\n<\/div>\n","protected":false},"excerpt":{"rendered":"<p>Bonjour, je m\u2019appelle Tom\u00e1\u0161, j\u2019ai 50 ans et j\u2019habite pr\u00e8s d\u2019Ostrava. Toute ma vie, je me suis consacr\u00e9 \u00e0 l\u2019enseignement des langues \u00e9trang\u00e8res, tant sur le plan professionnel que personnel. J\u2019ai travaill\u00e9 pendant 15 ans comme professeur dans une \u00e9cole de langues. Je parle anglais, allemand, fran\u00e7ais, espagnol et italien. \u00c0 l\u2019exception de ma premi\u00e8re [&hellip;]<\/p>\n","protected":false},"author":1976,"featured_media":0,"parent":0,"menu_order":0,"comment_status":"closed","ping_status":"closed","template":"","meta":{"_acf_changed":false,"inline_featured_image":false,"_sitemap_exclude":false,"_sitemap_priority":"","_sitemap_frequency":"","footnotes":""},"class_list":["post-275","page","type-page","status-publish","hentry"],"acf":[],"_links":{"self":[{"href":"https:\/\/audioacademyeu.eu\/fr\/wp-json\/wp\/v2\/pages\/275","targetHints":{"allow":["GET"]}}],"collection":[{"href":"https:\/\/audioacademyeu.eu\/fr\/wp-json\/wp\/v2\/pages"}],"about":[{"href":"https:\/\/audioacademyeu.eu\/fr\/wp-json\/wp\/v2\/types\/page"}],"author":[{"embeddable":true,"href":"https:\/\/audioacademyeu.eu\/fr\/wp-json\/wp\/v2\/users\/1976"}],"replies":[{"embeddable":true,"href":"https:\/\/audioacademyeu.eu\/fr\/wp-json\/wp\/v2\/comments?post=275"}],"version-history":[{"count":2,"href":"https:\/\/audioacademyeu.eu\/fr\/wp-json\/wp\/v2\/pages\/275\/revisions"}],"predecessor-version":[{"id":278,"href":"https:\/\/audioacademyeu.eu\/fr\/wp-json\/wp\/v2\/pages\/275\/revisions\/278"}],"wp:attachment":[{"href":"https:\/\/audioacademyeu.eu\/fr\/wp-json\/wp\/v2\/media?parent=275"}],"curies":[{"name":"wp","href":"https:\/\/api.w.org\/{rel}","templated":true}]}}