
{"id":251,"date":"2026-04-14T15:51:53","date_gmt":"2026-04-14T13:51:53","guid":{"rendered":"https:\/\/audioacademyeu.eu\/fr\/?page_id=251"},"modified":"2026-04-27T19:13:00","modified_gmt":"2026-04-27T17:13:00","slug":"study-materials","status":"publish","type":"page","link":"https:\/\/audioacademyeu.eu\/fr\/study-materials\/","title":{"rendered":"Manuels"},"content":{"rendered":"\n<p>T\u00e9l\u00e9chargez les scripts<\/p>\n\n\n<div class=\"woocommerce-categories-skripta\"><h2>Allemand<\/h2><ul class=\"scripta\"><li class=\"scripta__item\"><div class=\"scripta__title scripta__title--th\">Course<\/div><div class=\"scripta__download scripta__download--th\">Download<\/div><\/li><li class=\"scripta__item\"><div class=\"scripta__title\"><a href=\"https:\/\/audioacademyeu.eu\/fr\/item\/allemand-pour-debutants\/\">Allemand pour d\u00e9butants<\/a><\/div><div class=\"scripta__download\"><a href=\"http:\/\/audioacademyeu.eu\/fr\/wp-content\/uploads\/sites\/14\/2026\/05\/Manuel-Allemand-pour-debutants-A1_A2_partie-01.pdf\" title=\"Manuel Allemand pour debutants A1_A2_partie 01\" alt=\"Download Allemand pour d\u00e9butants\"><span class=\"dashicons dashicons-download\"><\/span><\/a>, <a href=\"http:\/\/audioacademyeu.eu\/fr\/wp-content\/uploads\/sites\/14\/2026\/05\/Manuel-Allemand-pour-debutants-A1_A2_partie-02.pdf\" title=\"Manuel Allemand pour debutants A1_A2_partie 02\" alt=\"Download Allemand pour d\u00e9butants\"><span class=\"dashicons dashicons-download\"><\/span><\/a>, <a href=\"http:\/\/audioacademyeu.eu\/fr\/wp-content\/uploads\/sites\/14\/2026\/05\/Manuel-Allemand-pour-debutants-A1_A2_partie-03.pdf\" title=\"Manuel Allemand pour debutants A1_A2_partie 03\" alt=\"Download Allemand pour d\u00e9butants\"><span class=\"dashicons dashicons-download\"><\/span><\/a>, <a href=\"http:\/\/audioacademyeu.eu\/fr\/wp-content\/uploads\/sites\/14\/2026\/05\/Manuel-Allemand-pour-debutants-A1_A2_partie-04.pdf\" title=\"Manuel Allemand pour debutants A1_A2_partie 04\" alt=\"Download Allemand pour d\u00e9butants\"><span class=\"dashicons dashicons-download\"><\/span><\/a>, <\/div><\/li><li class=\"scripta__item\"><div class=\"scripta__title\"><a href=\"https:\/\/audioacademyeu.eu\/fr\/item\/allemand-niveau-pre-intermediaire-partie-01\/\">Allemand - niveau pr\u00e9-interm\u00e9diaire - partie 01<\/a><\/div><div class=\"scripta__download\"><a href=\"http:\/\/audioacademyeu.eu\/fr\/wp-content\/uploads\/sites\/14\/2026\/05\/Manuel-Allemand-pre-intermediaire-B1_01.pdf\" title=\"Manuel- Allemand pre-intermediaire B1_01\" alt=\"Download Allemand - niveau pr\u00e9-interm\u00e9diaire - partie 01\"><span class=\"dashicons dashicons-download\"><\/span><\/a>, <a href=\"http:\/\/audioacademyeu.eu\/fr\/wp-content\/uploads\/sites\/14\/2026\/05\/Manuel-Allemand-pre-intermediaire-B1_02.pdf\" title=\"Manuel- Allemand pre-intermediaire B1_02\" alt=\"Download Allemand - niveau pr\u00e9-interm\u00e9diaire - partie 01\"><span class=\"dashicons dashicons-download\"><\/span><\/a>, <\/div><\/li><li class=\"scripta__item\"><div class=\"scripta__title\"><a href=\"https:\/\/audioacademyeu.eu\/fr\/item\/allemand-niveau-pre-intermediaire-partie-02\/\">Allemand - niveau pr\u00e9-interm\u00e9diaire - partie 02<\/a><\/div><div class=\"scripta__download\"><a href=\"http:\/\/audioacademyeu.eu\/fr\/wp-content\/uploads\/sites\/14\/2026\/05\/Manuel-Allemand-pre-intermediaire-B1_02_01.pdf\" title=\"Manuel- Allemand pre-intermediaire B1_02_01\" alt=\"Download Allemand - niveau pr\u00e9-interm\u00e9diaire - partie 02\"><span class=\"dashicons dashicons-download\"><\/span><\/a>, <a href=\"http:\/\/audioacademyeu.eu\/fr\/wp-content\/uploads\/sites\/14\/2026\/05\/Manuel-Allemand-pre-intermediaire-B1_02_02.pdf\" title=\"Manuel- Allemand pre-intermediaire B1_02_02\" alt=\"Download Allemand - niveau pr\u00e9-interm\u00e9diaire - partie 02\"><span class=\"dashicons dashicons-download\"><\/span><\/a>, <\/div><\/li><li class=\"scripta__item\"><div class=\"scripta__title\"><a href=\"https:\/\/audioacademyeu.eu\/fr\/item\/allemand-niveau-intermediaire\/\">Allemand - niveau interm\u00e9diaire<\/a><\/div><div class=\"scripta__download\"><a href=\"http:\/\/audioacademyeu.eu\/fr\/wp-content\/uploads\/sites\/14\/2026\/05\/Manuel-Allemand-intermediaire-B2_01.pdf\" title=\"Manuel - Allemand intermediaire B2_01\" alt=\"Download Allemand - niveau interm\u00e9diaire\"><span class=\"dashicons dashicons-download\"><\/span><\/a>, <a href=\"http:\/\/audioacademyeu.eu\/fr\/wp-content\/uploads\/sites\/14\/2026\/05\/Manuel-Allemand-intermediaire-B2_Parti-02.pdf\" title=\"Manuel - Allemand intermediaire B2_Parti 02\" alt=\"Download Allemand - niveau interm\u00e9diaire\"><span class=\"dashicons dashicons-download\"><\/span><\/a>, <\/div><\/li><li class=\"scripta__item\"><div class=\"scripta__title\"><a href=\"https:\/\/audioacademyeu.eu\/fr\/item\/allemand-commercial-du-niveau-debutant-au-niveau-pre-intermediaire\/\">Allemand commercial - du niveau d\u00e9butant au niveau pr\u00e9-interm\u00e9diaire<\/a><\/div><div class=\"scripta__download\"><a href=\"http:\/\/audioacademyeu.eu\/fr\/wp-content\/uploads\/sites\/14\/2026\/05\/Manuel-Allemand-commercial-A1_B1_partie-01.pdf\" title=\"Manuel Allemand commercial A1_B1_partie 01\" alt=\"Download Allemand commercial - du niveau d\u00e9butant au niveau pr\u00e9-interm\u00e9diaire\"><span class=\"dashicons dashicons-download\"><\/span><\/a>, <a href=\"http:\/\/audioacademyeu.eu\/fr\/wp-content\/uploads\/sites\/14\/2026\/05\/Manuel-Allemand-commercial-A1_B1_partie-02.pdf\" title=\"Manuel Allemand commercial A1_B1_partie 02\" alt=\"Download Allemand commercial - du niveau d\u00e9butant au niveau pr\u00e9-interm\u00e9diaire\"><span class=\"dashicons dashicons-download\"><\/span><\/a>, <\/div><\/li><li class=\"scripta__item\"><div class=\"scripta__title\"><a href=\"https:\/\/audioacademyeu.eu\/fr\/item\/allemand-technique-du-niveau-debutant-au-niveau-pre-intermediaire\/\">Allemand technique - du niveau d\u00e9butant au niveau pr\u00e9-interm\u00e9diaire<\/a><\/div><div class=\"scripta__download\"><a href=\"http:\/\/audioacademyeu.eu\/fr\/wp-content\/uploads\/sites\/14\/2026\/05\/Manuel-Allemand-technique-A1-B1_01.pdf\" title=\"Manuel - Allemand technique A1-B1_01\" alt=\"Download Allemand technique - du niveau d\u00e9butant au niveau pr\u00e9-interm\u00e9diaire\"><span class=\"dashicons dashicons-download\"><\/span><\/a>, <a href=\"http:\/\/audioacademyeu.eu\/fr\/wp-content\/uploads\/sites\/14\/2026\/05\/Manuel-Allemand-technique-A1-B1_02.pdf\" title=\"Manuel - Allemand technique A1-B1_02\" alt=\"Download Allemand technique - du niveau d\u00e9butant au niveau pr\u00e9-interm\u00e9diaire\"><span class=\"dashicons dashicons-download\"><\/span><\/a>, <\/div><\/li><li class=\"scripta__item\"><div class=\"scripta__title\"><a href=\"https:\/\/audioacademyeu.eu\/fr\/item\/vacances-en-allemand-du-niveau-debutant-au-niveau-pre-intermediaire\/\">Vacances en allemand - du niveau d\u00e9butant au niveau pr\u00e9-interm\u00e9diaire<\/a><\/div><div class=\"scripta__download\"><a href=\"http:\/\/audioacademyeu.eu\/fr\/wp-content\/uploads\/sites\/14\/2026\/05\/Manuel_Vacances-en-allemand-A1-B1_01.pdf\" title=\"Manuel_Vacances en allemand A1-B1_01\" alt=\"Download Vacances en allemand - du niveau d\u00e9butant au niveau pr\u00e9-interm\u00e9diaire\"><span class=\"dashicons dashicons-download\"><\/span><\/a>, <a href=\"http:\/\/audioacademyeu.eu\/fr\/wp-content\/uploads\/sites\/14\/2026\/05\/Manuel_Vacances-en-allemand-A1-B1_02.pdf\" title=\"Manuel_Vacances en allemand A1-B1_02\" alt=\"Download Vacances en allemand - du niveau d\u00e9butant au niveau pr\u00e9-interm\u00e9diaire\"><span class=\"dashicons dashicons-download\"><\/span><\/a>, <\/div><\/li><\/ul><h2>Anglais<\/h2><ul class=\"scripta\"><li class=\"scripta__item\"><div class=\"scripta__title scripta__title--th\">Course<\/div><div class=\"scripta__download scripta__download--th\">Download<\/div><\/li><li class=\"scripta__item\"><div class=\"scripta__title\"><a href=\"https:\/\/audioacademyeu.eu\/fr\/item\/anglais-pour-debutants\/\">Anglais pour d\u00e9butants<\/a><\/div><div class=\"scripta__download\"><a href=\"http:\/\/audioacademyeu.eu\/fr\/wp-content\/uploads\/sites\/14\/2026\/04\/Manuel-Anglais-pour-debutants_04.pdf\" title=\"Manuel-Anglais pour debutants_04\" alt=\"Download Anglais pour d\u00e9butants\"><span class=\"dashicons dashicons-download\"><\/span><\/a>, <a href=\"http:\/\/audioacademyeu.eu\/fr\/wp-content\/uploads\/sites\/14\/2026\/04\/Manuel-Anglais-pour-debutants_03.pdf\" title=\"Manuel-Anglais pour debutants_03\" alt=\"Download Anglais pour d\u00e9butants\"><span class=\"dashicons dashicons-download\"><\/span><\/a>, <a href=\"http:\/\/audioacademyeu.eu\/fr\/wp-content\/uploads\/sites\/14\/2026\/04\/Manuel-Anglais-pour-debutants_02.pdf\" title=\"Manuel-Anglais pour debutants_02\" alt=\"Download Anglais pour d\u00e9butants\"><span class=\"dashicons dashicons-download\"><\/span><\/a>, <a href=\"http:\/\/audioacademyeu.eu\/fr\/wp-content\/uploads\/sites\/14\/2026\/04\/Manuel-Anglais-pour-debutants_01.pdf\" title=\"Manuel-Anglais pour debutants_01\" alt=\"Download Anglais pour d\u00e9butants\"><span class=\"dashicons dashicons-download\"><\/span><\/a>, <\/div><\/li><li class=\"scripta__item\"><div class=\"scripta__title\"><a href=\"https:\/\/audioacademyeu.eu\/fr\/item\/anglais-niveau-pre-intermediaire-partie-01\/\">Anglais - niveau pr\u00e9-interm\u00e9diaire - partie 01<\/a><\/div><div class=\"scripta__download\"><a href=\"http:\/\/audioacademyeu.eu\/fr\/wp-content\/uploads\/sites\/14\/2026\/04\/Manuel-Anglais-pre-intermediaire-Partie-01_02.pdf\" title=\"Manuel-Anglais pre-intermediaire Partie 01_02\" alt=\"Download Anglais - niveau pr\u00e9-interm\u00e9diaire - partie 01\"><span class=\"dashicons dashicons-download\"><\/span><\/a>, <a href=\"http:\/\/audioacademyeu.eu\/fr\/wp-content\/uploads\/sites\/14\/2026\/04\/Manuel-Anglais-pre-intermediaire-Partie-01_01.pdf\" title=\"Manuel-Anglais pre-intermediaire Partie 01_01\" alt=\"Download Anglais - niveau pr\u00e9-interm\u00e9diaire - partie 01\"><span class=\"dashicons dashicons-download\"><\/span><\/a>, <\/div><\/li><li class=\"scripta__item\"><div class=\"scripta__title\"><a href=\"https:\/\/audioacademyeu.eu\/fr\/item\/anglais-niveau-pre-intermediaire-partie-02\/\">Anglais - niveau pr\u00e9-interm\u00e9diaire - partie 02<\/a><\/div><div class=\"scripta__download\"><a href=\"http:\/\/audioacademyeu.eu\/fr\/wp-content\/uploads\/sites\/14\/2026\/04\/Manuel-Anglais-pre-intermediaire-Partie-02_02.pdf\" title=\"Manuel-Anglais pre-intermediaire Partie 02_02\" alt=\"Download Anglais - niveau pr\u00e9-interm\u00e9diaire - partie 02\"><span class=\"dashicons dashicons-download\"><\/span><\/a>, <a href=\"http:\/\/audioacademyeu.eu\/fr\/wp-content\/uploads\/sites\/14\/2026\/04\/Manuel-Anglais-pre-intermediaire-Partie-02_01.pdf\" title=\"Manuel-Anglais pre-intermediaire Partie 02_01\" alt=\"Download Anglais - niveau pr\u00e9-interm\u00e9diaire - partie 02\"><span class=\"dashicons dashicons-download\"><\/span><\/a>, <\/div><\/li><li class=\"scripta__item\"><div class=\"scripta__title\"><a href=\"https:\/\/audioacademyeu.eu\/fr\/item\/anglais-niveau-intermediaire\/\">Anglais - niveau interm\u00e9diaire<\/a><\/div><div class=\"scripta__download\"><a href=\"http:\/\/audioacademyeu.eu\/fr\/wp-content\/uploads\/sites\/14\/2026\/04\/Manuel_Anglais-Intermediaire_B2_02.pdf\" title=\"Manuel_Anglais Intermediaire_B2_02\" alt=\"Download Anglais - niveau interm\u00e9diaire\"><span class=\"dashicons dashicons-download\"><\/span><\/a>, <a href=\"http:\/\/audioacademyeu.eu\/fr\/wp-content\/uploads\/sites\/14\/2026\/04\/Manuel_Anglais-Intermediaire_B2_01.pdf\" title=\"Manuel_Anglais Intermediaire_B2_01\" alt=\"Download Anglais - niveau interm\u00e9diaire\"><span class=\"dashicons dashicons-download\"><\/span><\/a>, <\/div><\/li><li class=\"scripta__item\"><div class=\"scripta__title\"><a href=\"https:\/\/audioacademyeu.eu\/fr\/item\/anglais-commercial-du-niveau-debutant-au-niveau-pre-intermediaire\/\">Anglais commercial - du niveau d\u00e9butant au niveau pr\u00e9-interm\u00e9diaire<\/a><\/div><div class=\"scripta__download\"><a href=\"http:\/\/audioacademyeu.eu\/fr\/wp-content\/uploads\/sites\/14\/2026\/04\/Manuel-Anglais-Commercial-A1-B1_02.pdf\" title=\"Manuel-Anglais Commercial A1-B1_02\" alt=\"Download Anglais commercial - du niveau d\u00e9butant au niveau pr\u00e9-interm\u00e9diaire\"><span class=\"dashicons dashicons-download\"><\/span><\/a>, <a href=\"http:\/\/audioacademyeu.eu\/fr\/wp-content\/uploads\/sites\/14\/2026\/04\/Manuel-Anglais-Commercial-A1-B1_01.pdf\" title=\"Manuel-Anglais Commercial A1-B1_01\" alt=\"Download Anglais commercial - du niveau d\u00e9butant au niveau pr\u00e9-interm\u00e9diaire\"><span class=\"dashicons dashicons-download\"><\/span><\/a>, <\/div><\/li><li class=\"scripta__item\"><div class=\"scripta__title\"><a href=\"https:\/\/audioacademyeu.eu\/fr\/item\/anglais-technique-du-niveau-debutant-au-niveau-pre-intermediaire\/\">Anglais technique - du niveau d\u00e9butant au niveau pr\u00e9-interm\u00e9diaire<\/a><\/div><div class=\"scripta__download\"><a href=\"http:\/\/audioacademyeu.eu\/fr\/wp-content\/uploads\/sites\/14\/2026\/04\/Manuel_Anglais-technique_02.pdf\" title=\"Manuel_Anglais technique_02\" alt=\"Download Anglais technique - du niveau d\u00e9butant au niveau pr\u00e9-interm\u00e9diaire\"><span class=\"dashicons dashicons-download\"><\/span><\/a>, <a href=\"http:\/\/audioacademyeu.eu\/fr\/wp-content\/uploads\/sites\/14\/2026\/04\/Manuel_Anglais-technique_01.pdf\" title=\"Manuel_Anglais technique_01\" alt=\"Download Anglais technique - du niveau d\u00e9butant au niveau pr\u00e9-interm\u00e9diaire\"><span class=\"dashicons dashicons-download\"><\/span><\/a>, <\/div><\/li><li class=\"scripta__item\"><div class=\"scripta__title\"><a href=\"https:\/\/audioacademyeu.eu\/fr\/item\/vacances-en-anglais-du-niveau-debutant-au-niveau-pre-intermediaire\/\">Vacances en anglais - du niveau d\u00e9butant au niveau pr\u00e9-interm\u00e9diaire<\/a><\/div><div class=\"scripta__download\"><a href=\"http:\/\/audioacademyeu.eu\/fr\/wp-content\/uploads\/sites\/14\/2026\/04\/Manuel_Vacances-en-anglais_02.pdf\" title=\"Manuel_Vacances en anglais_02\" alt=\"Download Vacances en anglais - du niveau d\u00e9butant au niveau pr\u00e9-interm\u00e9diaire\"><span class=\"dashicons dashicons-download\"><\/span><\/a>, <a href=\"http:\/\/audioacademyeu.eu\/fr\/wp-content\/uploads\/sites\/14\/2026\/04\/Manuel_Vacances-en-anglais_01.pdf\" title=\"Manuel_Vacances en anglais_01\" alt=\"Download Vacances en anglais - du niveau d\u00e9butant au niveau pr\u00e9-interm\u00e9diaire\"><span class=\"dashicons dashicons-download\"><\/span><\/a>, <\/div><\/li><\/ul><h2>Arabe<\/h2><ul class=\"scripta\"><li class=\"scripta__item\"><div class=\"scripta__title scripta__title--th\">Course<\/div><div class=\"scripta__download scripta__download--th\">Download<\/div><\/li><li class=\"scripta__item\"><div class=\"scripta__title\"><a href=\"https:\/\/audioacademyeu.eu\/fr\/item\/l-arabe-pour-debutants\/\">L Arabe Pour Debutants<\/a><\/div><div class=\"scripta__download\"><a href=\"http:\/\/audioacademyeu.eu\/fr\/wp-content\/uploads\/sites\/14\/2026\/04\/Manuel-Arabe-pour-debutants-partie-01.pdf\" title=\"Manuel - Arabe pour de\u0301butants - partie 01\" alt=\"Download L Arabe Pour Debutants\"><span class=\"dashicons dashicons-download\"><\/span><\/a>, <a href=\"http:\/\/audioacademyeu.eu\/fr\/wp-content\/uploads\/sites\/14\/2026\/04\/Manuel-Arabe-pour-debutants-partie-02.pdf\" title=\"Manuel - Arabe pour de\u0301butants - partie 02\" alt=\"Download L Arabe Pour Debutants\"><span class=\"dashicons dashicons-download\"><\/span><\/a>, <a href=\"http:\/\/audioacademyeu.eu\/fr\/wp-content\/uploads\/sites\/14\/2026\/04\/Manuel-Arabe-pour-debutants-partie-03.pdf\" title=\"Manuel - Arabe pour de\u0301butants - partie 03\" alt=\"Download L Arabe Pour Debutants\"><span class=\"dashicons dashicons-download\"><\/span><\/a>, <\/div><\/li><\/ul><h2>Lots avantageus<\/h2><ul class=\"scripta\"><li class=\"scripta__item\"><div class=\"scripta__title scripta__title--th\">Course<\/div><div class=\"scripta__download scripta__download--th\">Download<\/div><\/li><li class=\"scripta__item\"><div class=\"scripta__title\"><a href=\"https:\/\/audioacademyeu.eu\/fr\/item\/pack-anglais-maxi\/\">Pack - Anglais maxi<\/a><\/div><div class=\"scripta__download\"><a href=\"http:\/\/audioacademyeu.eu\/fr\/wp-content\/uploads\/sites\/14\/2026\/04\/Manuel-Anglais-pour-debutants_01.pdf\" title=\"Manuel-Anglais pour debutants_01\" alt=\"Download Pack - Anglais maxi\"><span class=\"dashicons dashicons-download\"><\/span><\/a>, <a href=\"http:\/\/audioacademyeu.eu\/fr\/wp-content\/uploads\/sites\/14\/2026\/04\/Manuel-Anglais-pour-debutants_02.pdf\" title=\"Manuel-Anglais pour debutants_02\" alt=\"Download Pack - Anglais maxi\"><span class=\"dashicons dashicons-download\"><\/span><\/a>, <a href=\"http:\/\/audioacademyeu.eu\/fr\/wp-content\/uploads\/sites\/14\/2026\/04\/Manuel-Anglais-pour-debutants_03.pdf\" title=\"Manuel-Anglais pour debutants_03\" alt=\"Download Pack - Anglais maxi\"><span class=\"dashicons dashicons-download\"><\/span><\/a>, <a href=\"http:\/\/audioacademyeu.eu\/fr\/wp-content\/uploads\/sites\/14\/2026\/04\/Manuel-Anglais-pour-debutants_04.pdf\" title=\"Manuel-Anglais pour debutants_04\" alt=\"Download Pack - Anglais maxi\"><span class=\"dashicons dashicons-download\"><\/span><\/a>, <a href=\"http:\/\/audioacademyeu.eu\/fr\/wp-content\/uploads\/sites\/14\/2026\/04\/Manuel-Anglais-pre-intermediaire-Partie-01_02.pdf\" title=\"Manuel-Anglais pre-intermediaire Partie 01_02\" alt=\"Download Pack - Anglais maxi\"><span class=\"dashicons dashicons-download\"><\/span><\/a>, <a href=\"http:\/\/audioacademyeu.eu\/fr\/wp-content\/uploads\/sites\/14\/2026\/04\/Manuel-Anglais-pre-intermediaire-Partie-01_01.pdf\" title=\"Manuel-Anglais pre-intermediaire Partie 01_01\" alt=\"Download Pack - Anglais maxi\"><span class=\"dashicons dashicons-download\"><\/span><\/a>, <a href=\"http:\/\/audioacademyeu.eu\/fr\/wp-content\/uploads\/sites\/14\/2026\/04\/Manuel-Anglais-pre-intermediaire-Partie-02_02.pdf\" title=\"Manuel-Anglais pre-intermediaire Partie 02_02\" alt=\"Download Pack - Anglais maxi\"><span class=\"dashicons dashicons-download\"><\/span><\/a>, <a href=\"http:\/\/audioacademyeu.eu\/fr\/wp-content\/uploads\/sites\/14\/2026\/04\/Manuel-Anglais-pre-intermediaire-Partie-02_01.pdf\" title=\"Manuel-Anglais pre-intermediaire Partie 02_01\" alt=\"Download Pack - Anglais maxi\"><span class=\"dashicons dashicons-download\"><\/span><\/a>, <a href=\"http:\/\/audioacademyeu.eu\/fr\/wp-content\/uploads\/sites\/14\/2026\/04\/Manuel_Anglais-Intermediaire_B2_01.pdf\" title=\"Manuel_Anglais Intermediaire_B2_01\" alt=\"Download Pack - Anglais maxi\"><span class=\"dashicons dashicons-download\"><\/span><\/a>, <a href=\"http:\/\/audioacademyeu.eu\/fr\/wp-content\/uploads\/sites\/14\/2026\/04\/Manuel_Anglais-Intermediaire_B2_02.pdf\" title=\"Manuel_Anglais Intermediaire_B2_02\" alt=\"Download Pack - Anglais maxi\"><span class=\"dashicons dashicons-download\"><\/span><\/a>, <\/div><\/li><li class=\"scripta__item\"><div class=\"scripta__title\"><a href=\"https:\/\/audioacademyeu.eu\/fr\/item\/pack-anglais-pour-debutants\/\">Pack - Anglais pour d\u00e9butants<\/a><\/div><div class=\"scripta__download\"><a href=\"http:\/\/audioacademyeu.eu\/fr\/wp-content\/uploads\/sites\/14\/2026\/04\/Manuel-Anglais-Commercial-A1-B1_02.pdf\" title=\"Manuel-Anglais Commercial A1-B1_02\" alt=\"Download Pack - Anglais pour d\u00e9butants\"><span class=\"dashicons dashicons-download\"><\/span><\/a>, <a href=\"http:\/\/audioacademyeu.eu\/fr\/wp-content\/uploads\/sites\/14\/2026\/04\/Manuel-Anglais-Commercial-A1-B1_01.pdf\" title=\"Manuel-Anglais Commercial A1-B1_01\" alt=\"Download Pack - Anglais pour d\u00e9butants\"><span class=\"dashicons dashicons-download\"><\/span><\/a>, <a href=\"http:\/\/audioacademyeu.eu\/fr\/wp-content\/uploads\/sites\/14\/2026\/04\/Manuel-Anglais-pour-debutants_04.pdf\" title=\"Manuel-Anglais pour debutants_04\" alt=\"Download Pack - Anglais pour d\u00e9butants\"><span class=\"dashicons dashicons-download\"><\/span><\/a>, <a href=\"http:\/\/audioacademyeu.eu\/fr\/wp-content\/uploads\/sites\/14\/2026\/04\/Manuel-Anglais-pour-debutants_02.pdf\" title=\"Manuel-Anglais pour debutants_02\" alt=\"Download Pack - Anglais pour d\u00e9butants\"><span class=\"dashicons dashicons-download\"><\/span><\/a>, <a href=\"http:\/\/audioacademyeu.eu\/fr\/wp-content\/uploads\/sites\/14\/2026\/04\/Manuel-Anglais-pour-debutants_03.pdf\" title=\"Manuel-Anglais pour debutants_03\" alt=\"Download Pack - Anglais pour d\u00e9butants\"><span class=\"dashicons dashicons-download\"><\/span><\/a>, <a href=\"http:\/\/audioacademyeu.eu\/fr\/wp-content\/uploads\/sites\/14\/2026\/04\/Manuel-Anglais-pour-debutants_01.pdf\" title=\"Manuel-Anglais pour debutants_01\" alt=\"Download Pack - Anglais pour d\u00e9butants\"><span class=\"dashicons dashicons-download\"><\/span><\/a>, <a href=\"http:\/\/audioacademyeu.eu\/fr\/wp-content\/uploads\/sites\/14\/2026\/04\/Manuel_Vacances-en-anglais_02.pdf\" title=\"Manuel_Vacances en anglais_02\" alt=\"Download Pack - Anglais pour d\u00e9butants\"><span class=\"dashicons dashicons-download\"><\/span><\/a>, <a href=\"http:\/\/audioacademyeu.eu\/fr\/wp-content\/uploads\/sites\/14\/2026\/04\/Manuel_Vacances-en-anglais_01.pdf\" title=\"Manuel_Vacances en anglais_01\" alt=\"Download Pack - Anglais pour d\u00e9butants\"><span class=\"dashicons dashicons-download\"><\/span><\/a>, <\/div><\/li><li class=\"scripta__item\"><div class=\"scripta__title\"><a href=\"https:\/\/audioacademyeu.eu\/fr\/item\/pack-anglais-pour-faux-debutants\/\">Pack - Anglais pour faux d\u00e9butants<\/a><\/div><div class=\"scripta__download\"><a href=\"http:\/\/audioacademyeu.eu\/fr\/wp-content\/uploads\/sites\/14\/2026\/04\/Manuel-Anglais-pre-intermediaire-Partie-02_01.pdf\" title=\"Manuel-Anglais pre-intermediaire Partie 02_01\" alt=\"Download Pack - Anglais pour faux d\u00e9butants\"><span class=\"dashicons dashicons-download\"><\/span><\/a>, <a href=\"http:\/\/audioacademyeu.eu\/fr\/wp-content\/uploads\/sites\/14\/2026\/04\/Manuel-Anglais-pre-intermediaire-Partie-02_02.pdf\" title=\"Manuel-Anglais pre-intermediaire Partie 02_02\" alt=\"Download Pack - Anglais pour faux d\u00e9butants\"><span class=\"dashicons dashicons-download\"><\/span><\/a>, <a href=\"http:\/\/audioacademyeu.eu\/fr\/wp-content\/uploads\/sites\/14\/2026\/04\/Manuel-Anglais-pre-intermediaire-Partie-01_01.pdf\" title=\"Manuel-Anglais pre-intermediaire Partie 01_01\" alt=\"Download Pack - Anglais pour faux d\u00e9butants\"><span class=\"dashicons dashicons-download\"><\/span><\/a>, <a href=\"http:\/\/audioacademyeu.eu\/fr\/wp-content\/uploads\/sites\/14\/2026\/04\/Manuel-Anglais-pre-intermediaire-Partie-01_02.pdf\" title=\"Manuel-Anglais pre-intermediaire Partie 01_02\" alt=\"Download Pack - Anglais pour faux d\u00e9butants\"><span class=\"dashicons dashicons-download\"><\/span><\/a>, <a href=\"http:\/\/audioacademyeu.eu\/fr\/wp-content\/uploads\/sites\/14\/2026\/04\/Manuel_Anglais-technique_01.pdf\" title=\"Manuel_Anglais technique_01\" alt=\"Download Pack - Anglais pour faux d\u00e9butants\"><span class=\"dashicons dashicons-download\"><\/span><\/a>, <a href=\"http:\/\/audioacademyeu.eu\/fr\/wp-content\/uploads\/sites\/14\/2026\/04\/Manuel_Anglais-technique_02.pdf\" title=\"Manuel_Anglais technique_02\" alt=\"Download Pack - Anglais pour faux d\u00e9butants\"><span class=\"dashicons dashicons-download\"><\/span><\/a>, <\/div><\/li><li class=\"scripta__item\"><div class=\"scripta__title\"><a href=\"https:\/\/audioacademyeu.eu\/fr\/item\/pack-anglais-specialise\/\">Pack - Anglais sp\u00e9cialis\u00e9<\/a><\/div><div class=\"scripta__download\"><a href=\"http:\/\/audioacademyeu.eu\/fr\/wp-content\/uploads\/sites\/14\/2026\/04\/Manuel_Anglais-technique_02.pdf\" title=\"Manuel_Anglais technique_02\" alt=\"Download Pack - Anglais sp\u00e9cialis\u00e9\"><span class=\"dashicons dashicons-download\"><\/span><\/a>, <a href=\"http:\/\/audioacademyeu.eu\/fr\/wp-content\/uploads\/sites\/14\/2026\/04\/Manuel_Anglais-technique_01.pdf\" title=\"Manuel_Anglais technique_01\" alt=\"Download Pack - Anglais sp\u00e9cialis\u00e9\"><span class=\"dashicons dashicons-download\"><\/span><\/a>, <a href=\"http:\/\/audioacademyeu.eu\/fr\/wp-content\/uploads\/sites\/14\/2026\/04\/Manuel_Vacances-en-anglais_02.pdf\" title=\"Manuel_Vacances en anglais_02\" alt=\"Download Pack - Anglais sp\u00e9cialis\u00e9\"><span class=\"dashicons dashicons-download\"><\/span><\/a>, <a href=\"http:\/\/audioacademyeu.eu\/fr\/wp-content\/uploads\/sites\/14\/2026\/04\/Manuel_Vacances-en-anglais_01.pdf\" title=\"Manuel_Vacances en anglais_01\" alt=\"Download Pack - Anglais sp\u00e9cialis\u00e9\"><span class=\"dashicons dashicons-download\"><\/span><\/a>, <a href=\"http:\/\/audioacademyeu.eu\/fr\/wp-content\/uploads\/sites\/14\/2026\/04\/Manuel-Anglais-Commercial-A1-B1_02.pdf\" title=\"Manuel-Anglais Commercial A1-B1_02\" alt=\"Download Pack - Anglais sp\u00e9cialis\u00e9\"><span class=\"dashicons dashicons-download\"><\/span><\/a>, <a href=\"http:\/\/audioacademyeu.eu\/fr\/wp-content\/uploads\/sites\/14\/2026\/04\/Manuel-Anglais-Commercial-A1-B1_01.pdf\" title=\"Manuel-Anglais Commercial A1-B1_01\" alt=\"Download Pack - Anglais sp\u00e9cialis\u00e9\"><span class=\"dashicons dashicons-download\"><\/span><\/a>, <\/div><\/li><\/ul><\/div>\n\n\n\n<p><\/p>\n","protected":false},"excerpt":{"rendered":"<p>T\u00e9l\u00e9chargez les scripts<\/p>\n","protected":false},"author":1976,"featured_media":0,"parent":0,"menu_order":0,"comment_status":"closed","ping_status":"closed","template":"","meta":{"_acf_changed":false,"inline_featured_image":false,"_sitemap_exclude":false,"_sitemap_priority":"","_sitemap_frequency":"","footnotes":""},"class_list":["post-251","page","type-page","status-publish","hentry"],"acf":[],"_links":{"self":[{"href":"https:\/\/audioacademyeu.eu\/fr\/wp-json\/wp\/v2\/pages\/251","targetHints":{"allow":["GET"]}}],"collection":[{"href":"https:\/\/audioacademyeu.eu\/fr\/wp-json\/wp\/v2\/pages"}],"about":[{"href":"https:\/\/audioacademyeu.eu\/fr\/wp-json\/wp\/v2\/types\/page"}],"author":[{"embeddable":true,"href":"https:\/\/audioacademyeu.eu\/fr\/wp-json\/wp\/v2\/users\/1976"}],"replies":[{"embeddable":true,"href":"https:\/\/audioacademyeu.eu\/fr\/wp-json\/wp\/v2\/comments?post=251"}],"version-history":[{"count":5,"href":"https:\/\/audioacademyeu.eu\/fr\/wp-json\/wp\/v2\/pages\/251\/revisions"}],"predecessor-version":[{"id":357,"href":"https:\/\/audioacademyeu.eu\/fr\/wp-json\/wp\/v2\/pages\/251\/revisions\/357"}],"wp:attachment":[{"href":"https:\/\/audioacademyeu.eu\/fr\/wp-json\/wp\/v2\/media?parent=251"}],"curies":[{"name":"wp","href":"https:\/\/api.w.org\/{rel}","templated":true}]}}