
{"id":244,"date":"2026-04-14T15:48:24","date_gmt":"2026-04-14T13:48:24","guid":{"rendered":"https:\/\/audioacademyeu.eu\/fr\/?page_id=244"},"modified":"2026-05-15T22:51:09","modified_gmt":"2026-05-15T20:51:09","slug":"go-interactive","status":"publish","type":"page","link":"https:\/\/audioacademyeu.eu\/fr\/go-interactive\/","title":{"rendered":"Go Interactive"},"content":{"rendered":"\n<p>L\u2019environnement d\u2019apprentissage est accessible \u00e0 tous, que vous ayez achet\u00e9 un cours chez nous ou chez l\u2019un de nos partenaires. Si vous avez achet\u00e9 un cours chez nous, connectez-vous \u00e0 votre compte ou cliquez directement sur le bouton suivant. Vous serez redirig\u00e9 vers Audioacademy Interactiv et, si vous \u00eates connect\u00e9 ici, vous serez imm\u00e9diatement connect\u00e9 l\u00e0-bas. Sinon, veuillez utiliser les m\u00eames identifiants que ceux de votre compte ici.<\/p>\n\n\n\n<div class=\"wp-block-buttons is-content-justification-center is-layout-flex wp-container-core-buttons-is-layout-1b7cf30f wp-block-buttons-is-layout-flex\" id=\"interactive-redirect\" style=\"padding-top:var(--wp--preset--spacing--medium);padding-bottom:var(--wp--preset--spacing--medium)\">\n<div class=\"wp-block-button is-style-fill\"><a class=\"wp-block-button__link has-white-color has-vivid-red-background-color has-text-color has-background has-link-color wp-element-button\">Audioacademy Interactiv<\/a><\/div>\n<\/div>\n\n\n\n<p>Si vous avez achet\u00e9 un cours aupr\u00e8s de notre partenaire, vous devez d\u2019abord cr\u00e9er un compte et connecter l\u2019application. Veuillez cliquer sur le bouton suivant \u00ab Achet\u00e9 aupr\u00e8s d\u2019un partenaire \u00bb, vous serez redirig\u00e9 vers un formulaire \u00e9lectronique. Il vous suffit d\u2019indiquer votre nom et pr\u00e9nom, votre adresse e-mail, le nom du cours achet\u00e9 et le nom du partenaire.<\/p>\n\n\n\n<p><\/p>\n\n\n\n<div class=\"wp-block-buttons is-content-justification-center is-layout-flex wp-container-core-buttons-is-layout-1b7cf30f wp-block-buttons-is-layout-flex\" style=\"padding-top:var(--wp--preset--spacing--medium);padding-bottom:var(--wp--preset--spacing--medium)\">\n<div class=\"wp-block-button\"><a class=\"wp-block-button__link has-white-color has-vivid-red-background-color has-text-color has-background has-link-color wp-element-button\" href=\"https:\/\/audioacademyeu.eu\/cs\/purchased-from-partner\/\">Achet\u00e9 chez un partenaire<\/a><\/div>\n<\/div>\n\n\n\n<div class=\"wp-block-group has-background has-global-padding is-layout-constrained wp-container-core-group-is-layout-12f5c36a wp-block-group-is-layout-constrained\" style=\"border-width:1px;background-color:#f8f8f8;margin-top:var(--wp--preset--spacing--large);margin-bottom:var(--wp--preset--spacing--large);padding-top:var(--wp--preset--spacing--small);padding-right:var(--wp--preset--spacing--small);padding-bottom:var(--wp--preset--spacing--small);padding-left:var(--wp--preset--spacing--small)\">\n<h2 class=\"wp-block-heading\">Audioacademy Interactiv \u00e0 fond<\/h2>\n\n\n\n<p>Vous souhaitez profiter pleinement d\u2019Audioacademy Interactiv, c\u2019est-\u00e0-dire d\u00e9bloquer tous les cours dans la langue choisie ? Nous proposons des abonnements mensuels ou annuels. Avant l\u2019expiration de votre abonnement, vous serez invit\u00e9 \u00e0 le renouveler pour une nouvelle p\u00e9riode. Vous pouvez r\u00e9silier votre abonnement \u00e0 tout moment, et votre acc\u00e8s restera actif jusqu\u2019\u00e0 l\u2019expiration de votre dernier abonnement.<\/p>\n\n\n\n<p>Vous pouvez commander votre abonnement ici (vous serez redirig\u00e9 vers le formulaire de commande) :<\/p>\n\n\n\n<div class=\"wp-block-buttons is-content-justification-center is-layout-flex wp-container-core-buttons-is-layout-a89b3969 wp-block-buttons-is-layout-flex\">\n<div class=\"wp-block-button\"><a class=\"wp-block-button__link has-black-color has-vivid-green-cyan-background-color has-text-color has-background has-link-color wp-element-button\" href=\"https:\/\/audioacademyeu.eu\/fr\/subscription\/\">Commander un abonnement<\/a><\/div>\n<\/div>\n\n\n\n<p>Si vous avez des questions, \u00e9crivez \u00e0 <a href=\"mailto:tomas@audioacademyeu.eu\">tomas@audioacademyeu.eu<\/a>.<\/p>\n<\/div>\n\n\n\n<p><a role=\"button\"><br><\/a><\/p>\n\n\n\n<p class=\"has-text-align-center\"><\/p>\n\n\n\n<figure class=\"wp-block-embed is-type-video is-provider-youtube wp-block-embed-youtube wp-embed-aspect-16-9 wp-has-aspect-ratio\"><div class=\"wp-block-embed__wrapper\">\n<div class=\"video-container\"><iframe title=\"Audioacademy Interactive\" width=\"1170\" height=\"658\" src=\"https:\/\/www.youtube.com\/embed\/-Hg4VQAYKeo?feature=oembed\" frameborder=\"0\" allow=\"accelerometer; autoplay; clipboard-write; encrypted-media; gyroscope; picture-in-picture; web-share\" referrerpolicy=\"strict-origin-when-cross-origin\" allowfullscreen><\/iframe><\/div>\n<\/div><\/figure>\n\n\n\n<p><\/p>\n","protected":false},"excerpt":{"rendered":"<p>L\u2019environnement d\u2019apprentissage est accessible \u00e0 tous, que vous ayez achet\u00e9 un cours chez nous ou chez l\u2019un de nos partenaires. Si vous avez achet\u00e9 un cours chez nous, connectez-vous \u00e0 votre compte ou cliquez directement sur le bouton suivant. Vous serez redirig\u00e9 vers Audioacademy Interactiv et, si vous \u00eates connect\u00e9 ici, vous serez imm\u00e9diatement connect\u00e9 [&hellip;]<\/p>\n","protected":false},"author":1976,"featured_media":0,"parent":0,"menu_order":0,"comment_status":"closed","ping_status":"closed","template":"","meta":{"_acf_changed":false,"inline_featured_image":false,"_sitemap_exclude":false,"_sitemap_priority":"","_sitemap_frequency":"","footnotes":""},"class_list":["post-244","page","type-page","status-publish","hentry"],"acf":[],"_links":{"self":[{"href":"https:\/\/audioacademyeu.eu\/fr\/wp-json\/wp\/v2\/pages\/244","targetHints":{"allow":["GET"]}}],"collection":[{"href":"https:\/\/audioacademyeu.eu\/fr\/wp-json\/wp\/v2\/pages"}],"about":[{"href":"https:\/\/audioacademyeu.eu\/fr\/wp-json\/wp\/v2\/types\/page"}],"author":[{"embeddable":true,"href":"https:\/\/audioacademyeu.eu\/fr\/wp-json\/wp\/v2\/users\/1976"}],"replies":[{"embeddable":true,"href":"https:\/\/audioacademyeu.eu\/fr\/wp-json\/wp\/v2\/comments?post=244"}],"version-history":[{"count":2,"href":"https:\/\/audioacademyeu.eu\/fr\/wp-json\/wp\/v2\/pages\/244\/revisions"}],"predecessor-version":[{"id":432,"href":"https:\/\/audioacademyeu.eu\/fr\/wp-json\/wp\/v2\/pages\/244\/revisions\/432"}],"wp:attachment":[{"href":"https:\/\/audioacademyeu.eu\/fr\/wp-json\/wp\/v2\/media?parent=244"}],"curies":[{"name":"wp","href":"https:\/\/api.w.org\/{rel}","templated":true}]}}