
{"id":659,"date":"2025-05-21T21:07:31","date_gmt":"2025-05-21T19:07:31","guid":{"rendered":"https:\/\/audioacademyeu.eu\/es\/?post_type=product&#038;p=659"},"modified":"2025-06-18T20:12:21","modified_gmt":"2025-06-18T18:12:21","slug":"pack-ruso-especializado","status":"publish","type":"product","link":"https:\/\/audioacademyeu.eu\/es\/item\/pack-ruso-especializado\/","title":{"rendered":"Pack &#8211; Ruso especializado"},"content":{"rendered":"\n<p>El curso Ruso t\u00e9cnico A1-B1 est\u00e1 dise\u00f1ado para principiantes y usuarios ligeramente avanzados y s<br>e centra en el vocabulario que puede utilizar en el \u00e1mbito t\u00e9cnico.<\/p>\n\n\n\n<p>El curso Ruso para viajar <strong>A1-B1<\/strong> est\u00e1 dirigido a usuarios principiantes con nociones b\u00e1sicas de ruso enfocado a la pr\u00e1ctica de palabras y frases necesarias en el \u00e1mbito de los viajes y las vacaciones.<\/p>\n\n\n\n<p>El curso Ruso comercial A1-B1 &#8211; de nivel principiante a pre-intermedio A1- B1 est\u00e1 dirigido a principiantes y usuarios ligeramente avanzados y se centra en el vocabulario que puede utilizar en el trabajo y en los contactos comerciales con clientes y colaboradores extranjeros.<\/p>\n","protected":false},"excerpt":{"rendered":"<p>Pack &#8211; Ruso especializado &#8211; Ruso t\u00e9cnico A1-B1, Ruso para viajar A1-B1, Ruso comercial A1-B1<\/p>\n","protected":false},"featured_media":656,"comment_status":"open","ping_status":"closed","template":"","meta":{"_acf_changed":true,"inline_featured_image":false,"_sitemap_exclude":false,"_sitemap_priority":"","_sitemap_frequency":""},"product_brand":[],"product_cat":[57,279],"product_tag":[],"class_list":{"0":"post-659","1":"product","2":"type-product","3":"status-publish","4":"has-post-thumbnail","6":"product_cat-paquete-practico","7":"product_cat-ruso-paquete-practico","8":"pa_longitud-282","9":"pa_nivel-de-idiomas-a1","10":"pa_nivel-de-idiomas-a1-a2","11":"pa_nivel-de-idiomas-a2","12":"pa_nivel-de-idiomas-a2-b1","13":"pa_nivel-de-idiomas-b1","14":"pa_nivel-de-idiomas-b1-b2","16":"first","17":"instock","18":"downloadable","19":"virtual","20":"purchasable","21":"product-type-simple"},"acf":[],"_links":{"self":[{"href":"https:\/\/audioacademyeu.eu\/es\/wp-json\/wp\/v2\/product\/659","targetHints":{"allow":["GET"]}}],"collection":[{"href":"https:\/\/audioacademyeu.eu\/es\/wp-json\/wp\/v2\/product"}],"about":[{"href":"https:\/\/audioacademyeu.eu\/es\/wp-json\/wp\/v2\/types\/product"}],"replies":[{"embeddable":true,"href":"https:\/\/audioacademyeu.eu\/es\/wp-json\/wp\/v2\/comments?post=659"}],"wp:featuredmedia":[{"embeddable":true,"href":"https:\/\/audioacademyeu.eu\/es\/wp-json\/wp\/v2\/media\/656"}],"wp:attachment":[{"href":"https:\/\/audioacademyeu.eu\/es\/wp-json\/wp\/v2\/media?parent=659"}],"wp:term":[{"taxonomy":"product_brand","embeddable":true,"href":"https:\/\/audioacademyeu.eu\/es\/wp-json\/wp\/v2\/product_brand?post=659"},{"taxonomy":"product_cat","embeddable":true,"href":"https:\/\/audioacademyeu.eu\/es\/wp-json\/wp\/v2\/product_cat?post=659"},{"taxonomy":"product_tag","embeddable":true,"href":"https:\/\/audioacademyeu.eu\/es\/wp-json\/wp\/v2\/product_tag?post=659"}],"curies":[{"name":"wp","href":"https:\/\/api.w.org\/{rel}","templated":true}]}}