
{"id":649,"date":"2025-05-20T18:32:21","date_gmt":"2025-05-20T16:32:21","guid":{"rendered":"https:\/\/audioacademyeu.eu\/es\/?post_type=product&#038;p=649"},"modified":"2025-05-20T18:32:23","modified_gmt":"2025-05-20T16:32:23","slug":"ruso-tecnico-a1-b1","status":"publish","type":"product","link":"https:\/\/audioacademyeu.eu\/es\/item\/ruso-tecnico-a1-b1\/","title":{"rendered":"Ruso t\u00e9cnico A1-B1"},"content":{"rendered":"\n<p>El curso Ruso t\u00e9cnico A1-B1 est\u00e1 dise\u00f1ado para principiantes y usuarios ligeramente avanzados y se centra en el vocabulario que puede utilizar en el \u00e1mbito t\u00e9cnico.<\/p>\n\n\n\n<p>El curso se basa en el aprendizaje contextual, lo que significa que no s\u00f3lo aprender\u00e1 palabras, sino tambi\u00e9n frases en las que podr\u00e1 utilizar las palabras aprendidas. En este curso encontrar\u00e1 un total de 900 palabras y frases de pr\u00e1ctica.<\/p>\n\n\n\n<p>Este curso consta de 5 lecciones. Las lecciones individuales est\u00e1n estructuradas seg\u00fan los temas espec\u00edficos de actividades, calidad, log\u00edstica, herramientas\/equipos, dimensiones y caracter\u00edsticas.&nbsp; Contienen palabras y frases de ejemplo que le ayudar\u00e1n a comunicarse mejor a la hora de resolver problemas t\u00e9cnicos. Al mismo tiempo, puede utilizar este curso para refrescar su italiano desde el nivel principiante hasta el nivel intermedio B1.<\/p>\n\n\n\n<p>Hay un manual para este curso disponible en www.audioacademyeu.eu que puede descargar gratuitamente y que har\u00e1 que las actividades de su curso sean mucho m\u00e1s eficaces. En el manual no s\u00f3lo encontrar\u00e1 consejos \u00fatiles para que su aprendizaje sea m\u00e1s eficaz, sino tambi\u00e9n un plan de lecciones para documentar sus progresos, una lista de ejemplos de comprensi\u00f3n oral (por si no entiende algo) y fichas de doble cara para que pueda estudiar y repasar incluso cuando no pueda escuchar. Para los que quieran ponerse a prueba, hay un test de traducci\u00f3n en cada lecci\u00f3n con una clave que contiene las respuestas correctas. Las voces que escuchar\u00e1 pertenecen a Matteo Bianchi, Bego\u00f1a Garc\u00eda Ferreira y Pedro Garc\u00eda-Guirao.<\/p>\n","protected":false},"excerpt":{"rendered":"<p>El curso Ruso t\u00e9cnico A1-B1 est\u00e1 dise\u00f1ado para principiantes y usuarios ligeramente avanzados y se centra en el vocabulario que puede utilizar en el \u00e1mbito t\u00e9cnico.<\/p>\n","protected":false},"featured_media":647,"comment_status":"open","ping_status":"closed","template":"","meta":{"_acf_changed":false,"inline_featured_image":false,"_sitemap_exclude":false,"_sitemap_priority":"","_sitemap_frequency":""},"product_brand":[],"product_cat":[19,273],"product_tag":[],"class_list":{"0":"post-649","1":"product","2":"type-product","3":"status-publish","4":"has-post-thumbnail","6":"product_cat-ruso","7":"product_cat-ruso-especializado","8":"pa_longitud-272","9":"pa_nivel-de-idiomas-a1","10":"pa_nivel-de-idiomas-a1-a2","11":"pa_nivel-de-idiomas-a2","12":"pa_nivel-de-idiomas-a2-b1","13":"pa_nivel-de-idiomas-b1","15":"first","16":"instock","17":"downloadable","18":"virtual","19":"purchasable","20":"product-type-simple"},"acf":[],"_links":{"self":[{"href":"https:\/\/audioacademyeu.eu\/es\/wp-json\/wp\/v2\/product\/649","targetHints":{"allow":["GET"]}}],"collection":[{"href":"https:\/\/audioacademyeu.eu\/es\/wp-json\/wp\/v2\/product"}],"about":[{"href":"https:\/\/audioacademyeu.eu\/es\/wp-json\/wp\/v2\/types\/product"}],"replies":[{"embeddable":true,"href":"https:\/\/audioacademyeu.eu\/es\/wp-json\/wp\/v2\/comments?post=649"}],"wp:featuredmedia":[{"embeddable":true,"href":"https:\/\/audioacademyeu.eu\/es\/wp-json\/wp\/v2\/media\/647"}],"wp:attachment":[{"href":"https:\/\/audioacademyeu.eu\/es\/wp-json\/wp\/v2\/media?parent=649"}],"wp:term":[{"taxonomy":"product_brand","embeddable":true,"href":"https:\/\/audioacademyeu.eu\/es\/wp-json\/wp\/v2\/product_brand?post=649"},{"taxonomy":"product_cat","embeddable":true,"href":"https:\/\/audioacademyeu.eu\/es\/wp-json\/wp\/v2\/product_cat?post=649"},{"taxonomy":"product_tag","embeddable":true,"href":"https:\/\/audioacademyeu.eu\/es\/wp-json\/wp\/v2\/product_tag?post=649"}],"curies":[{"name":"wp","href":"https:\/\/api.w.org\/{rel}","templated":true}]}}