
{"id":615,"date":"2025-04-24T08:01:16","date_gmt":"2025-04-24T06:01:16","guid":{"rendered":"https:\/\/audioacademyeu.eu\/es\/?post_type=product&#038;p=615"},"modified":"2025-06-18T20:11:08","modified_gmt":"2025-06-18T18:11:08","slug":"pack-italiano-especializado","status":"publish","type":"product","link":"https:\/\/audioacademyeu.eu\/es\/item\/pack-italiano-especializado\/","title":{"rendered":"Pack \u2013 italiano especializado"},"content":{"rendered":"\n<p>El curso Italiano t\u00e9cnico A1-B1 est\u00e1 dise\u00f1ado para principiantes y usuarios ligeramente avanzados y se centra en el vocabulario que puede utilizar en el \u00e1mbito t\u00e9cnico.<\/p>\n\n\n\n<p>Gracias por su inter\u00e9s en el curso audio <strong>Vacaciones en italiano<\/strong> <strong>A1-B1<\/strong> &#8211; de nivel principiante a pre-intermedio. El curso est\u00e1 dirigido a usuarios principiantes con nociones b\u00e1sicas de italiano enfocado a la pr\u00e1ctica de palabras y frases necesarias en el \u00e1mbito de los viajes y las vacaciones.<\/p>\n\n\n\n<p>El curso Italiano comercial A1-B1 est\u00e1 dirigido a principiantes y usuarios ligeramente avanzados y se centra en el vocabulario que puede utilizar en el trabajo y en los contactos comerciales con clientes y colaboradores extranjeros.<\/p>\n","protected":false},"excerpt":{"rendered":"<p>Pack \u2013 italiano especializado &#8211; Italiano t\u00e9cnico A1-B1, Vacaciones en italiano A1-B1, Italiano comercial A1-B1<\/p>\n","protected":false},"featured_media":585,"comment_status":"open","ping_status":"closed","template":"","meta":{"_acf_changed":true,"inline_featured_image":false,"_sitemap_exclude":false,"_sitemap_priority":"","_sitemap_frequency":""},"product_brand":[],"product_cat":[269,57],"product_tag":[],"class_list":{"0":"post-615","1":"product","2":"type-product","3":"status-publish","4":"has-post-thumbnail","6":"product_cat-italiano-paquete-practico","7":"product_cat-paquete-practico","8":"pa_longitud-271","9":"pa_nivel-de-idiomas-a1","10":"pa_nivel-de-idiomas-a1-a2","11":"pa_nivel-de-idiomas-a2","12":"pa_nivel-de-idiomas-a2-b1","13":"pa_nivel-de-idiomas-b1","14":"pa_nivel-de-idiomas-b1-b2","16":"first","17":"instock","18":"downloadable","19":"virtual","20":"purchasable","21":"product-type-simple"},"acf":[],"_links":{"self":[{"href":"https:\/\/audioacademyeu.eu\/es\/wp-json\/wp\/v2\/product\/615","targetHints":{"allow":["GET"]}}],"collection":[{"href":"https:\/\/audioacademyeu.eu\/es\/wp-json\/wp\/v2\/product"}],"about":[{"href":"https:\/\/audioacademyeu.eu\/es\/wp-json\/wp\/v2\/types\/product"}],"replies":[{"embeddable":true,"href":"https:\/\/audioacademyeu.eu\/es\/wp-json\/wp\/v2\/comments?post=615"}],"wp:featuredmedia":[{"embeddable":true,"href":"https:\/\/audioacademyeu.eu\/es\/wp-json\/wp\/v2\/media\/585"}],"wp:attachment":[{"href":"https:\/\/audioacademyeu.eu\/es\/wp-json\/wp\/v2\/media?parent=615"}],"wp:term":[{"taxonomy":"product_brand","embeddable":true,"href":"https:\/\/audioacademyeu.eu\/es\/wp-json\/wp\/v2\/product_brand?post=615"},{"taxonomy":"product_cat","embeddable":true,"href":"https:\/\/audioacademyeu.eu\/es\/wp-json\/wp\/v2\/product_cat?post=615"},{"taxonomy":"product_tag","embeddable":true,"href":"https:\/\/audioacademyeu.eu\/es\/wp-json\/wp\/v2\/product_tag?post=615"}],"curies":[{"name":"wp","href":"https:\/\/api.w.org\/{rel}","templated":true}]}}