
{"id":614,"date":"2025-04-24T07:57:18","date_gmt":"2025-04-24T05:57:18","guid":{"rendered":"https:\/\/audioacademyeu.eu\/es\/?post_type=product&#038;p=614"},"modified":"2025-06-18T20:10:40","modified_gmt":"2025-06-18T18:10:40","slug":"pack-italiano-para-intermedios","status":"publish","type":"product","link":"https:\/\/audioacademyeu.eu\/es\/item\/pack-italiano-para-intermedios\/","title":{"rendered":"Pack \u2013 Italiano para intermedios"},"content":{"rendered":"\n<p>El curso Italiano nivel pre-intermedio B1 &#8211; parte 01 est\u00e1 dirigido a usuarios de nivel pre- intermedio que ya han estudiado italiano anteriormente y dominan las nociones b\u00e1sicas del idioma.<\/p>\n\n\n\n<p>El curso Italiano nivel pre-intermedio B1 &#8211; parte 02 est\u00e1 dirigido a usuarios de pre-nivel intermedio que ya han estudiado italiano anteriormente y dominan las nociones b\u00e1sicas del idioma.<\/p>\n\n\n\n<p>El curso Italiano t\u00e9cnico A1-B1 est\u00e1 dise\u00f1ado para principiantes y usuarios ligeramente avanzados y se centra en el vocabulario que puede utilizar en el \u00e1mbito t\u00e9cnico.<\/p>\n\n\n\n<p><\/p>\n","protected":false},"excerpt":{"rendered":"<p>Pack \u2013 Italiano para intermedios &#8211; Italiano nivel pre-intermedio B1 &#8211; parte 01, Italiano nivel pre-intermedio B1 &#8211; parte 02, Italiano t\u00e9cnico A1-B1<\/p>\n","protected":false},"featured_media":584,"comment_status":"open","ping_status":"closed","template":"","meta":{"_acf_changed":true,"inline_featured_image":false,"_sitemap_exclude":false,"_sitemap_priority":"","_sitemap_frequency":""},"product_brand":[],"product_cat":[269,57],"product_tag":[],"class_list":{"0":"post-614","1":"product","2":"type-product","3":"status-publish","4":"has-post-thumbnail","6":"product_cat-italiano-paquete-practico","7":"product_cat-paquete-practico","8":"pa_longitud-270","9":"pa_nivel-de-idiomas-a1","10":"pa_nivel-de-idiomas-a1-a2","11":"pa_nivel-de-idiomas-a2","12":"pa_nivel-de-idiomas-a2-b1","13":"pa_nivel-de-idiomas-b1","14":"pa_nivel-de-idiomas-b1-b2","16":"first","17":"instock","18":"downloadable","19":"virtual","20":"purchasable","21":"product-type-simple"},"acf":[],"_links":{"self":[{"href":"https:\/\/audioacademyeu.eu\/es\/wp-json\/wp\/v2\/product\/614","targetHints":{"allow":["GET"]}}],"collection":[{"href":"https:\/\/audioacademyeu.eu\/es\/wp-json\/wp\/v2\/product"}],"about":[{"href":"https:\/\/audioacademyeu.eu\/es\/wp-json\/wp\/v2\/types\/product"}],"replies":[{"embeddable":true,"href":"https:\/\/audioacademyeu.eu\/es\/wp-json\/wp\/v2\/comments?post=614"}],"wp:featuredmedia":[{"embeddable":true,"href":"https:\/\/audioacademyeu.eu\/es\/wp-json\/wp\/v2\/media\/584"}],"wp:attachment":[{"href":"https:\/\/audioacademyeu.eu\/es\/wp-json\/wp\/v2\/media?parent=614"}],"wp:term":[{"taxonomy":"product_brand","embeddable":true,"href":"https:\/\/audioacademyeu.eu\/es\/wp-json\/wp\/v2\/product_brand?post=614"},{"taxonomy":"product_cat","embeddable":true,"href":"https:\/\/audioacademyeu.eu\/es\/wp-json\/wp\/v2\/product_cat?post=614"},{"taxonomy":"product_tag","embeddable":true,"href":"https:\/\/audioacademyeu.eu\/es\/wp-json\/wp\/v2\/product_tag?post=614"}],"curies":[{"name":"wp","href":"https:\/\/api.w.org\/{rel}","templated":true}]}}