
{"id":613,"date":"2025-04-24T07:52:25","date_gmt":"2025-04-24T05:52:25","guid":{"rendered":"https:\/\/audioacademyeu.eu\/es\/?post_type=product&#038;p=613"},"modified":"2025-06-18T20:10:17","modified_gmt":"2025-06-18T18:10:17","slug":"pack-italiano-para-principiantes","status":"publish","type":"product","link":"https:\/\/audioacademyeu.eu\/es\/item\/pack-italiano-para-principiantes\/","title":{"rendered":"Pack \u2013 italiano para principiantes"},"content":{"rendered":"\n<p>El curso Italiano para principiantes A1, A2 est\u00e1 dirigido a principiantes y a \u201cfalsos\u201c principiantes. Si usted empez\u00f3 a aprender italiano hace tiempo y ahora quiere repasar lo b\u00e1sico, este es su curso.<\/p>\n\n\n\n<p>Gracias por su inter\u00e9s en el curso audio <strong>Vacaciones en italiano<\/strong> <strong>A1-B1<\/strong> &#8211; de nivel principiante a pre-intermedio. El curso est\u00e1 dirigido a usuarios principiantes con nociones b\u00e1sicas de italiano enfocado a la pr\u00e1ctica de palabras y frases necesarias en el \u00e1mbito de los viajes y las vacaciones.<\/p>\n\n\n\n<p>El curso Italiano comercial A1-B1 est\u00e1 dirigido a principiantes y usuarios ligeramente avanzados y se centra en el vocabulario que puede utilizar en el trabajo y en los contactos comerciales con clientes y colaboradores extranjeros.<\/p>\n\n\n\n<p><\/p>\n","protected":false},"excerpt":{"rendered":"<p>Pack \u2013 italiano para principiantes &#8211; Vacaciones en italiano A1-B1, Italiano comercial A1-B, Italiano para principiantes A1, A2<\/p>\n","protected":false},"featured_media":583,"comment_status":"open","ping_status":"closed","template":"","meta":{"_acf_changed":true,"inline_featured_image":false,"_sitemap_exclude":false,"_sitemap_priority":"","_sitemap_frequency":""},"product_brand":[],"product_cat":[269,57],"product_tag":[],"class_list":{"0":"post-613","1":"product","2":"type-product","3":"status-publish","4":"has-post-thumbnail","6":"product_cat-italiano-paquete-practico","7":"product_cat-paquete-practico","8":"pa_longitud-268","9":"pa_nivel-de-idiomas-a1","10":"pa_nivel-de-idiomas-a1-a2","11":"pa_nivel-de-idiomas-a2","12":"pa_nivel-de-idiomas-a2-b1","13":"pa_nivel-de-idiomas-b1","14":"pa_nivel-de-idiomas-b1-b2","16":"first","17":"instock","18":"downloadable","19":"virtual","20":"purchasable","21":"product-type-simple"},"acf":[],"_links":{"self":[{"href":"https:\/\/audioacademyeu.eu\/es\/wp-json\/wp\/v2\/product\/613","targetHints":{"allow":["GET"]}}],"collection":[{"href":"https:\/\/audioacademyeu.eu\/es\/wp-json\/wp\/v2\/product"}],"about":[{"href":"https:\/\/audioacademyeu.eu\/es\/wp-json\/wp\/v2\/types\/product"}],"replies":[{"embeddable":true,"href":"https:\/\/audioacademyeu.eu\/es\/wp-json\/wp\/v2\/comments?post=613"}],"wp:featuredmedia":[{"embeddable":true,"href":"https:\/\/audioacademyeu.eu\/es\/wp-json\/wp\/v2\/media\/583"}],"wp:attachment":[{"href":"https:\/\/audioacademyeu.eu\/es\/wp-json\/wp\/v2\/media?parent=613"}],"wp:term":[{"taxonomy":"product_brand","embeddable":true,"href":"https:\/\/audioacademyeu.eu\/es\/wp-json\/wp\/v2\/product_brand?post=613"},{"taxonomy":"product_cat","embeddable":true,"href":"https:\/\/audioacademyeu.eu\/es\/wp-json\/wp\/v2\/product_cat?post=613"},{"taxonomy":"product_tag","embeddable":true,"href":"https:\/\/audioacademyeu.eu\/es\/wp-json\/wp\/v2\/product_tag?post=613"}],"curies":[{"name":"wp","href":"https:\/\/api.w.org\/{rel}","templated":true}]}}