
{"id":606,"date":"2025-04-24T07:28:01","date_gmt":"2025-04-24T05:28:01","guid":{"rendered":"https:\/\/audioacademyeu.eu\/es\/?post_type=product&#038;p=606"},"modified":"2025-04-24T07:28:05","modified_gmt":"2025-04-24T05:28:05","slug":"italiano-para-principiantes-a1-a2","status":"publish","type":"product","link":"https:\/\/audioacademyeu.eu\/es\/item\/italiano-para-principiantes-a1-a2\/","title":{"rendered":"Italiano para principiantes A1, A2"},"content":{"rendered":"\n<p>El curso Italiano para principiantes A1, A2 est\u00e1 dirigido a principiantes y a \u201cfalsos\u201c principiantes. Si usted empez\u00f3 a aprender italiano hace tiempo y ahora quiere repasar lo b\u00e1sico, este es su curso.<\/p>\n\n\n\n<p>El curso se basa en el aprendizaje contextual, lo que significa que no s\u00f3lo aprender\u00e1 palabras, sino tambi\u00e9n frases en las que podr\u00e1 utilizar las palabras aprendidas. En este curso encontrar\u00e1 un total de 2.500 palabras, expresiones&nbsp; y frases de pr\u00e1ctica.<\/p>\n\n\n\n<p>El curso Italiano para principiantes A1, A2 consta de 19 lecciones. Cada lecci\u00f3n trata un tema distinto con un n\u00famero variable de palabras y expresiones relacionadas con el tema. El nivel para principiantes A1-A2 abarca aspectos b\u00e1sicos sobre los&nbsp; viajes, el ocio y la familia, con vocabulario y frases comunes que le ayudar\u00e1n a adquirir una comprensi\u00f3n b\u00e1sica y una comunicaci\u00f3n general con hablantes de italiano.<\/p>\n\n\n\n<p>Hay un manual para este curso disponible en www.audioacademyeu.eu que puede descargar gratuitamente y que har\u00e1 que las actividades de su curso sean mucho m\u00e1s eficaces. En el manual no s\u00f3lo encontrar\u00e1 consejos \u00fatiles para que su aprendizaje sea m\u00e1s eficaz, sino tambi\u00e9n un plan de lecciones para documentar sus progresos, una lista de ejemplos de comprensi\u00f3n oral (por si no entiende algo) y fichas de doble cara para que pueda estudiar y repasar incluso cuando no pueda escuchar. Para los que quieran ponerse a prueba, hay un test de traducci\u00f3n en cada lecci\u00f3n con una clave que contiene las respuestas correctas. Las voces que escuchar\u00e1 pertenecen a Christine Anne Trochut, David Girten, Benjamin Jaquet, &nbsp;Bego\u00f1a Garc\u00eda Ferreira y Pedro Garc\u00eda-Guirao.<\/p>\n\n\n\n<ul class=\"wp-block-list\">\n<li>Lecci\u00f3n 01 &#8211; Mi casa<\/li>\n\n\n\n<li>Lecci\u00f3n 02 &#8211; Viajes<\/li>\n\n\n\n<li>Lecci\u00f3n 03 &#8211; \u00bfQu\u00e9 hora es?<\/li>\n\n\n\n<li>Lecci\u00f3n 04 &#8211; N\u00fameros<\/li>\n\n\n\n<li>Lecci\u00f3n 05 &#8211; Hotel_restaurante<\/li>\n\n\n\n<li>Lecci\u00f3n 06 &#8211; Comida<\/li>\n\n\n\n<li>Lecci\u00f3n 07 &#8211; Comunicaci\u00f3n 01<\/li>\n\n\n\n<li>Lecci\u00f3n 08 &#8211; Comunicaci\u00f3n 02<\/li>\n\n\n\n<li>Lecci\u00f3n 09 &#8211; Ciudad<\/li>\n\n\n\n<li>Lecci\u00f3n 10 &#8211; Compras<\/li>\n\n\n\n<li>Lecci\u00f3n 11 &#8211; Saludos<\/li>\n\n\n\n<li>Lecci\u00f3n 12 &#8211; Trabajo_01<\/li>\n\n\n\n<li>Lecci\u00f3n 13 &#8211; Trabajo_02<\/li>\n\n\n\n<li>Lecci\u00f3n 14 &#8211; Naturaleza<\/li>\n\n\n\n<li>Lecci\u00f3n 15 &#8211; Familia<\/li>\n\n\n\n<li>Lecci\u00f3n 16 &#8211; Comunidad<\/li>\n\n\n\n<li>Lecci\u00f3n 17 &#8211; Caracter\u00edsticas<\/li>\n\n\n\n<li>Lecci\u00f3n 18 &#8211; Ocio y tiempo libre<\/li>\n\n\n\n<li>Lecci\u00f3n 19 &#8211; Frases b\u00e1sicas<\/li>\n<\/ul>\n","protected":false},"excerpt":{"rendered":"<p>El curso Italiano para principiantes A1, A2 est\u00e1 dirigido a principiantes y a \u201cfalsos\u201c principiantes. Si usted empez\u00f3 a aprender italiano hace tiempo y ahora quiere repasar lo b\u00e1sico, este es su curso.<\/p>\n","protected":false},"featured_media":605,"comment_status":"open","ping_status":"closed","template":"","meta":{"_acf_changed":false,"inline_featured_image":false,"_sitemap_exclude":false,"_sitemap_priority":"","_sitemap_frequency":""},"product_brand":[],"product_cat":[22,260],"product_tag":[],"class_list":{"0":"post-606","1":"product","2":"type-product","3":"status-publish","4":"has-post-thumbnail","6":"product_cat-italiano","7":"product_cat-italiano-general","8":"pa_longitud-261","9":"pa_nivel-de-idiomas-a1","10":"pa_nivel-de-idiomas-a1-a2","11":"pa_nivel-de-idiomas-a2","12":"pa_nivel-de-idiomas-a2-b1","14":"first","15":"instock","16":"downloadable","17":"virtual","18":"purchasable","19":"product-type-simple"},"acf":[],"_links":{"self":[{"href":"https:\/\/audioacademyeu.eu\/es\/wp-json\/wp\/v2\/product\/606","targetHints":{"allow":["GET"]}}],"collection":[{"href":"https:\/\/audioacademyeu.eu\/es\/wp-json\/wp\/v2\/product"}],"about":[{"href":"https:\/\/audioacademyeu.eu\/es\/wp-json\/wp\/v2\/types\/product"}],"replies":[{"embeddable":true,"href":"https:\/\/audioacademyeu.eu\/es\/wp-json\/wp\/v2\/comments?post=606"}],"wp:featuredmedia":[{"embeddable":true,"href":"https:\/\/audioacademyeu.eu\/es\/wp-json\/wp\/v2\/media\/605"}],"wp:attachment":[{"href":"https:\/\/audioacademyeu.eu\/es\/wp-json\/wp\/v2\/media?parent=606"}],"wp:term":[{"taxonomy":"product_brand","embeddable":true,"href":"https:\/\/audioacademyeu.eu\/es\/wp-json\/wp\/v2\/product_brand?post=606"},{"taxonomy":"product_cat","embeddable":true,"href":"https:\/\/audioacademyeu.eu\/es\/wp-json\/wp\/v2\/product_cat?post=606"},{"taxonomy":"product_tag","embeddable":true,"href":"https:\/\/audioacademyeu.eu\/es\/wp-json\/wp\/v2\/product_tag?post=606"}],"curies":[{"name":"wp","href":"https:\/\/api.w.org\/{rel}","templated":true}]}}