
{"id":565,"date":"2025-04-23T08:12:29","date_gmt":"2025-04-23T06:12:29","guid":{"rendered":"https:\/\/audioacademyeu.eu\/es\/?post_type=product&#038;p=565"},"modified":"2025-06-18T20:09:04","modified_gmt":"2025-06-18T18:09:04","slug":"pack-maximo-frances","status":"publish","type":"product","link":"https:\/\/audioacademyeu.eu\/es\/item\/pack-maximo-frances\/","title":{"rendered":"Pack \u2013 M\u00e1ximo Franc\u00e9s"},"content":{"rendered":"\n<p>El curso <strong>Franc\u00e9s para principiantes A1, A2<\/strong> est\u00e1 dirigido a principiantes y a \u201cfalsos\u201c principiantes. Si usted empez\u00f3 a aprender franc\u00e9s hace tiempo y ahora quiere repasar lo b\u00e1sico, este es su curso.<\/p>\n\n\n\n<p>El curso <strong>Franc\u00e9s nivel pre-intermedio B1<\/strong> &#8211; parte 01 est\u00e1 dirigido a usuarios de nivel pre- intermedio que ya han estudiado franc\u00e9s anteriormente y dominan las nociones b\u00e1sicas del idioma.<\/p>\n\n\n\n<p>El curso <strong>Franc\u00e9s nivel pre-intermedio B1<\/strong> &#8211; parte 02 est\u00e1 dirigido a usuarios de pre-nivel intermedio que ya han estudiado franc\u00e9s anteriormente y dominan las nociones b\u00e1sicas del idioma.<\/p>\n\n\n\n<p>El curso <strong>Franc\u00e9s &#8211; nivel intermedio B2<\/strong> est\u00e1 dirigido a los usuarios que poseen un dominio suficiente del idioma y que ya pueden comunicarse con cierta fluidez.<\/p>\n","protected":false},"excerpt":{"rendered":"<p>Pack \u2013 M\u00e1ximo Franc\u00e9s &#8211; Franc\u00e9s para principiantes A1, A2, Franc\u00e9s nivel pre-intermedio B1 &#8211; parte 01, part 02, Franc\u00e9s &#8211; nivel intermedio B2<\/p>\n","protected":false},"featured_media":550,"comment_status":"open","ping_status":"closed","template":"","meta":{"_acf_changed":true,"inline_featured_image":false,"_sitemap_exclude":false,"_sitemap_priority":"","_sitemap_frequency":""},"product_brand":[],"product_cat":[255,57],"product_tag":[],"class_list":{"0":"post-565","1":"product","2":"type-product","3":"status-publish","4":"has-post-thumbnail","6":"product_cat-frances-paquete-practico","7":"product_cat-paquete-practico","8":"pa_longitud-257","9":"pa_nivel-de-idiomas-a1","10":"pa_nivel-de-idiomas-a1-a2","11":"pa_nivel-de-idiomas-a2","12":"pa_nivel-de-idiomas-a2-b1","13":"pa_nivel-de-idiomas-b1","14":"pa_nivel-de-idiomas-b1-b2","15":"pa_nivel-de-idiomas-b2","16":"pa_nivel-de-idiomas-b2-c1","17":"pa_nivel-de-idiomas-c1","18":"pa_nivel-de-idiomas-c1-c2","19":"pa_nivel-de-idiomas-c2","21":"first","22":"instock","23":"downloadable","24":"virtual","25":"purchasable","26":"product-type-simple"},"acf":[],"_links":{"self":[{"href":"https:\/\/audioacademyeu.eu\/es\/wp-json\/wp\/v2\/product\/565","targetHints":{"allow":["GET"]}}],"collection":[{"href":"https:\/\/audioacademyeu.eu\/es\/wp-json\/wp\/v2\/product"}],"about":[{"href":"https:\/\/audioacademyeu.eu\/es\/wp-json\/wp\/v2\/types\/product"}],"replies":[{"embeddable":true,"href":"https:\/\/audioacademyeu.eu\/es\/wp-json\/wp\/v2\/comments?post=565"}],"wp:featuredmedia":[{"embeddable":true,"href":"https:\/\/audioacademyeu.eu\/es\/wp-json\/wp\/v2\/media\/550"}],"wp:attachment":[{"href":"https:\/\/audioacademyeu.eu\/es\/wp-json\/wp\/v2\/media?parent=565"}],"wp:term":[{"taxonomy":"product_brand","embeddable":true,"href":"https:\/\/audioacademyeu.eu\/es\/wp-json\/wp\/v2\/product_brand?post=565"},{"taxonomy":"product_cat","embeddable":true,"href":"https:\/\/audioacademyeu.eu\/es\/wp-json\/wp\/v2\/product_cat?post=565"},{"taxonomy":"product_tag","embeddable":true,"href":"https:\/\/audioacademyeu.eu\/es\/wp-json\/wp\/v2\/product_tag?post=565"}],"curies":[{"name":"wp","href":"https:\/\/api.w.org\/{rel}","templated":true}]}}