
{"id":558,"date":"2025-04-23T07:35:18","date_gmt":"2025-04-23T05:35:18","guid":{"rendered":"https:\/\/audioacademyeu.eu\/es\/?post_type=product&#038;p=558"},"modified":"2025-04-23T07:35:21","modified_gmt":"2025-04-23T05:35:21","slug":"frances-nivel-pre-intermedio-b1-parte-02","status":"publish","type":"product","link":"https:\/\/audioacademyeu.eu\/es\/item\/frances-nivel-pre-intermedio-b1-parte-02\/","title":{"rendered":"Franc\u00e9s nivel pre-intermedio B1 &#8211; parte 02"},"content":{"rendered":"\n<p>El curso <strong>Franc\u00e9s nivel pre-intermedio B1<\/strong> &#8211; parte 02 est\u00e1 dirigido a usuarios de pre-nivel intermedio que ya han estudiado franc\u00e9s anteriormente y dominan las nociones b\u00e1sicas del idioma.<\/p>\n\n\n\n<p>El curso se basa en el aprendizaje contextual, lo que significa que no s\u00f3lo aprender\u00e1 palabras, sino que tambi\u00e9n conocer\u00e1 las frases en las que podr\u00e1 utilizarlas. En este curso encontrar\u00e1 2600 palabras, expresiones y frases de pr\u00e1ctica. Debido a su tama\u00f1o, el curso Franc\u00e9s nivel pre-intermedio B1 est\u00e1 dividido en dos partes. Ahora mismo, usted est\u00e1 leyendo la introducci\u00f3n a la segunda parte.&nbsp;<\/p>\n\n\n\n<p>El curso Franc\u00e9s nivel pre-intermedio B1_parte 01 consta de 11 lecciones. Las lecciones individuales est\u00e1n estructuradas por temas y cada una contiene un n\u00famero diferente de palabras y frases. El nivel de lengua B1 es un nivel que se centra en aspectos como el mundo laboral, las caracter\u00edsticas personales y otras actividades. Como ya se han tratado en el anterior curso los \u00e1mbitos relacionados con los viajes, el ocio o la familia, estos temas estar\u00e1n igualmente presentes, pero recibir\u00e1n una menor atenci\u00f3n en este curso.<\/p>\n\n\n\n<p>Hay un manual para este curso disponible en www.audioacademyeu.eu que puede descargar gratuitamente y que har\u00e1 que las actividades de su curso sean mucho m\u00e1s eficaces. En el manual no s\u00f3lo encontrar\u00e1 consejos \u00fatiles para que su aprendizaje sea m\u00e1s eficaz, sino tambi\u00e9n un plan de lecciones para documentar sus progresos, una lista de ejemplos de comprensi\u00f3n oral (por si no entiende algo) y fichas de doble cara para que pueda estudiar y repasar incluso cuando no pueda escuchar. Para los que quieran ponerse a prueba, hay un test de traducci\u00f3n en cada lecci\u00f3n con una clave que contiene las respuestas correctas.<\/p>\n\n\n\n<ul class=\"wp-block-list\">\n<li>Lecci\u00f3n 01 &#8211; compras<\/li>\n\n\n\n<li>Lecci\u00f3n 02 &#8211; trabajo 01<\/li>\n\n\n\n<li>Lecci\u00f3n 03 &#8211; trabajo 02<\/li>\n\n\n\n<li>Lecci\u00f3n 04 &#8211; trabajo 03<\/li>\n\n\n\n<li>Lecci\u00f3n 05 &#8211; familia 01<\/li>\n\n\n\n<li>Lecci\u00f3n 06 &#8211; familia 02<\/li>\n\n\n\n<li>Lecci\u00f3n 07 &#8211; comunidad 01<\/li>\n\n\n\n<li>Lecci\u00f3n 08 &#8211; comunidad 02<\/li>\n\n\n\n<li>Lecci\u00f3n 09 &#8211; Character\u00edsticas 01<\/li>\n\n\n\n<li>Lecci\u00f3n 10 &#8211; Character\u00edsticas 02<\/li>\n\n\n\n<li>Lecci\u00f3n 11 &#8211; Character\u00edsticas 03<\/li>\n<\/ul>\n","protected":false},"excerpt":{"rendered":"<p>El curso <strong>Franc\u00e9s nivel pre-intermedio B1<\/strong> &#8211; parte 02 est\u00e1 dirigido a usuarios de pre-nivel intermedio que ya han estudiado franc\u00e9s anteriormente y dominan las nociones b\u00e1sicas del idioma.<\/p>\n","protected":false},"featured_media":523,"comment_status":"open","ping_status":"closed","template":"","meta":{"_acf_changed":false,"inline_featured_image":false,"_sitemap_exclude":false,"_sitemap_priority":"","_sitemap_frequency":""},"product_brand":[],"product_cat":[21,245],"product_tag":[],"class_list":{"0":"post-558","1":"product","2":"type-product","3":"status-publish","4":"has-post-thumbnail","6":"product_cat-frances","7":"product_cat-frances-general","8":"pa_longitud-249","9":"pa_nivel-de-idiomas-a2-b1","10":"pa_nivel-de-idiomas-b1","11":"pa_nivel-de-idiomas-b1-b2","13":"first","14":"instock","15":"downloadable","16":"virtual","17":"purchasable","18":"product-type-simple"},"acf":[],"_links":{"self":[{"href":"https:\/\/audioacademyeu.eu\/es\/wp-json\/wp\/v2\/product\/558","targetHints":{"allow":["GET"]}}],"collection":[{"href":"https:\/\/audioacademyeu.eu\/es\/wp-json\/wp\/v2\/product"}],"about":[{"href":"https:\/\/audioacademyeu.eu\/es\/wp-json\/wp\/v2\/types\/product"}],"replies":[{"embeddable":true,"href":"https:\/\/audioacademyeu.eu\/es\/wp-json\/wp\/v2\/comments?post=558"}],"wp:featuredmedia":[{"embeddable":true,"href":"https:\/\/audioacademyeu.eu\/es\/wp-json\/wp\/v2\/media\/523"}],"wp:attachment":[{"href":"https:\/\/audioacademyeu.eu\/es\/wp-json\/wp\/v2\/media?parent=558"}],"wp:term":[{"taxonomy":"product_brand","embeddable":true,"href":"https:\/\/audioacademyeu.eu\/es\/wp-json\/wp\/v2\/product_brand?post=558"},{"taxonomy":"product_cat","embeddable":true,"href":"https:\/\/audioacademyeu.eu\/es\/wp-json\/wp\/v2\/product_cat?post=558"},{"taxonomy":"product_tag","embeddable":true,"href":"https:\/\/audioacademyeu.eu\/es\/wp-json\/wp\/v2\/product_tag?post=558"}],"curies":[{"name":"wp","href":"https:\/\/api.w.org\/{rel}","templated":true}]}}