
{"id":554,"date":"2025-04-23T07:04:04","date_gmt":"2025-04-23T05:04:04","guid":{"rendered":"https:\/\/audioacademyeu.eu\/es\/?post_type=product&#038;p=554"},"modified":"2025-04-23T07:08:50","modified_gmt":"2025-04-23T05:08:50","slug":"frances-comercial-a1-b1","status":"publish","type":"product","link":"https:\/\/audioacademyeu.eu\/es\/item\/frances-comercial-a1-b1\/","title":{"rendered":"Franc\u00e9s comercial A1-B1"},"content":{"rendered":"\n<p>El curso <strong>Franc\u00e9s comercial A1-B1<\/strong>est\u00e1 dirigido a principiantes y usuarios ligeramente avanzados y se centra en el vocabulario que puede utilizar en el trabajo y en los contactos comerciales con clientes y colaboradores extranjeros.<\/p>\n\n\n\n<p>El curso se basa en el aprendizaje contextual, lo que significa que no s\u00f3lo aprender\u00e1 palabras, sino tambi\u00e9n frases en las que podr\u00e1 utilizar las palabras aprendidas. En este curso encontrar\u00e1 un total de 1.000 palabras y frases de pr\u00e1ctica.<\/p>\n\n\n\n<p>El curso Franc\u00e9s comercial A1-B1 consta de 7 lecciones. Las lecciones&nbsp; individuales se dividen seg\u00fan los temas espec\u00edficos de actividades, administraci\u00f3n, finanzas, comunicaci\u00f3n, marketing+presentaci\u00f3n, producci\u00f3n y recursos humanos. Cada unidad contiene palabras y frases de ejemplo que le ayudar\u00e1n a comunicarse con contactos comerciales extranjeros. Al mismo tiempo, puede utilizar este curso para refrescar su franc\u00e9s desde el nivel principiante hasta el B1.<\/p>\n\n\n\n<p>Hay un manual para este curso disponible en www.audioacademyeu.eu que puede descargar gratuitamente y que har\u00e1 que las actividades de su curso sean mucho m\u00e1s eficaces. En el manual no s\u00f3lo encontrar\u00e1 consejos \u00fatiles para que su aprendizaje sea m\u00e1s eficaz, sino tambi\u00e9n un plan de lecciones para documentar sus progresos, una lista de ejemplos de comprensi\u00f3n oral (por si no entiende algo) y fichas de doble cara para que pueda estudiar y repasar incluso cuando no pueda escuchar. Para los que quieran ponerse a prueba, hay un test de traducci\u00f3n en cada lecci\u00f3n con una clave que contiene las respuestas correctas. Las voces que escuchar\u00e1 pertenecen a Christine Anne Trochut, David Girten, Benjamin Jaquet, Bego\u00f1a Garc\u00eda Ferreira y Pedro Garc\u00eda-Guirao.<\/p>\n","protected":false},"excerpt":{"rendered":"<p>El curso <strong>Franc\u00e9s comercial A1-B1<\/strong>est\u00e1 dirigido a principiantes y usuarios ligeramente avanzados y se centra en el vocabulario que puede utilizar en el trabajo y en los contactos comerciales con clientes y colaboradores extranjeros.<\/p>\n","protected":false},"featured_media":520,"comment_status":"open","ping_status":"closed","template":"","meta":{"_acf_changed":false,"inline_featured_image":false,"_sitemap_exclude":false,"_sitemap_priority":"","_sitemap_frequency":""},"product_brand":[],"product_cat":[21,244],"product_tag":[],"class_list":{"0":"post-554","1":"product","2":"type-product","3":"status-publish","4":"has-post-thumbnail","6":"product_cat-frances","7":"product_cat-frances-especializado","8":"pa_longitud-246","9":"pa_nivel-de-idiomas-a1","10":"pa_nivel-de-idiomas-a1-a2","11":"pa_nivel-de-idiomas-a2","12":"pa_nivel-de-idiomas-a2-b1","13":"pa_nivel-de-idiomas-b1","14":"pa_nivel-de-idiomas-b1-b2","16":"first","17":"instock","18":"downloadable","19":"virtual","20":"purchasable","21":"product-type-simple"},"acf":[],"_links":{"self":[{"href":"https:\/\/audioacademyeu.eu\/es\/wp-json\/wp\/v2\/product\/554","targetHints":{"allow":["GET"]}}],"collection":[{"href":"https:\/\/audioacademyeu.eu\/es\/wp-json\/wp\/v2\/product"}],"about":[{"href":"https:\/\/audioacademyeu.eu\/es\/wp-json\/wp\/v2\/types\/product"}],"replies":[{"embeddable":true,"href":"https:\/\/audioacademyeu.eu\/es\/wp-json\/wp\/v2\/comments?post=554"}],"wp:featuredmedia":[{"embeddable":true,"href":"https:\/\/audioacademyeu.eu\/es\/wp-json\/wp\/v2\/media\/520"}],"wp:attachment":[{"href":"https:\/\/audioacademyeu.eu\/es\/wp-json\/wp\/v2\/media?parent=554"}],"wp:term":[{"taxonomy":"product_brand","embeddable":true,"href":"https:\/\/audioacademyeu.eu\/es\/wp-json\/wp\/v2\/product_brand?post=554"},{"taxonomy":"product_cat","embeddable":true,"href":"https:\/\/audioacademyeu.eu\/es\/wp-json\/wp\/v2\/product_cat?post=554"},{"taxonomy":"product_tag","embeddable":true,"href":"https:\/\/audioacademyeu.eu\/es\/wp-json\/wp\/v2\/product_tag?post=554"}],"curies":[{"name":"wp","href":"https:\/\/api.w.org\/{rel}","templated":true}]}}