
{"id":512,"date":"2025-04-17T12:26:56","date_gmt":"2025-04-17T10:26:56","guid":{"rendered":"https:\/\/audioacademyeu.eu\/es\/?post_type=product&#038;p=512"},"modified":"2025-06-18T20:06:07","modified_gmt":"2025-06-18T18:06:07","slug":"pack-maximo-aleman","status":"publish","type":"product","link":"https:\/\/audioacademyeu.eu\/es\/item\/pack-maximo-aleman\/","title":{"rendered":"Pack \u2013 M\u00e1ximo alem\u00e1n"},"content":{"rendered":"\n<p>Alem\u00e1n para principiantes A1, A2 &#8211; El curso Alem\u00e1n para principiantes A1, A2 est\u00e1 dirigido a principiantes y a \u201cfalsos\u201c principiantes. Si usted empez\u00f3 a aprender alem\u00e1n hace tiempo y ahora quiere repasar lo b\u00e1sico, este es su curso.<\/p>\n\n\n\n<p>Alem\u00e1n nivel pre-intermedio B1 &#8211; parte 01 &#8211; El curso Alem\u00e1n nivel pre-intermedio B1 parte 01 est\u00e1 dirigido a usuarios de nivel pre- intermedio que ya han estudiado alem\u00e1n anteriormente y dominan las nociones b\u00e1sicas del idioma.<\/p>\n\n\n\n<p>Alem\u00e1n nivel pre-intermedio B1 &#8211; parte 02 &#8211; El curso Alem\u00e1n nivel pre-intermedio B1 &#8211; parte 02 est\u00e1 dirigido a usuarios de pre-nivel intermedio que ya han estudiado alem\u00e1n anteriormente y dominan las nociones b\u00e1sicas del idioma.<\/p>\n\n\n\n<p>Alem\u00e1n &#8211; nivel intermedio B2 &#8211; El curso Alem\u00e1n &#8211; nivel intermedio B2 est\u00e1 dirigido a los usuarios que poseen un dominio suficiente del idioma y que ya pueden comunicarse con cierta fluidez.<\/p>\n","protected":false},"excerpt":{"rendered":"<p>Pack \u2013 M\u00e1ximo alem\u00e1n &#8211; Alem\u00e1n para principiantes A1, A2, Alem\u00e1n nivel pre-intermedio B1 &#8211; parte 01, parte 02, Alem\u00e1n &#8211; nivel intermedio B2<\/p>\n","protected":false},"featured_media":513,"comment_status":"open","ping_status":"closed","template":"","meta":{"_acf_changed":true,"inline_featured_image":false,"_sitemap_exclude":false,"_sitemap_priority":"","_sitemap_frequency":""},"product_brand":[],"product_cat":[239,57],"product_tag":[],"class_list":{"0":"post-512","1":"product","2":"type-product","3":"status-publish","4":"has-post-thumbnail","6":"product_cat-aleman-paquete-practico","7":"product_cat-paquete-practico","8":"pa_longitud-240","9":"pa_nivel-de-idiomas-a1","10":"pa_nivel-de-idiomas-a1-a2","11":"pa_nivel-de-idiomas-a2","12":"pa_nivel-de-idiomas-a2-b1","13":"pa_nivel-de-idiomas-b1","14":"pa_nivel-de-idiomas-b1-b2","15":"pa_nivel-de-idiomas-b2","16":"pa_nivel-de-idiomas-b2-c1","18":"first","19":"instock","20":"downloadable","21":"virtual","22":"purchasable","23":"product-type-simple"},"acf":[],"_links":{"self":[{"href":"https:\/\/audioacademyeu.eu\/es\/wp-json\/wp\/v2\/product\/512","targetHints":{"allow":["GET"]}}],"collection":[{"href":"https:\/\/audioacademyeu.eu\/es\/wp-json\/wp\/v2\/product"}],"about":[{"href":"https:\/\/audioacademyeu.eu\/es\/wp-json\/wp\/v2\/types\/product"}],"replies":[{"embeddable":true,"href":"https:\/\/audioacademyeu.eu\/es\/wp-json\/wp\/v2\/comments?post=512"}],"wp:featuredmedia":[{"embeddable":true,"href":"https:\/\/audioacademyeu.eu\/es\/wp-json\/wp\/v2\/media\/513"}],"wp:attachment":[{"href":"https:\/\/audioacademyeu.eu\/es\/wp-json\/wp\/v2\/media?parent=512"}],"wp:term":[{"taxonomy":"product_brand","embeddable":true,"href":"https:\/\/audioacademyeu.eu\/es\/wp-json\/wp\/v2\/product_brand?post=512"},{"taxonomy":"product_cat","embeddable":true,"href":"https:\/\/audioacademyeu.eu\/es\/wp-json\/wp\/v2\/product_cat?post=512"},{"taxonomy":"product_tag","embeddable":true,"href":"https:\/\/audioacademyeu.eu\/es\/wp-json\/wp\/v2\/product_tag?post=512"}],"curies":[{"name":"wp","href":"https:\/\/api.w.org\/{rel}","templated":true}]}}