
{"id":506,"date":"2025-04-17T07:00:11","date_gmt":"2025-04-17T05:00:11","guid":{"rendered":"https:\/\/audioacademyeu.eu\/es\/?post_type=product&#038;p=506"},"modified":"2025-04-17T07:01:38","modified_gmt":"2025-04-17T05:01:38","slug":"vacaciones-en-aleman-a1-b1","status":"publish","type":"product","link":"https:\/\/audioacademyeu.eu\/es\/item\/vacaciones-en-aleman-a1-b1\/","title":{"rendered":"Vacaciones en alem\u00e1n A1-B1"},"content":{"rendered":"\n<p>El curso Vacaciones en alem\u00e1n A1-B1 est\u00e1 dirigido a usuarios principiantes con nociones b\u00e1sicas de alem\u00e1n enfocado a la pr\u00e1ctica de palabras y frases necesarias en el \u00e1mbito de los viajes y las vacaciones.<\/p>\n\n\n\n<p>El curso se basa en el aprendizaje contextual, lo que significa que no s\u00f3lo aprender\u00e1 palabras, sino tambi\u00e9n frases en las que podr\u00e1 utilizar las palabras aprendidas. En este curso encontrar\u00e1 un total de 1.000 palabras y frases de pr\u00e1ctica.<\/p>\n\n\n\n<p>Este curso consta de 8 lecciones, donde se tratan aspectos relacionados con viajar en coche, viajar en avi\u00f3n, destinos de viaje, en un hotel, en un restaurante, ir de compras y c\u00f3mo comunicarse de modo informal.<\/p>\n\n\n\n<p>Al escuchar este curso, podr\u00e1 combinar lo ameno con lo \u00fatil: refrescar el vocabulario de sus vacaciones y repasar su nivel de alem\u00e1n A1 &#8211; B1 al mismo tiempo.<\/p>\n\n\n\n<p>Hay un manual para este curso disponible en www.audioacademyeu.eu que puede descargar gratuitamente y que har\u00e1 que las actividades de su curso sean mucho m\u00e1s eficaces. En el manual no s\u00f3lo encontrar\u00e1 consejos \u00fatiles para que su aprendizaje sea m\u00e1s eficaz, sino tambi\u00e9n un plan de lecciones para documentar sus progresos, una lista de ejemplos de comprensi\u00f3n oral (por si no entiende algo) y fichas de doble cara para que pueda estudiar y repasar incluso cuando no pueda escuchar. Para los que quieran ponerse a prueba, hay un test de traducci\u00f3n en cada lecci\u00f3n con una clave que contiene las respuestas correctas.<\/p>\n","protected":false},"excerpt":{"rendered":"<p>El curso Vacaciones en alem\u00e1n A1-B1 est\u00e1 dirigido a usuarios principiantes con nociones b\u00e1sicas de alem\u00e1n enfocado a la pr\u00e1ctica de palabras y frases necesarias en el \u00e1mbito de los viajes y las vacaciones.<\/p>\n","protected":false},"featured_media":508,"comment_status":"open","ping_status":"closed","template":"","meta":{"_acf_changed":false,"inline_featured_image":false,"_sitemap_exclude":false,"_sitemap_priority":"","_sitemap_frequency":""},"product_brand":[],"product_cat":[23,55],"product_tag":[],"class_list":{"0":"post-506","1":"product","2":"type-product","3":"status-publish","4":"has-post-thumbnail","6":"product_cat-aleman","7":"product_cat-aleman-especializado","8":"pa_longitud-238","9":"pa_nivel-de-idiomas-a1","10":"pa_nivel-de-idiomas-a1-a2","11":"pa_nivel-de-idiomas-a2","12":"pa_nivel-de-idiomas-a2-b1","13":"pa_nivel-de-idiomas-b1","15":"first","16":"instock","17":"downloadable","18":"virtual","19":"purchasable","20":"product-type-simple"},"acf":[],"_links":{"self":[{"href":"https:\/\/audioacademyeu.eu\/es\/wp-json\/wp\/v2\/product\/506","targetHints":{"allow":["GET"]}}],"collection":[{"href":"https:\/\/audioacademyeu.eu\/es\/wp-json\/wp\/v2\/product"}],"about":[{"href":"https:\/\/audioacademyeu.eu\/es\/wp-json\/wp\/v2\/types\/product"}],"replies":[{"embeddable":true,"href":"https:\/\/audioacademyeu.eu\/es\/wp-json\/wp\/v2\/comments?post=506"}],"wp:featuredmedia":[{"embeddable":true,"href":"https:\/\/audioacademyeu.eu\/es\/wp-json\/wp\/v2\/media\/508"}],"wp:attachment":[{"href":"https:\/\/audioacademyeu.eu\/es\/wp-json\/wp\/v2\/media?parent=506"}],"wp:term":[{"taxonomy":"product_brand","embeddable":true,"href":"https:\/\/audioacademyeu.eu\/es\/wp-json\/wp\/v2\/product_brand?post=506"},{"taxonomy":"product_cat","embeddable":true,"href":"https:\/\/audioacademyeu.eu\/es\/wp-json\/wp\/v2\/product_cat?post=506"},{"taxonomy":"product_tag","embeddable":true,"href":"https:\/\/audioacademyeu.eu\/es\/wp-json\/wp\/v2\/product_tag?post=506"}],"curies":[{"name":"wp","href":"https:\/\/api.w.org\/{rel}","templated":true}]}}