
{"id":501,"date":"2025-04-17T06:57:39","date_gmt":"2025-04-17T04:57:39","guid":{"rendered":"https:\/\/audioacademyeu.eu\/es\/?post_type=product&#038;p=501"},"modified":"2025-04-17T06:57:41","modified_gmt":"2025-04-17T04:57:41","slug":"aleman-nivel-pre-intermedio-b1-parte-02","status":"publish","type":"product","link":"https:\/\/audioacademyeu.eu\/es\/item\/aleman-nivel-pre-intermedio-b1-parte-02\/","title":{"rendered":"Alem\u00e1n nivel pre-intermedio B1 &#8211; parte 02"},"content":{"rendered":"\n<p>El curso Alem\u00e1n nivel pre-intermedio B1 &#8211; parte 02 est\u00e1 dirigido a usuarios de pre-nivel intermedio que ya han estudiado alem\u00e1n anteriormente y dominan las nociones b\u00e1sicas del idioma.<\/p>\n\n\n\n<p>El curso se basa en el aprendizaje contextual, lo que significa que no s\u00f3lo aprender\u00e1 palabras, sino que tambi\u00e9n conocer\u00e1 las frases en las que podr\u00e1 utilizarlas. En este curso encontrar\u00e1 2600 palabras, expresiones y frases de pr\u00e1ctica. Debido a su tama\u00f1o, el curso Alem\u00e1n nivel pre-intermedio B1 est\u00e1 dividido en dos partes. Ahora mismo, usted est\u00e1 leyendo la introducci\u00f3n a la segunda parte.&nbsp;<\/p>\n\n\n\n<p>El curso Alem\u00e1n nivel pre-intermedio B1_parte 01 consta de 11 lecciones. Las lecciones individuales est\u00e1n estructuradas por temas y cada una contiene un n\u00famero diferente de palabras y frases. El nivel de lengua B1 es un nivel que se centra en aspectos como el mundo laboral, las caracter\u00edsticas personales y otras actividades. Como ya se han tratado en el anterior curso los \u00e1mbitos relacionados con los viajes, el ocio o la familia, estos temas estar\u00e1n igualmente presentes, pero recibir\u00e1n una menor atenci\u00f3n en este curso.<\/p>\n\n\n\n<p>Hay un manual para este curso disponible en www.audioacademyeu.eu que puede descargar gratuitamente y que har\u00e1 que las actividades de su curso sean mucho m\u00e1s eficaces. En el manual no s\u00f3lo encontrar\u00e1 consejos \u00fatiles para que su aprendizaje sea m\u00e1s eficaz, sino tambi\u00e9n un plan de lecciones para documentar sus progresos, una lista de ejemplos de comprensi\u00f3n oral (por si no entiende algo) y fichas de doble cara para que pueda estudiar y repasar incluso cuando no pueda escuchar. Para los que quieran ponerse a prueba, hay un test de traducci\u00f3n en cada lecci\u00f3n con una clave que contiene las respuestas correctas.<\/p>\n","protected":false},"excerpt":{"rendered":"<p>El curso Alem\u00e1n nivel pre-intermedio B1 &#8211; parte 02 est\u00e1 dirigido a usuarios de pre-nivel intermedio que ya han estudiado alem\u00e1n anteriormente y dominan las nociones b\u00e1sicas del idioma.<\/p>\n","protected":false},"featured_media":505,"comment_status":"open","ping_status":"closed","template":"","meta":{"_acf_changed":false,"inline_featured_image":false,"_sitemap_exclude":false,"_sitemap_priority":"","_sitemap_frequency":""},"product_brand":[],"product_cat":[23,56],"product_tag":[],"class_list":{"0":"post-501","1":"product","2":"type-product","3":"status-publish","4":"has-post-thumbnail","6":"product_cat-aleman","7":"product_cat-aleman-general","8":"pa_longitud-237","9":"pa_nivel-de-idiomas-a2","10":"pa_nivel-de-idiomas-a2-b1","11":"pa_nivel-de-idiomas-b1","12":"pa_nivel-de-idiomas-b1-b2","14":"first","15":"instock","16":"downloadable","17":"virtual","18":"purchasable","19":"product-type-simple"},"acf":[],"_links":{"self":[{"href":"https:\/\/audioacademyeu.eu\/es\/wp-json\/wp\/v2\/product\/501","targetHints":{"allow":["GET"]}}],"collection":[{"href":"https:\/\/audioacademyeu.eu\/es\/wp-json\/wp\/v2\/product"}],"about":[{"href":"https:\/\/audioacademyeu.eu\/es\/wp-json\/wp\/v2\/types\/product"}],"replies":[{"embeddable":true,"href":"https:\/\/audioacademyeu.eu\/es\/wp-json\/wp\/v2\/comments?post=501"}],"wp:featuredmedia":[{"embeddable":true,"href":"https:\/\/audioacademyeu.eu\/es\/wp-json\/wp\/v2\/media\/505"}],"wp:attachment":[{"href":"https:\/\/audioacademyeu.eu\/es\/wp-json\/wp\/v2\/media?parent=501"}],"wp:term":[{"taxonomy":"product_brand","embeddable":true,"href":"https:\/\/audioacademyeu.eu\/es\/wp-json\/wp\/v2\/product_brand?post=501"},{"taxonomy":"product_cat","embeddable":true,"href":"https:\/\/audioacademyeu.eu\/es\/wp-json\/wp\/v2\/product_cat?post=501"},{"taxonomy":"product_tag","embeddable":true,"href":"https:\/\/audioacademyeu.eu\/es\/wp-json\/wp\/v2\/product_tag?post=501"}],"curies":[{"name":"wp","href":"https:\/\/api.w.org\/{rel}","templated":true}]}}