
{"id":491,"date":"2025-04-17T06:51:04","date_gmt":"2025-04-17T04:51:04","guid":{"rendered":"https:\/\/audioacademyeu.eu\/es\/?post_type=product&#038;p=491"},"modified":"2025-04-17T06:51:06","modified_gmt":"2025-04-17T04:51:06","slug":"aleman-nivel-intermedio-b2","status":"publish","type":"product","link":"https:\/\/audioacademyeu.eu\/es\/item\/aleman-nivel-intermedio-b2\/","title":{"rendered":"Alem\u00e1n &#8211; nivel intermedio B2"},"content":{"rendered":"\n<p>El curso Alem\u00e1n &#8211; nivel intermedio B2 est\u00e1 dirigido a los usuarios que poseen un dominio suficiente del idioma y que ya pueden comunicarse con cierta fluidez.<\/p>\n\n\n\n<p>El curso se basa en el aprendizaje contextual, lo que significa que no s\u00f3lo aprender\u00e1 palabras, sino tambi\u00e9n frases en las que podr\u00e1 utilizar las palabras aprendidas. En este curso encontrar\u00e1 un total de 1.400 palabras, expresiones y frases de pr\u00e1ctica.<\/p>\n\n\n\n<p>El curso <strong>Alem\u00e1n &#8211; nivel intermedio B2<\/strong> consta de 11 lecciones. Las lecciones individuales est\u00e1n estructuradas por temas y cada una contiene un n\u00famero diferente de palabras y frases. El nivel de lengua B2 es un nivel intermedio, por lo que la mayor parte del curso est\u00e1 dedicada a temas como el trabajo, las caracter\u00edsticas personales y las actividades, mientras que los temas de viajes, ocio y familia se tratan en menor medida, puesto que ya se han tratado m\u00e1s en los cursos de nivel inferior. En las dos \u00faltimas unidades tambi\u00e9n encontrar\u00e1 un resumen global de los verbos irregulares.<\/p>\n\n\n\n<p>Hay un manual para este curso disponible en www.audioacademyeu.eu que puede descargar gratuitamente y que har\u00e1 que las actividades de su curso sean mucho m\u00e1s eficaces. En el manual no s\u00f3lo encontrar\u00e1 consejos \u00fatiles para que su aprendizaje sea m\u00e1s eficaz, sino tambi\u00e9n un plan de lecciones para documentar sus progresos, una lista de ejemplos de comprensi\u00f3n oral (por si no entiende algo) y fichas de doble cara para que pueda estudiar y repasar incluso cuando no pueda escuchar. Para los que quieran ponerse a prueba, hay un test de traducci\u00f3n en cada lecci\u00f3n con una clave que contiene las respuestas correctas.<\/p>\n\n\n\n<ul class=\"wp-block-list\">\n<li>Lecci\u00f3n 01 &#8211; Actividades 01<\/li>\n\n\n\n<li>Lecci\u00f3n 02 &#8211; Actividades 02<\/li>\n\n\n\n<li>Lecci\u00f3n 03 &#8211; Viajes<\/li>\n\n\n\n<li>Lecci\u00f3n 04 &#8211; Comunicaci\u00f3n<\/li>\n\n\n\n<li>Lecci\u00f3n 05 &#8211; Trabajo<\/li>\n\n\n\n<li>Lecci\u00f3n 06 &#8211; Comunidad<\/li>\n\n\n\n<li>Lecci\u00f3n 07 &#8211; Cuerpo<\/li>\n\n\n\n<li>Lecci\u00f3n 08 &#8211; Caracter\u00edsticas<\/li>\n\n\n\n<li>Lecci\u00f3n 09 &#8211; Ocio y tiempo libre<\/li>\n\n\n\n<li>Lecci\u00f3n 10 &#8211; verbos irregulares_01<\/li>\n\n\n\n<li>Lecci\u00f3n 11 &#8211; verbos irregulares 02<\/li>\n<\/ul>\n","protected":false},"excerpt":{"rendered":"<p>El curso Alem\u00e1n &#8211; nivel intermedio B2 est\u00e1 dirigido a los usuarios que poseen un dominio suficiente del idioma y que ya pueden comunicarse con cierta fluidez.<\/p>\n","protected":false},"featured_media":495,"comment_status":"open","ping_status":"closed","template":"","meta":{"_acf_changed":false,"inline_featured_image":false,"_sitemap_exclude":false,"_sitemap_priority":"","_sitemap_frequency":""},"product_brand":[],"product_cat":[23,56],"product_tag":[],"class_list":{"0":"post-491","1":"product","2":"type-product","3":"status-publish","4":"has-post-thumbnail","6":"product_cat-aleman","7":"product_cat-aleman-general","8":"pa_longitud-235","9":"pa_nivel-de-idiomas-b1-b2","10":"pa_nivel-de-idiomas-b2","11":"pa_nivel-de-idiomas-b2-c1","12":"pa_nivel-de-idiomas-c1","14":"first","15":"instock","16":"downloadable","17":"virtual","18":"purchasable","19":"product-type-simple"},"acf":[],"_links":{"self":[{"href":"https:\/\/audioacademyeu.eu\/es\/wp-json\/wp\/v2\/product\/491","targetHints":{"allow":["GET"]}}],"collection":[{"href":"https:\/\/audioacademyeu.eu\/es\/wp-json\/wp\/v2\/product"}],"about":[{"href":"https:\/\/audioacademyeu.eu\/es\/wp-json\/wp\/v2\/types\/product"}],"replies":[{"embeddable":true,"href":"https:\/\/audioacademyeu.eu\/es\/wp-json\/wp\/v2\/comments?post=491"}],"wp:featuredmedia":[{"embeddable":true,"href":"https:\/\/audioacademyeu.eu\/es\/wp-json\/wp\/v2\/media\/495"}],"wp:attachment":[{"href":"https:\/\/audioacademyeu.eu\/es\/wp-json\/wp\/v2\/media?parent=491"}],"wp:term":[{"taxonomy":"product_brand","embeddable":true,"href":"https:\/\/audioacademyeu.eu\/es\/wp-json\/wp\/v2\/product_brand?post=491"},{"taxonomy":"product_cat","embeddable":true,"href":"https:\/\/audioacademyeu.eu\/es\/wp-json\/wp\/v2\/product_cat?post=491"},{"taxonomy":"product_tag","embeddable":true,"href":"https:\/\/audioacademyeu.eu\/es\/wp-json\/wp\/v2\/product_tag?post=491"}],"curies":[{"name":"wp","href":"https:\/\/api.w.org\/{rel}","templated":true}]}}